{"id":804710,"date":"2025-06-17T21:57:43","date_gmt":"2025-06-17T18:57:43","guid":{"rendered":"https:\/\/nextsnkr.com\/product\/nike-air-max-270-react-travis-scott\/"},"modified":"2026-02-02T15:43:32","modified_gmt":"2026-02-02T12:43:32","slug":"nike-air-max-270-react-travis-scott","status":"publish","type":"product","link":"https:\/\/nextsnkr.com\/lv\/product\/nike-air-max-270-react-travis-scott\/","title":{"rendered":"Nike Air Max 270 React Travis Scott zam\u0161\u0101das \/ tekstils"},"content":{"rendered":"<h2>Nike Air Max 270 React Travis Scott zam\u0161\u0101das \/ tekstils<\/h2>\n<p>&nbsp;<\/p>\n<p>Nike Air Max 270 React &#8220;Travis Scott&#8221; \u010d\u012bbas ir stil\u012bgi un \u0113rti apavi ikdienas valk\u0101\u0161anai un akt\u012bvai pils\u0113tas dz\u012bvei. Izgatavoti no dab\u012bgas zam\u0161\u0101das ar \u0101das un tekstila ielikt\u0146iem, tie nodro\u0161ina \u0113rtu piem\u0113rot\u012bbu, iztur\u012bbu un p\u0113das ventil\u0101ciju. Gaisa kameras putu zole un nodilumiztur\u012bga gumijas pamatne garant\u0113 triecienu absorbciju un stabilit\u0101ti uz jebkuras virsmas. Nike modelim ir augst\u0101k\u0101s kvalit\u0101tes dizains, m\u016bsdien\u012bgs izskats un praktiskums pastaig\u0101m un sportam.<\/p>\n","protected":false},"excerpt":{"rendered":"<p>Nike Air Max 270 React &#8220;Travis Scott&#8221; \u010d\u012bbas ir stil\u012bgi un \u0113rti apavi ikdienas valk\u0101\u0161anai un akt\u012bvai pils\u0113tas dz\u012bvei. Izgatavoti no dab\u012bgas zam\u0161\u0101das ar \u0101das un tekstila ielikt\u0146iem, tie nodro\u0161ina \u0113rtu piem\u0113rot\u012bbu, iztur\u012bbu un p\u0113das ventil\u0101ciju. Gaisa kameras putu zole un nodilumiztur\u012bga gumijas pamatne garant\u0113 triecienu absorbciju un stabilit\u0101ti uz jebkuras virsmas. Nike modelim ir augst\u0101k\u0101s kvalit\u0101tes dizains, m\u016bsdien\u012bgs izskats un praktiskums pastaig\u0101m un sportam.<\/p>\n","protected":false},"featured_media":804711,"comment_status":"open","ping_status":"open","template":"","meta":[],"product_brand":[],"product_cat":[3251,3252],"product_tag":[],"class_list":{"0":"post-804710","1":"product","2":"type-product","3":"status-publish","4":"has-post-thumbnail","6":"product_cat-all-product","7":"product_cat-krosivky","8":"pa_rozmir-910","9":"pa_rozmir-912","10":"pa_rozmir-914","11":"pa_rozmir-915","12":"pa_rozmir-916","13":"pa_rozmir-917","14":"pa_rozmir-918","15":"pa_rozmir-919","16":"pa_rozmir-920","17":"pa_rozmir-921","18":"pa_rozmir-922","20":"first","21":"onbackorder","22":"purchasable","23":"product-type-variable"},"_links":{"self":[{"href":"https:\/\/nextsnkr.com\/lv\/wp-json\/wp\/v2\/product\/804710","targetHints":{"allow":["GET"]}}],"collection":[{"href":"https:\/\/nextsnkr.com\/lv\/wp-json\/wp\/v2\/product"}],"about":[{"href":"https:\/\/nextsnkr.com\/lv\/wp-json\/wp\/v2\/types\/product"}],"replies":[{"embeddable":true,"href":"https:\/\/nextsnkr.com\/lv\/wp-json\/wp\/v2\/comments?post=804710"}],"version-history":[{"count":0,"href":"https:\/\/nextsnkr.com\/lv\/wp-json\/wp\/v2\/product\/804710\/revisions"}],"wp:featuredmedia":[{"embeddable":true,"href":"https:\/\/nextsnkr.com\/lv\/wp-json\/wp\/v2\/media\/804711"}],"wp:attachment":[{"href":"https:\/\/nextsnkr.com\/lv\/wp-json\/wp\/v2\/media?parent=804710"}],"wp:term":[{"taxonomy":"product_brand","embeddable":true,"href":"https:\/\/nextsnkr.com\/lv\/wp-json\/wp\/v2\/product_brand?post=804710"},{"taxonomy":"product_cat","embeddable":true,"href":"https:\/\/nextsnkr.com\/lv\/wp-json\/wp\/v2\/product_cat?post=804710"},{"taxonomy":"product_tag","embeddable":true,"href":"https:\/\/nextsnkr.com\/lv\/wp-json\/wp\/v2\/product_tag?post=804710"}],"curies":[{"name":"wp","href":"https:\/\/api.w.org\/{rel}","templated":true}]}}