{"id":803351,"date":"2025-06-17T22:01:07","date_gmt":"2025-06-17T19:01:07","guid":{"rendered":"https:\/\/nextsnkr.com\/product\/nike-travis-scott-x-air-max-270-react-eng-cactus-trails\/"},"modified":"2026-02-02T15:42:46","modified_gmt":"2026-02-02T12:42:46","slug":"nike-travis-scott-x-air-max-270-react-eng-cactus-trails","status":"publish","type":"product","link":"https:\/\/nextsnkr.com\/lv\/product\/nike-travis-scott-x-air-max-270-react-eng-cactus-trails\/","title":{"rendered":"\u041a\u0440\u043e\u0441\u0456\u0432\u043a\u0438 Nike Scott Travis x Air Max 270 Rea\u0123\u0113t ENG &#8220;Kaktuss Takas&#8221;"},"content":{"rendered":"<h2>\u041a\u0440\u043e\u0441\u0456\u0432\u043a\u0438 Nike Scott Travis x Air Max 270 Rea\u0123\u0113t ENG &#8220;Kaktuss Takas&#8221;<\/h2>\n<p>&nbsp;<\/p>\n<p>Nike Travis Scott X Air Max 270 React ENG &#8220;Cactus Trails&#8221; kedas apvieno stilu un komfortu akt\u012bvam dz\u012bvesveidam. Izgatavoti no dab\u012bgas zam\u0161\u0101das, \u0101das un tekstilizstr\u0101d\u0101jumiem, tie nodro\u0161ina iztur\u012bbu un elpojam\u012bbu. Vieglas zoles putas un gaisa kamera iek\u0161pus\u0113 garant\u0113 p\u0113das amortiz\u0101ciju un atbalstu pastaigu vai sporta laik\u0101. Unik\u0101l\u0101s Travis Scott sadarb\u012bbas dizains padara modeli modernu un \u0101\u0137\u012bgu, ide\u0101li piem\u0113rotu ikdienas valk\u0101\u0161anai.<\/p>\n","protected":false},"excerpt":{"rendered":"<p>Nike Travis Scott X Air Max 270 React ENG &#8220;Cactus Trails&#8221; kedas apvieno stilu un komfortu akt\u012bvam dz\u012bvesveidam. Izgatavoti no dab\u012bgas zam\u0161\u0101das, \u0101das un tekstilizstr\u0101d\u0101jumiem, tie nodro\u0161ina iztur\u012bbu un elpojam\u012bbu. Vieglas zoles putas un gaisa kamera iek\u0161pus\u0113 garant\u0113 p\u0113das amortiz\u0101ciju un atbalstu pastaigu vai sporta laik\u0101. Unik\u0101l\u0101s Travis Scott sadarb\u012bbas dizains padara modeli modernu un \u0101\u0137\u012bgu, ide\u0101li piem\u0113rotu ikdienas valk\u0101\u0161anai.<\/p>\n","protected":false},"featured_media":803352,"comment_status":"open","ping_status":"open","template":"","meta":[],"product_brand":[],"product_cat":[3251,3252],"product_tag":[],"class_list":{"0":"post-803351","1":"product","2":"type-product","3":"status-publish","4":"has-post-thumbnail","6":"product_cat-all-product","7":"product_cat-krosivky","8":"pa_rozmir-910","9":"pa_rozmir-912","10":"pa_rozmir-914","11":"pa_rozmir-915","12":"pa_rozmir-916","13":"pa_rozmir-917","14":"pa_rozmir-918","15":"pa_rozmir-919","16":"pa_rozmir-920","17":"pa_rozmir-921","18":"pa_rozmir-922","20":"first","21":"onbackorder","22":"purchasable","23":"product-type-variable"},"_links":{"self":[{"href":"https:\/\/nextsnkr.com\/lv\/wp-json\/wp\/v2\/product\/803351","targetHints":{"allow":["GET"]}}],"collection":[{"href":"https:\/\/nextsnkr.com\/lv\/wp-json\/wp\/v2\/product"}],"about":[{"href":"https:\/\/nextsnkr.com\/lv\/wp-json\/wp\/v2\/types\/product"}],"replies":[{"embeddable":true,"href":"https:\/\/nextsnkr.com\/lv\/wp-json\/wp\/v2\/comments?post=803351"}],"version-history":[{"count":0,"href":"https:\/\/nextsnkr.com\/lv\/wp-json\/wp\/v2\/product\/803351\/revisions"}],"wp:featuredmedia":[{"embeddable":true,"href":"https:\/\/nextsnkr.com\/lv\/wp-json\/wp\/v2\/media\/803352"}],"wp:attachment":[{"href":"https:\/\/nextsnkr.com\/lv\/wp-json\/wp\/v2\/media?parent=803351"}],"wp:term":[{"taxonomy":"product_brand","embeddable":true,"href":"https:\/\/nextsnkr.com\/lv\/wp-json\/wp\/v2\/product_brand?post=803351"},{"taxonomy":"product_cat","embeddable":true,"href":"https:\/\/nextsnkr.com\/lv\/wp-json\/wp\/v2\/product_cat?post=803351"},{"taxonomy":"product_tag","embeddable":true,"href":"https:\/\/nextsnkr.com\/lv\/wp-json\/wp\/v2\/product_tag?post=803351"}],"curies":[{"name":"wp","href":"https:\/\/api.w.org\/{rel}","templated":true}]}}