{"id":800944,"date":"2025-06-17T22:36:43","date_gmt":"2025-06-17T19:36:43","guid":{"rendered":"https:\/\/nextsnkr.com\/product\/nike-air-max-plus-light-bone-olive\/"},"modified":"2026-02-02T15:41:17","modified_gmt":"2026-02-02T12:41:17","slug":"nike-air-max-plus-light-bone-olive","status":"publish","type":"product","link":"https:\/\/nextsnkr.com\/lv\/product\/nike-air-max-plus-light-bone-olive\/","title":{"rendered":"Nike Air Max Plus Light Bone Olive \u0101das \/ tekstila \u010d\u012bbas"},"content":{"rendered":"<h2>Nike Air Max Plus Light Bone Olive \u0101das \/ tekstila \u010d\u012bbas<\/h2>\n<p>&nbsp;<\/p>\n<p>Stil\u012bgais Nike Air Max Plus Light Bone Olive apvieno iztur\u012bgu \u0101du un elpojo\u0161us tekstilizstr\u0101d\u0101jumus, nodro\u0161inot komfortu un triecienu absorbciju visas dienas garum\u0101. \u0160\u012bs Nike firmas kedas ir lieliski piem\u0113rotas ikdienas valk\u0101\u0161anai, sportisk\u0101m pastaig\u0101m un akt\u012bvam dz\u012bvesveidam, uzsverot individu\u0101lo stilu un laika p\u0101rbaud\u012bto kvalit\u0101ti.<\/p>\n","protected":false},"excerpt":{"rendered":"<p>Stil\u012bgais Nike Air Max Plus Light Bone Olive apvieno iztur\u012bgu \u0101du un elpojo\u0161us tekstilizstr\u0101d\u0101jumus, nodro\u0161inot komfortu un triecienu absorbciju visas dienas garum\u0101. \u0160\u012bs Nike firmas kedas ir lieliski piem\u0113rotas ikdienas valk\u0101\u0161anai, sportisk\u0101m pastaig\u0101m un akt\u012bvam dz\u012bvesveidam, uzsverot individu\u0101lo stilu un laika p\u0101rbaud\u012bto kvalit\u0101ti.<\/p>\n","protected":false},"featured_media":800946,"comment_status":"open","ping_status":"open","template":"","meta":[],"product_brand":[],"product_cat":[3251,3252],"product_tag":[],"class_list":{"0":"post-800944","1":"product","2":"type-product","3":"status-publish","4":"has-post-thumbnail","6":"product_cat-all-product","7":"product_cat-krosivky","8":"pa_rozmir-910","9":"pa_rozmir-912","10":"pa_rozmir-914","11":"pa_rozmir-915","12":"pa_rozmir-916","13":"pa_rozmir-917","14":"pa_rozmir-918","15":"pa_rozmir-919","16":"pa_rozmir-920","17":"pa_rozmir-921","18":"pa_rozmir-922","20":"first","21":"onbackorder","22":"purchasable","23":"product-type-variable"},"_links":{"self":[{"href":"https:\/\/nextsnkr.com\/lv\/wp-json\/wp\/v2\/product\/800944","targetHints":{"allow":["GET"]}}],"collection":[{"href":"https:\/\/nextsnkr.com\/lv\/wp-json\/wp\/v2\/product"}],"about":[{"href":"https:\/\/nextsnkr.com\/lv\/wp-json\/wp\/v2\/types\/product"}],"replies":[{"embeddable":true,"href":"https:\/\/nextsnkr.com\/lv\/wp-json\/wp\/v2\/comments?post=800944"}],"version-history":[{"count":0,"href":"https:\/\/nextsnkr.com\/lv\/wp-json\/wp\/v2\/product\/800944\/revisions"}],"wp:featuredmedia":[{"embeddable":true,"href":"https:\/\/nextsnkr.com\/lv\/wp-json\/wp\/v2\/media\/800946"}],"wp:attachment":[{"href":"https:\/\/nextsnkr.com\/lv\/wp-json\/wp\/v2\/media?parent=800944"}],"wp:term":[{"taxonomy":"product_brand","embeddable":true,"href":"https:\/\/nextsnkr.com\/lv\/wp-json\/wp\/v2\/product_brand?post=800944"},{"taxonomy":"product_cat","embeddable":true,"href":"https:\/\/nextsnkr.com\/lv\/wp-json\/wp\/v2\/product_cat?post=800944"},{"taxonomy":"product_tag","embeddable":true,"href":"https:\/\/nextsnkr.com\/lv\/wp-json\/wp\/v2\/product_tag?post=800944"}],"curies":[{"name":"wp","href":"https:\/\/api.w.org\/{rel}","templated":true}]}}