{"id":798588,"date":"2025-06-17T22:42:44","date_gmt":"2025-06-17T19:42:44","guid":{"rendered":"https:\/\/nextsnkr.com\/product\/nike-air-max-plus-black-volt\/"},"modified":"2026-02-02T15:39:49","modified_gmt":"2026-02-02T12:39:49","slug":"nike-air-max-plus-black-volt","status":"publish","type":"product","link":"https:\/\/nextsnkr.com\/lv\/product\/nike-air-max-plus-black-volt\/","title":{"rendered":"Nike Air Max Plus Black \/ Volt \u010d\u012bbas-\u0101das un tekstila, stil\u012bgas"},"content":{"rendered":"<h2>Nike Air Max Plus Black \/ Volt \u010d\u012bbas-\u0101das un tekstila, stil\u012bgas<\/h2>\n<p>&nbsp;<\/p>\n<p>Nike Air Max Plus Black \/ Volt \u010d\u012bbas apvieno \u0101du un tekstilizstr\u0101d\u0101jumus, lai nodro\u0161in\u0101tu maksim\u0101lu iztur\u012bbu un komfortu. Le\u0123end\u0101r\u0101 Air Max amortiz\u0101cijas zole nodro\u0161ina \u0113rt\u012bbas gar\u0101s pastaig\u0101s un akt\u012bv\u0101 dz\u012bvesveid\u0101. Melna kr\u0101sa ar spilgtiem Volt akcentiem rada stil\u012bgu izskatu un izce\u013c person\u012bbu. Ide\u0101la izv\u0113le Nike z\u012bmola pazin\u0113jiem, kuri nov\u0113rt\u0113 izcilu kvalit\u0101ti un modernu dizainu.<\/p>\n","protected":false},"excerpt":{"rendered":"<p>Nike Air Max Plus Black \/ Volt \u010d\u012bbas apvieno \u0101du un tekstilizstr\u0101d\u0101jumus, lai nodro\u0161in\u0101tu maksim\u0101lu iztur\u012bbu un komfortu. Le\u0123end\u0101r\u0101 Air Max amortiz\u0101cijas zole nodro\u0161ina \u0113rt\u012bbas gar\u0101s pastaig\u0101s un akt\u012bv\u0101 dz\u012bvesveid\u0101. Melna kr\u0101sa ar spilgtiem Volt akcentiem rada stil\u012bgu izskatu un izce\u013c person\u012bbu. Ide\u0101la izv\u0113le Nike z\u012bmola pazin\u0113jiem, kuri nov\u0113rt\u0113 izcilu kvalit\u0101ti un modernu dizainu.<\/p>\n","protected":false},"featured_media":798589,"comment_status":"open","ping_status":"open","template":"","meta":[],"product_brand":[],"product_cat":[3251,3252],"product_tag":[],"class_list":{"0":"post-798588","1":"product","2":"type-product","3":"status-publish","4":"has-post-thumbnail","6":"product_cat-all-product","7":"product_cat-krosivky","8":"pa_rozmir-910","9":"pa_rozmir-912","10":"pa_rozmir-914","11":"pa_rozmir-915","12":"pa_rozmir-916","13":"pa_rozmir-917","14":"pa_rozmir-918","15":"pa_rozmir-919","16":"pa_rozmir-920","17":"pa_rozmir-921","18":"pa_rozmir-922","20":"first","21":"onbackorder","22":"purchasable","23":"product-type-variable"},"_links":{"self":[{"href":"https:\/\/nextsnkr.com\/lv\/wp-json\/wp\/v2\/product\/798588","targetHints":{"allow":["GET"]}}],"collection":[{"href":"https:\/\/nextsnkr.com\/lv\/wp-json\/wp\/v2\/product"}],"about":[{"href":"https:\/\/nextsnkr.com\/lv\/wp-json\/wp\/v2\/types\/product"}],"replies":[{"embeddable":true,"href":"https:\/\/nextsnkr.com\/lv\/wp-json\/wp\/v2\/comments?post=798588"}],"version-history":[{"count":0,"href":"https:\/\/nextsnkr.com\/lv\/wp-json\/wp\/v2\/product\/798588\/revisions"}],"wp:featuredmedia":[{"embeddable":true,"href":"https:\/\/nextsnkr.com\/lv\/wp-json\/wp\/v2\/media\/798589"}],"wp:attachment":[{"href":"https:\/\/nextsnkr.com\/lv\/wp-json\/wp\/v2\/media?parent=798588"}],"wp:term":[{"taxonomy":"product_brand","embeddable":true,"href":"https:\/\/nextsnkr.com\/lv\/wp-json\/wp\/v2\/product_brand?post=798588"},{"taxonomy":"product_cat","embeddable":true,"href":"https:\/\/nextsnkr.com\/lv\/wp-json\/wp\/v2\/product_cat?post=798588"},{"taxonomy":"product_tag","embeddable":true,"href":"https:\/\/nextsnkr.com\/lv\/wp-json\/wp\/v2\/product_tag?post=798588"}],"curies":[{"name":"wp","href":"https:\/\/api.w.org\/{rel}","templated":true}]}}