{"id":796573,"date":"2025-06-17T22:47:49","date_gmt":"2025-06-17T19:47:49","guid":{"rendered":"https:\/\/nextsnkr.com\/product\/champion-black\/"},"modified":"2026-02-02T15:38:24","modified_gmt":"2026-02-02T12:38:24","slug":"champion-black","status":"publish","type":"product","link":"https:\/\/nextsnkr.com\/lv\/product\/champion-black\/","title":{"rendered":"Cepure CHAMPION Black-akrila univers\u0101l\u0101 ar apjom\u012bgu iz\u0161uvumu"},"content":{"rendered":"<h2>Cepure CHAMPION Black-akrila univers\u0101l\u0101 ar apjom\u012bgu iz\u0161uvumu<\/h2>\n<p>&nbsp;<\/p>\n<p>CHAMPION Black cepure ir izgatavota no m\u012bksta akrila, kas nodro\u0161ina siltumu un komfortu aukstaj\u0101 sezon\u0101. Univers\u0101lais izm\u0113rs ir piem\u0113rots liel\u0101kajai da\u013cai, un z\u012bmola apjom\u012bgie iz\u0161uvumi pie\u0161\u0137ir stil\u012bgu akcentu un izce\u013c sportisko stilu. Viegls un \u0113rts dizains \u013cauj katru dienu valk\u0101t cepuri, un kop\u0161ana ir vienk\u0101r\u0161a-mazg\u0101\u0161ana 30 gr\u0101du temperat\u016br\u0101. Ide\u0101la izv\u0113le tiem, kas nov\u0113rt\u0113 \u010dempionu z\u012bmolu, materi\u0101lu kvalit\u0101ti un modernu dizainu.<\/p>\n","protected":false},"excerpt":{"rendered":"<p>CHAMPION Black cepure ir izgatavota no m\u012bksta akrila, kas nodro\u0161ina siltumu un komfortu aukstaj\u0101 sezon\u0101. Univers\u0101lais izm\u0113rs ir piem\u0113rots liel\u0101kajai da\u013cai, un z\u012bmola apjom\u012bgie iz\u0161uvumi pie\u0161\u0137ir stil\u012bgu akcentu un izce\u013c sportisko stilu. Viegls un \u0113rts dizains \u013cauj katru dienu valk\u0101t cepuri, un kop\u0161ana ir vienk\u0101r\u0161a-mazg\u0101\u0161ana 30 gr\u0101du temperat\u016br\u0101. Ide\u0101la izv\u0113le tiem, kas nov\u0113rt\u0113 \u010dempionu z\u012bmolu, materi\u0101lu kvalit\u0101ti un modernu dizainu.<\/p>\n","protected":false},"featured_media":796576,"comment_status":"open","ping_status":"open","template":"","meta":[],"product_brand":[],"product_cat":[3251,4452],"product_tag":[],"class_list":{"0":"post-796573","1":"product","2":"type-product","3":"status-publish","4":"has-post-thumbnail","6":"product_cat-all-product","7":"product_cat-shapky","8":"pa_rozmir-one-size","10":"first","11":"instock","12":"purchasable","13":"product-type-simple"},"_links":{"self":[{"href":"https:\/\/nextsnkr.com\/lv\/wp-json\/wp\/v2\/product\/796573","targetHints":{"allow":["GET"]}}],"collection":[{"href":"https:\/\/nextsnkr.com\/lv\/wp-json\/wp\/v2\/product"}],"about":[{"href":"https:\/\/nextsnkr.com\/lv\/wp-json\/wp\/v2\/types\/product"}],"replies":[{"embeddable":true,"href":"https:\/\/nextsnkr.com\/lv\/wp-json\/wp\/v2\/comments?post=796573"}],"version-history":[{"count":0,"href":"https:\/\/nextsnkr.com\/lv\/wp-json\/wp\/v2\/product\/796573\/revisions"}],"wp:featuredmedia":[{"embeddable":true,"href":"https:\/\/nextsnkr.com\/lv\/wp-json\/wp\/v2\/media\/796576"}],"wp:attachment":[{"href":"https:\/\/nextsnkr.com\/lv\/wp-json\/wp\/v2\/media?parent=796573"}],"wp:term":[{"taxonomy":"product_brand","embeddable":true,"href":"https:\/\/nextsnkr.com\/lv\/wp-json\/wp\/v2\/product_brand?post=796573"},{"taxonomy":"product_cat","embeddable":true,"href":"https:\/\/nextsnkr.com\/lv\/wp-json\/wp\/v2\/product_cat?post=796573"},{"taxonomy":"product_tag","embeddable":true,"href":"https:\/\/nextsnkr.com\/lv\/wp-json\/wp\/v2\/product_tag?post=796573"}],"curies":[{"name":"wp","href":"https:\/\/api.w.org\/{rel}","templated":true}]}}