{"id":795795,"date":"2025-06-17T22:48:32","date_gmt":"2025-06-17T19:48:32","guid":{"rendered":"https:\/\/nextsnkr.com\/product\/carhartt-red\/"},"modified":"2026-02-02T15:37:43","modified_gmt":"2026-02-02T12:37:43","slug":"carhartt-red","status":"publish","type":"product","link":"https:\/\/nextsnkr.com\/lv\/product\/carhartt-red\/","title":{"rendered":"CARHARTT Red cepure-akrils, univers\u0101ls izm\u0113rs, stil\u012bgs"},"content":{"rendered":"<h2>CARHARTT Red cepure-akrils, univers\u0101ls izm\u0113rs, stil\u012bgs<\/h2>\n<p>&nbsp;<\/p>\n<p>CARHARTT Red cepure ir izgatavota no augstas kvalit\u0101tes akrila, kas nodro\u0161ina siltumu un komfortu aukst\u0101 laik\u0101. Univers\u0101la izm\u0113ra modelis ir piem\u0113rots jebkurai galvai, un lielgabar\u012bta iz\u0161uvumi pie\u0161\u0137ir j\u016bsu izskatam stil\u012bgu akcentu. viegli kopjams-mazg\u0101jams 30\u00b0C temperat\u016br\u0101. ide\u0101la izv\u0113le ikdienas valk\u0101\u0161anai, pastaig\u0101m un \u0101ra aktivit\u0101t\u0113m, apvieno z\u012bmola kvalit\u0101ti un m\u016bsdien\u012bgu dizainu.<\/p>\n","protected":false},"excerpt":{"rendered":"<p>CARHARTT Red cepure ir izgatavota no augstas kvalit\u0101tes akrila, kas nodro\u0161ina siltumu un komfortu aukst\u0101 laik\u0101. Univers\u0101la izm\u0113ra modelis ir piem\u0113rots jebkurai galvai, un lielgabar\u012bta iz\u0161uvumi pie\u0161\u0137ir j\u016bsu izskatam stil\u012bgu akcentu. viegli kopjams-mazg\u0101jams 30\u00b0C temperat\u016br\u0101. ide\u0101la izv\u0113le ikdienas valk\u0101\u0161anai, pastaig\u0101m un \u0101ra aktivit\u0101t\u0113m, apvieno z\u012bmola kvalit\u0101ti un m\u016bsdien\u012bgu dizainu.<\/p>\n","protected":false},"featured_media":795796,"comment_status":"open","ping_status":"open","template":"","meta":[],"product_brand":[],"product_cat":[3251,4452],"product_tag":[],"class_list":{"0":"post-795795","1":"product","2":"type-product","3":"status-publish","4":"has-post-thumbnail","6":"product_cat-all-product","7":"product_cat-shapky","8":"pa_rozmir-one-size","10":"first","11":"instock","12":"purchasable","13":"product-type-simple"},"_links":{"self":[{"href":"https:\/\/nextsnkr.com\/lv\/wp-json\/wp\/v2\/product\/795795","targetHints":{"allow":["GET"]}}],"collection":[{"href":"https:\/\/nextsnkr.com\/lv\/wp-json\/wp\/v2\/product"}],"about":[{"href":"https:\/\/nextsnkr.com\/lv\/wp-json\/wp\/v2\/types\/product"}],"replies":[{"embeddable":true,"href":"https:\/\/nextsnkr.com\/lv\/wp-json\/wp\/v2\/comments?post=795795"}],"version-history":[{"count":0,"href":"https:\/\/nextsnkr.com\/lv\/wp-json\/wp\/v2\/product\/795795\/revisions"}],"wp:featuredmedia":[{"embeddable":true,"href":"https:\/\/nextsnkr.com\/lv\/wp-json\/wp\/v2\/media\/795796"}],"wp:attachment":[{"href":"https:\/\/nextsnkr.com\/lv\/wp-json\/wp\/v2\/media?parent=795795"}],"wp:term":[{"taxonomy":"product_brand","embeddable":true,"href":"https:\/\/nextsnkr.com\/lv\/wp-json\/wp\/v2\/product_brand?post=795795"},{"taxonomy":"product_cat","embeddable":true,"href":"https:\/\/nextsnkr.com\/lv\/wp-json\/wp\/v2\/product_cat?post=795795"},{"taxonomy":"product_tag","embeddable":true,"href":"https:\/\/nextsnkr.com\/lv\/wp-json\/wp\/v2\/product_tag?post=795795"}],"curies":[{"name":"wp","href":"https:\/\/api.w.org\/{rel}","templated":true}]}}