{"id":795729,"date":"2025-06-13T10:06:24","date_gmt":"2025-06-13T07:06:24","guid":{"rendered":"https:\/\/nextsnkr.com\/product\/3-xl-black\/"},"modified":"2026-02-02T15:37:47","modified_gmt":"2026-02-02T12:37:47","slug":"3-xl-black","status":"publish","type":"product","link":"https:\/\/nextsnkr.com\/lv\/product\/3-xl-black\/","title":{"rendered":"\u010c\u012bbas 3 XL melnas \u0101das melnas"},"content":{"rendered":"<h2>\u010c\u012bbas 3 XL melnas \u0101das melnas<\/h2>\n<p>&nbsp;<\/p>\n<p>3 XL black \u010d\u012bbas ir izgatavotas no augstas kvalit\u0101tes \u012astas \u0101das, kas nodro\u0161ina iztur\u012bbu, stil\u012bgu izskatu un ilgu valk\u0101\u0161anas laiku. Klasiskais melnais dizains padara modeli daudzpus\u012bgu un vieglu, ja to apvieno ar jebkuru dr\u0113bju skapi. \u0112rta zole garant\u0113 komfortu ikdienas pastaig\u0101s un akt\u012bvu dz\u012bves ritmu. Ide\u0101la izv\u0113le tiem, kas mekl\u0113 uzticamas, praktiskas un stil\u012bgas \u0101das kedas. Ra\u017eot\u0101js: \u0136\u012bna. SKU: 165-700269<\/p>\n","protected":false},"excerpt":{"rendered":"<p>3 XL black \u010d\u012bbas ir izgatavotas no augstas kvalit\u0101tes \u012astas \u0101das, kas nodro\u0161ina iztur\u012bbu, stil\u012bgu izskatu un ilgu valk\u0101\u0161anas laiku. Klasiskais melnais dizains padara modeli daudzpus\u012bgu un vieglu, ja to apvieno ar jebkuru dr\u0113bju skapi. \u0112rta zole garant\u0113 komfortu ikdienas pastaig\u0101s un akt\u012bvu dz\u012bves ritmu. Ide\u0101la izv\u0113le tiem, kas mekl\u0113 uzticamas, praktiskas un stil\u012bgas \u0101das kedas. Ra\u017eot\u0101js: \u0136\u012bna. SKU: 165-700269<\/p>\n","protected":false},"featured_media":795730,"comment_status":"open","ping_status":"open","template":"","meta":[],"product_brand":[],"product_cat":[3251,3252],"product_tag":[],"class_list":{"0":"post-795729","1":"product","2":"type-product","3":"status-publish","4":"has-post-thumbnail","6":"product_cat-all-product","7":"product_cat-krosivky","8":"pa_rozmir-910","9":"pa_rozmir-912","10":"pa_rozmir-914","11":"pa_rozmir-915","12":"pa_rozmir-916","13":"pa_rozmir-917","14":"pa_rozmir-918","15":"pa_rozmir-919","16":"pa_rozmir-920","17":"pa_rozmir-921","18":"pa_rozmir-922","20":"first","21":"instock","22":"purchasable","23":"product-type-variable"},"_links":{"self":[{"href":"https:\/\/nextsnkr.com\/lv\/wp-json\/wp\/v2\/product\/795729","targetHints":{"allow":["GET"]}}],"collection":[{"href":"https:\/\/nextsnkr.com\/lv\/wp-json\/wp\/v2\/product"}],"about":[{"href":"https:\/\/nextsnkr.com\/lv\/wp-json\/wp\/v2\/types\/product"}],"replies":[{"embeddable":true,"href":"https:\/\/nextsnkr.com\/lv\/wp-json\/wp\/v2\/comments?post=795729"}],"version-history":[{"count":0,"href":"https:\/\/nextsnkr.com\/lv\/wp-json\/wp\/v2\/product\/795729\/revisions"}],"wp:featuredmedia":[{"embeddable":true,"href":"https:\/\/nextsnkr.com\/lv\/wp-json\/wp\/v2\/media\/795730"}],"wp:attachment":[{"href":"https:\/\/nextsnkr.com\/lv\/wp-json\/wp\/v2\/media?parent=795729"}],"wp:term":[{"taxonomy":"product_brand","embeddable":true,"href":"https:\/\/nextsnkr.com\/lv\/wp-json\/wp\/v2\/product_brand?post=795729"},{"taxonomy":"product_cat","embeddable":true,"href":"https:\/\/nextsnkr.com\/lv\/wp-json\/wp\/v2\/product_cat?post=795729"},{"taxonomy":"product_tag","embeddable":true,"href":"https:\/\/nextsnkr.com\/lv\/wp-json\/wp\/v2\/product_tag?post=795729"}],"curies":[{"name":"wp","href":"https:\/\/api.w.org\/{rel}","templated":true}]}}