{"id":794836,"date":"2025-06-17T22:49:01","date_gmt":"2025-06-17T19:49:01","guid":{"rendered":"https:\/\/nextsnkr.com\/product\/fila-black\/"},"modified":"2026-02-02T15:36:44","modified_gmt":"2026-02-02T12:36:44","slug":"fila-black","status":"publish","type":"product","link":"https:\/\/nextsnkr.com\/lv\/product\/fila-black\/","title":{"rendered":"FILA Black cepure-akrila univers\u0101la v\u012brie\u0161iem un sieviet\u0113m"},"content":{"rendered":"<h2>FILA Black cepure-akrila univers\u0101la v\u012brie\u0161iem un sieviet\u0113m<\/h2>\n<p>&nbsp;<\/p>\n<p>Stil\u012bg\u0101 FILA Black cepure ir izgatavota no m\u012bksta akrila, kas nodro\u0161ina siltumu un komfortu aukstaj\u0101 sezon\u0101. Univers\u0101lais izm\u0113rs der jebkurai galvai, un apjom\u012bgie iz\u0161uvumi pie\u0161\u0137ir modernu akcentu. Viegli kopjams &#8211; mazg\u0101jams 30\u00b0C temperat\u016br\u0101. ide\u0101la izv\u0113le ikdienas valk\u0101\u0161anai, sportam un pastaig\u0101m br\u012bv\u0101 dab\u0101. Izv\u0113lieties FILA stilam un praktiskumam katru dienu.<\/p>\n","protected":false},"excerpt":{"rendered":"<p>Stil\u012bg\u0101 FILA Black cepure ir izgatavota no m\u012bksta akrila, kas nodro\u0161ina siltumu un komfortu aukstaj\u0101 sezon\u0101. Univers\u0101lais izm\u0113rs der jebkurai galvai, un apjom\u012bgie iz\u0161uvumi pie\u0161\u0137ir modernu akcentu. Viegli kopjams &#8211; mazg\u0101jams 30\u00b0C temperat\u016br\u0101. ide\u0101la izv\u0113le ikdienas valk\u0101\u0161anai, sportam un pastaig\u0101m br\u012bv\u0101 dab\u0101. Izv\u0113lieties FILA stilam un praktiskumam katru dienu.<\/p>\n","protected":false},"featured_media":794837,"comment_status":"open","ping_status":"open","template":"","meta":[],"product_brand":[],"product_cat":[3251,4452],"product_tag":[],"class_list":{"0":"post-794836","1":"product","2":"type-product","3":"status-publish","4":"has-post-thumbnail","6":"product_cat-all-product","7":"product_cat-shapky","8":"pa_rozmir-one-size","10":"first","11":"instock","12":"purchasable","13":"product-type-simple"},"_links":{"self":[{"href":"https:\/\/nextsnkr.com\/lv\/wp-json\/wp\/v2\/product\/794836","targetHints":{"allow":["GET"]}}],"collection":[{"href":"https:\/\/nextsnkr.com\/lv\/wp-json\/wp\/v2\/product"}],"about":[{"href":"https:\/\/nextsnkr.com\/lv\/wp-json\/wp\/v2\/types\/product"}],"replies":[{"embeddable":true,"href":"https:\/\/nextsnkr.com\/lv\/wp-json\/wp\/v2\/comments?post=794836"}],"version-history":[{"count":0,"href":"https:\/\/nextsnkr.com\/lv\/wp-json\/wp\/v2\/product\/794836\/revisions"}],"wp:featuredmedia":[{"embeddable":true,"href":"https:\/\/nextsnkr.com\/lv\/wp-json\/wp\/v2\/media\/794837"}],"wp:attachment":[{"href":"https:\/\/nextsnkr.com\/lv\/wp-json\/wp\/v2\/media?parent=794836"}],"wp:term":[{"taxonomy":"product_brand","embeddable":true,"href":"https:\/\/nextsnkr.com\/lv\/wp-json\/wp\/v2\/product_brand?post=794836"},{"taxonomy":"product_cat","embeddable":true,"href":"https:\/\/nextsnkr.com\/lv\/wp-json\/wp\/v2\/product_cat?post=794836"},{"taxonomy":"product_tag","embeddable":true,"href":"https:\/\/nextsnkr.com\/lv\/wp-json\/wp\/v2\/product_tag?post=794836"}],"curies":[{"name":"wp","href":"https:\/\/api.w.org\/{rel}","templated":true}]}}