{"id":794547,"date":"2025-06-13T10:08:24","date_gmt":"2025-06-13T07:08:24","guid":{"rendered":"https:\/\/nextsnkr.com\/product\/3xl-black-white\/"},"modified":"2026-02-02T15:36:40","modified_gmt":"2026-02-02T12:36:40","slug":"3xl-black-white","status":"publish","type":"product","link":"https:\/\/nextsnkr.com\/lv\/product\/3xl-black-white\/","title":{"rendered":"3XL Black \/ White \u010d\u012bbas-stil\u012bgas \u0101das v\u012brie\u0161u \u010d\u012bbas"},"content":{"rendered":"<h2>3XL Black \/ White \u010d\u012bbas-stil\u012bgas \u0101das v\u012brie\u0161u \u010d\u012bbas<\/h2>\n<p>&nbsp;<\/p>\n<p>3XL Black \/ White \u010d\u012bbas ir izgatavotas no kvalitat\u012bvas \u012bstas \u0101das, kas nodro\u0161ina iztur\u012bbu un komfortu ikdienas valk\u0101\u0161anas laik\u0101. Stil\u012bg\u0101 meln\u0101 un balt\u0101 kombin\u0101cija padara modeli daudzpus\u012bgu jebkuram izskatam-no sporta l\u012bdz pils\u0113tai. Viegla zole garant\u0113 \u0113rt\u012bbas, un uzticami materi\u0101li var iztur\u0113t akt\u012bvu lieto\u0161anu. Izv\u0113lieties 3XL Black \/ White, lai savam dr\u0113bju skapim pievienotu praktiskas un modernas kedas par izdev\u012bgu cenu.<\/p>\n","protected":false},"excerpt":{"rendered":"<p>3XL Black \/ White \u010d\u012bbas ir izgatavotas no kvalitat\u012bvas \u012bstas \u0101das, kas nodro\u0161ina iztur\u012bbu un komfortu ikdienas valk\u0101\u0161anas laik\u0101. Stil\u012bg\u0101 meln\u0101 un balt\u0101 kombin\u0101cija padara modeli daudzpus\u012bgu jebkuram izskatam-no sporta l\u012bdz pils\u0113tai. Viegla zole garant\u0113 \u0113rt\u012bbas, un uzticami materi\u0101li var iztur\u0113t akt\u012bvu lieto\u0161anu. Izv\u0113lieties 3XL Black \/ White, lai savam dr\u0113bju skapim pievienotu praktiskas un modernas kedas par izdev\u012bgu cenu.<\/p>\n","protected":false},"featured_media":794548,"comment_status":"open","ping_status":"open","template":"","meta":[],"product_brand":[],"product_cat":[3251,3252],"product_tag":[],"class_list":{"0":"post-794547","1":"product","2":"type-product","3":"status-publish","4":"has-post-thumbnail","6":"product_cat-all-product","7":"product_cat-krosivky","8":"pa_rozmir-910","9":"pa_rozmir-912","10":"pa_rozmir-914","11":"pa_rozmir-915","12":"pa_rozmir-916","13":"pa_rozmir-917","14":"pa_rozmir-918","15":"pa_rozmir-919","16":"pa_rozmir-920","17":"pa_rozmir-921","18":"pa_rozmir-922","20":"first","21":"onbackorder","22":"purchasable","23":"product-type-variable"},"_links":{"self":[{"href":"https:\/\/nextsnkr.com\/lv\/wp-json\/wp\/v2\/product\/794547","targetHints":{"allow":["GET"]}}],"collection":[{"href":"https:\/\/nextsnkr.com\/lv\/wp-json\/wp\/v2\/product"}],"about":[{"href":"https:\/\/nextsnkr.com\/lv\/wp-json\/wp\/v2\/types\/product"}],"replies":[{"embeddable":true,"href":"https:\/\/nextsnkr.com\/lv\/wp-json\/wp\/v2\/comments?post=794547"}],"version-history":[{"count":0,"href":"https:\/\/nextsnkr.com\/lv\/wp-json\/wp\/v2\/product\/794547\/revisions"}],"wp:featuredmedia":[{"embeddable":true,"href":"https:\/\/nextsnkr.com\/lv\/wp-json\/wp\/v2\/media\/794548"}],"wp:attachment":[{"href":"https:\/\/nextsnkr.com\/lv\/wp-json\/wp\/v2\/media?parent=794547"}],"wp:term":[{"taxonomy":"product_brand","embeddable":true,"href":"https:\/\/nextsnkr.com\/lv\/wp-json\/wp\/v2\/product_brand?post=794547"},{"taxonomy":"product_cat","embeddable":true,"href":"https:\/\/nextsnkr.com\/lv\/wp-json\/wp\/v2\/product_cat?post=794547"},{"taxonomy":"product_tag","embeddable":true,"href":"https:\/\/nextsnkr.com\/lv\/wp-json\/wp\/v2\/product_tag?post=794547"}],"curies":[{"name":"wp","href":"https:\/\/api.w.org\/{rel}","templated":true}]}}