{"id":794377,"date":"2025-06-13T10:08:46","date_gmt":"2025-06-13T07:08:46","guid":{"rendered":"https:\/\/nextsnkr.com\/product\/balenciaga-track-blue\/"},"modified":"2026-02-02T15:36:23","modified_gmt":"2026-02-02T12:36:23","slug":"balenciaga-track-blue","status":"publish","type":"product","link":"https:\/\/nextsnkr.com\/lv\/product\/balenciaga-track-blue\/","title":{"rendered":"Sporta apavi, Balenciaga Track Blue v\u012brie\u0161u \u0101das, stil\u012bgas, premium"},"content":{"rendered":"<h2>Sporta apavi, Balenciaga Track Blue v\u012brie\u0161u \u0101das, stil\u012bgas, premium<\/h2>\n<p>&nbsp;<\/p>\n<p>Balenciaga Track Blue \u010d\u012bbas ir augst\u0101k\u0101s kvalit\u0101tes \u0101das, moderna dizaina un augstas nodilumiztur\u012bbas kombin\u0101cija. Modelis ir paredz\u0113ts ikdienas komfortam un akt\u012bvam dz\u012bves ritmam. Pastiprin\u0101t\u0101 konstrukcija un triecienu absorb\u0113jo\u0161\u0101 zole nodro\u0161ina p\u0101rliec\u012bbu par katru soli. Stil\u012bg\u0101 zil\u0101 kr\u0101sa pie\u0161\u0137ir att\u0113lam spilgtumu, un \u0136\u012bnas ra\u017eo\u0161anas kvalit\u0101te garant\u0113 ilgu kalpo\u0161anas laiku. Izv\u0113lieties Balenciaga z\u012bmolu, lai ieg\u016btu iespaid\u012bgu izskatu un uzticam\u012bbu.<\/p>\n","protected":false},"excerpt":{"rendered":"<p>Balenciaga Track Blue \u010d\u012bbas ir augst\u0101k\u0101s kvalit\u0101tes \u0101das, moderna dizaina un augstas nodilumiztur\u012bbas kombin\u0101cija. Modelis ir paredz\u0113ts ikdienas komfortam un akt\u012bvam dz\u012bves ritmam. Pastiprin\u0101t\u0101 konstrukcija un triecienu absorb\u0113jo\u0161\u0101 zole nodro\u0161ina p\u0101rliec\u012bbu par katru soli. Stil\u012bg\u0101 zil\u0101 kr\u0101sa pie\u0161\u0137ir att\u0113lam spilgtumu, un \u0136\u012bnas ra\u017eo\u0161anas kvalit\u0101te garant\u0113 ilgu kalpo\u0161anas laiku. Izv\u0113lieties Balenciaga z\u012bmolu, lai ieg\u016btu iespaid\u012bgu izskatu un uzticam\u012bbu.<\/p>\n","protected":false},"featured_media":794378,"comment_status":"open","ping_status":"open","template":"","meta":[],"product_brand":[],"product_cat":[3251,3252],"product_tag":[],"class_list":{"0":"post-794377","1":"product","2":"type-product","3":"status-publish","4":"has-post-thumbnail","6":"product_cat-all-product","7":"product_cat-krosivky","8":"pa_rozmir-910","9":"pa_rozmir-912","10":"pa_rozmir-914","11":"pa_rozmir-915","12":"pa_rozmir-916","13":"pa_rozmir-917","14":"pa_rozmir-918","15":"pa_rozmir-919","16":"pa_rozmir-920","17":"pa_rozmir-921","18":"pa_rozmir-922","20":"first","21":"instock","22":"purchasable","23":"product-type-variable"},"_links":{"self":[{"href":"https:\/\/nextsnkr.com\/lv\/wp-json\/wp\/v2\/product\/794377","targetHints":{"allow":["GET"]}}],"collection":[{"href":"https:\/\/nextsnkr.com\/lv\/wp-json\/wp\/v2\/product"}],"about":[{"href":"https:\/\/nextsnkr.com\/lv\/wp-json\/wp\/v2\/types\/product"}],"replies":[{"embeddable":true,"href":"https:\/\/nextsnkr.com\/lv\/wp-json\/wp\/v2\/comments?post=794377"}],"version-history":[{"count":0,"href":"https:\/\/nextsnkr.com\/lv\/wp-json\/wp\/v2\/product\/794377\/revisions"}],"wp:featuredmedia":[{"embeddable":true,"href":"https:\/\/nextsnkr.com\/lv\/wp-json\/wp\/v2\/media\/794378"}],"wp:attachment":[{"href":"https:\/\/nextsnkr.com\/lv\/wp-json\/wp\/v2\/media?parent=794377"}],"wp:term":[{"taxonomy":"product_brand","embeddable":true,"href":"https:\/\/nextsnkr.com\/lv\/wp-json\/wp\/v2\/product_brand?post=794377"},{"taxonomy":"product_cat","embeddable":true,"href":"https:\/\/nextsnkr.com\/lv\/wp-json\/wp\/v2\/product_cat?post=794377"},{"taxonomy":"product_tag","embeddable":true,"href":"https:\/\/nextsnkr.com\/lv\/wp-json\/wp\/v2\/product_tag?post=794377"}],"curies":[{"name":"wp","href":"https:\/\/api.w.org\/{rel}","templated":true}]}}