{"id":794037,"date":"2025-06-13T10:10:10","date_gmt":"2025-06-13T07:10:10","guid":{"rendered":"https:\/\/nextsnkr.com\/product\/triple-s-clear-sole-white-violet\/"},"modified":"2026-02-02T15:36:14","modified_gmt":"2026-02-02T12:36:14","slug":"triple-s-clear-sole-white-violet","status":"publish","type":"product","link":"https:\/\/nextsnkr.com\/lv\/product\/triple-s-clear-sole-white-violet\/","title":{"rendered":"Triple S Clear Sole White Violet \u010d\u012bbas &#8211; \u0101das stil\u012bgs v\u012brietis"},"content":{"rendered":"<h2>Triple S Clear Sole White Violet \u010d\u012bbas &#8211; \u0101das stil\u012bgs v\u012brietis<\/h2>\n<p>&nbsp;<\/p>\n<p>Triple S Clear Sole White Violet \u010d\u012bbas ir izgatavotas no kvalitat\u012bvas \u0101das un izce\u013cas ar mas\u012bvu dizainu un caursp\u012bd\u012bgu zoli. Modelis apvieno modernu izskatu, dro\u0161u fiks\u0101ciju un paaugstin\u0101tu komfortu pastaigas laik\u0101. Balt\u0101 un purpursarkan\u0101 kombin\u0101cija pie\u0161\u0137ir stilu, un iztur\u012bgie materi\u0101li nodro\u0161ina iztur\u012bbu. Ide\u0101la izv\u0113le tiem, kas katru dienu mekl\u0113 modernas un \u0113rtas kedas.<\/p>\n","protected":false},"excerpt":{"rendered":"<p>Triple S Clear Sole White Violet \u010d\u012bbas ir izgatavotas no kvalitat\u012bvas \u0101das un izce\u013cas ar mas\u012bvu dizainu un caursp\u012bd\u012bgu zoli. Modelis apvieno modernu izskatu, dro\u0161u fiks\u0101ciju un paaugstin\u0101tu komfortu pastaigas laik\u0101. Balt\u0101 un purpursarkan\u0101 kombin\u0101cija pie\u0161\u0137ir stilu, un iztur\u012bgie materi\u0101li nodro\u0161ina iztur\u012bbu. Ide\u0101la izv\u0113le tiem, kas katru dienu mekl\u0113 modernas un \u0113rtas kedas.<\/p>\n","protected":false},"featured_media":794038,"comment_status":"open","ping_status":"open","template":"","meta":[],"product_brand":[],"product_cat":[3251,3252],"product_tag":[],"class_list":{"0":"post-794037","1":"product","2":"type-product","3":"status-publish","4":"has-post-thumbnail","6":"product_cat-all-product","7":"product_cat-krosivky","8":"pa_rozmir-910","9":"pa_rozmir-912","10":"pa_rozmir-914","11":"pa_rozmir-915","12":"pa_rozmir-916","13":"pa_rozmir-917","14":"pa_rozmir-918","15":"pa_rozmir-919","16":"pa_rozmir-920","17":"pa_rozmir-921","18":"pa_rozmir-922","20":"first","21":"instock","22":"purchasable","23":"product-type-variable"},"_links":{"self":[{"href":"https:\/\/nextsnkr.com\/lv\/wp-json\/wp\/v2\/product\/794037","targetHints":{"allow":["GET"]}}],"collection":[{"href":"https:\/\/nextsnkr.com\/lv\/wp-json\/wp\/v2\/product"}],"about":[{"href":"https:\/\/nextsnkr.com\/lv\/wp-json\/wp\/v2\/types\/product"}],"replies":[{"embeddable":true,"href":"https:\/\/nextsnkr.com\/lv\/wp-json\/wp\/v2\/comments?post=794037"}],"version-history":[{"count":0,"href":"https:\/\/nextsnkr.com\/lv\/wp-json\/wp\/v2\/product\/794037\/revisions"}],"wp:featuredmedia":[{"embeddable":true,"href":"https:\/\/nextsnkr.com\/lv\/wp-json\/wp\/v2\/media\/794038"}],"wp:attachment":[{"href":"https:\/\/nextsnkr.com\/lv\/wp-json\/wp\/v2\/media?parent=794037"}],"wp:term":[{"taxonomy":"product_brand","embeddable":true,"href":"https:\/\/nextsnkr.com\/lv\/wp-json\/wp\/v2\/product_brand?post=794037"},{"taxonomy":"product_cat","embeddable":true,"href":"https:\/\/nextsnkr.com\/lv\/wp-json\/wp\/v2\/product_cat?post=794037"},{"taxonomy":"product_tag","embeddable":true,"href":"https:\/\/nextsnkr.com\/lv\/wp-json\/wp\/v2\/product_tag?post=794037"}],"curies":[{"name":"wp","href":"https:\/\/api.w.org\/{rel}","templated":true}]}}