{"id":793174,"date":"2025-06-13T10:11:53","date_gmt":"2025-06-13T07:11:53","guid":{"rendered":"https:\/\/nextsnkr.com\/product\/3-xl-dirty-beige\/"},"modified":"2026-02-02T15:35:42","modified_gmt":"2026-02-02T12:35:42","slug":"3-xl-dirty-beige","status":"publish","type":"product","link":"https:\/\/nextsnkr.com\/lv\/product\/3-xl-dirty-beige\/","title":{"rendered":"\u010c\u012bbas 3 XL Dirty Beige-smil\u0161kr\u0101sas v\u012brie\u0161u tekstila un \u0101das"},"content":{"rendered":"<h2>\u010c\u012bbas 3 XL Dirty Beige-smil\u0161kr\u0101sas v\u012brie\u0161u tekstila un \u0101das<\/h2>\n<p>&nbsp;<\/p>\n<p>3 XL Dirty Beige \u010d\u012bbas apvieno tekstilizstr\u0101d\u0101jumus un dab\u012bgo \u0101du, nodro\u0161inot vieglumu, iztur\u012bbu un komfortu ikdienas lieto\u0161anas laik\u0101. Daudzpus\u012bg\u0101 smil\u0161kr\u0101sas kr\u0101sa viegli sapl\u016bst ar jebkuru stilu, un m\u016bsdienu dizains padara modeli pievilc\u012bgu un modernu. \u0112rta zole garant\u0113 p\u0113das amortiz\u0101ciju un atbalstu, kas ir piem\u0113rots akt\u012bv\u0101m pastaig\u0101m un pils\u0113tas dz\u012bves ritmam. Ide\u0101ls variants tiem, kas mekl\u0113 stilu un praktiskumu vien\u0101 kurp\u0113.<\/p>\n","protected":false},"excerpt":{"rendered":"<p>3 XL Dirty Beige \u010d\u012bbas apvieno tekstilizstr\u0101d\u0101jumus un dab\u012bgo \u0101du, nodro\u0161inot vieglumu, iztur\u012bbu un komfortu ikdienas lieto\u0161anas laik\u0101. Daudzpus\u012bg\u0101 smil\u0161kr\u0101sas kr\u0101sa viegli sapl\u016bst ar jebkuru stilu, un m\u016bsdienu dizains padara modeli pievilc\u012bgu un modernu. \u0112rta zole garant\u0113 p\u0113das amortiz\u0101ciju un atbalstu, kas ir piem\u0113rots akt\u012bv\u0101m pastaig\u0101m un pils\u0113tas dz\u012bves ritmam. Ide\u0101ls variants tiem, kas mekl\u0113 stilu un praktiskumu vien\u0101 kurp\u0113.<\/p>\n","protected":false},"featured_media":793175,"comment_status":"open","ping_status":"open","template":"","meta":[],"product_brand":[],"product_cat":[3251,3252],"product_tag":[],"class_list":{"0":"post-793174","1":"product","2":"type-product","3":"status-publish","4":"has-post-thumbnail","6":"product_cat-all-product","7":"product_cat-krosivky","8":"pa_rozmir-910","9":"pa_rozmir-912","10":"pa_rozmir-914","11":"pa_rozmir-915","12":"pa_rozmir-916","13":"pa_rozmir-917","14":"pa_rozmir-918","15":"pa_rozmir-919","16":"pa_rozmir-920","17":"pa_rozmir-921","18":"pa_rozmir-922","20":"first","21":"onbackorder","22":"purchasable","23":"product-type-variable"},"_links":{"self":[{"href":"https:\/\/nextsnkr.com\/lv\/wp-json\/wp\/v2\/product\/793174","targetHints":{"allow":["GET"]}}],"collection":[{"href":"https:\/\/nextsnkr.com\/lv\/wp-json\/wp\/v2\/product"}],"about":[{"href":"https:\/\/nextsnkr.com\/lv\/wp-json\/wp\/v2\/types\/product"}],"replies":[{"embeddable":true,"href":"https:\/\/nextsnkr.com\/lv\/wp-json\/wp\/v2\/comments?post=793174"}],"version-history":[{"count":0,"href":"https:\/\/nextsnkr.com\/lv\/wp-json\/wp\/v2\/product\/793174\/revisions"}],"wp:featuredmedia":[{"embeddable":true,"href":"https:\/\/nextsnkr.com\/lv\/wp-json\/wp\/v2\/media\/793175"}],"wp:attachment":[{"href":"https:\/\/nextsnkr.com\/lv\/wp-json\/wp\/v2\/media?parent=793174"}],"wp:term":[{"taxonomy":"product_brand","embeddable":true,"href":"https:\/\/nextsnkr.com\/lv\/wp-json\/wp\/v2\/product_brand?post=793174"},{"taxonomy":"product_cat","embeddable":true,"href":"https:\/\/nextsnkr.com\/lv\/wp-json\/wp\/v2\/product_cat?post=793174"},{"taxonomy":"product_tag","embeddable":true,"href":"https:\/\/nextsnkr.com\/lv\/wp-json\/wp\/v2\/product_tag?post=793174"}],"curies":[{"name":"wp","href":"https:\/\/api.w.org\/{rel}","templated":true}]}}