{"id":792834,"date":"2025-06-13T10:12:33","date_gmt":"2025-06-13T07:12:33","guid":{"rendered":"https:\/\/nextsnkr.com\/product\/balenciaga\/"},"modified":"2026-02-02T15:35:23","modified_gmt":"2026-02-02T12:35:23","slug":"balenciaga","status":"publish","type":"product","link":"https:\/\/nextsnkr.com\/lv\/product\/balenciaga\/","title":{"rendered":"Balenciaga \u010d\u012bbas zam\u0161\u0101das-tekstila-stils un komforts katru dienu"},"content":{"rendered":"<h2>Balenciaga \u010d\u012bbas zam\u0161\u0101das-tekstila-stils un komforts katru dienu<\/h2>\n<p>&nbsp;<\/p>\n<p>Balenciaga \u010d\u012bbas ir izgatavotas no zam\u0161\u0101das un kvalitat\u012bvu tekstilizstr\u0101d\u0101jumu kombin\u0101cijas, kas nodro\u0161ina iztur\u012bbu, vieglumu un maksim\u0101lu komfortu valk\u0101\u0161anas laik\u0101. Stil\u012bgs, m\u016bsdien\u012bgs dizains padara \u0161o modeli daudzpus\u012bgu ikdienas izskatam. Augstas kvalit\u0101tes materi\u0101li un veikls sniegums garant\u0113 iztur\u012bbu. Izv\u0113lieties z\u012bmolu, kas izce\u013c j\u016bsu stilu un person\u012bbu katr\u0101 sol\u012b.<\/p>\n","protected":false},"excerpt":{"rendered":"<p>Balenciaga \u010d\u012bbas ir izgatavotas no zam\u0161\u0101das un kvalitat\u012bvu tekstilizstr\u0101d\u0101jumu kombin\u0101cijas, kas nodro\u0161ina iztur\u012bbu, vieglumu un maksim\u0101lu komfortu valk\u0101\u0161anas laik\u0101. Stil\u012bgs, m\u016bsdien\u012bgs dizains padara \u0161o modeli daudzpus\u012bgu ikdienas izskatam. Augstas kvalit\u0101tes materi\u0101li un veikls sniegums garant\u0113 iztur\u012bbu. Izv\u0113lieties z\u012bmolu, kas izce\u013c j\u016bsu stilu un person\u012bbu katr\u0101 sol\u012b.<\/p>\n","protected":false},"featured_media":792835,"comment_status":"open","ping_status":"open","template":"","meta":[],"product_brand":[],"product_cat":[3251,3252],"product_tag":[],"class_list":{"0":"post-792834","1":"product","2":"type-product","3":"status-publish","4":"has-post-thumbnail","6":"product_cat-all-product","7":"product_cat-krosivky","8":"pa_rozmir-910","9":"pa_rozmir-912","10":"pa_rozmir-914","11":"pa_rozmir-915","12":"pa_rozmir-916","13":"pa_rozmir-917","14":"pa_rozmir-918","15":"pa_rozmir-919","16":"pa_rozmir-920","17":"pa_rozmir-921","18":"pa_rozmir-922","20":"first","21":"onbackorder","22":"purchasable","23":"product-type-variable"},"_links":{"self":[{"href":"https:\/\/nextsnkr.com\/lv\/wp-json\/wp\/v2\/product\/792834","targetHints":{"allow":["GET"]}}],"collection":[{"href":"https:\/\/nextsnkr.com\/lv\/wp-json\/wp\/v2\/product"}],"about":[{"href":"https:\/\/nextsnkr.com\/lv\/wp-json\/wp\/v2\/types\/product"}],"replies":[{"embeddable":true,"href":"https:\/\/nextsnkr.com\/lv\/wp-json\/wp\/v2\/comments?post=792834"}],"version-history":[{"count":0,"href":"https:\/\/nextsnkr.com\/lv\/wp-json\/wp\/v2\/product\/792834\/revisions"}],"wp:featuredmedia":[{"embeddable":true,"href":"https:\/\/nextsnkr.com\/lv\/wp-json\/wp\/v2\/media\/792835"}],"wp:attachment":[{"href":"https:\/\/nextsnkr.com\/lv\/wp-json\/wp\/v2\/media?parent=792834"}],"wp:term":[{"taxonomy":"product_brand","embeddable":true,"href":"https:\/\/nextsnkr.com\/lv\/wp-json\/wp\/v2\/product_brand?post=792834"},{"taxonomy":"product_cat","embeddable":true,"href":"https:\/\/nextsnkr.com\/lv\/wp-json\/wp\/v2\/product_cat?post=792834"},{"taxonomy":"product_tag","embeddable":true,"href":"https:\/\/nextsnkr.com\/lv\/wp-json\/wp\/v2\/product_tag?post=792834"}],"curies":[{"name":"wp","href":"https:\/\/api.w.org\/{rel}","templated":true}]}}