{"id":789945,"date":"2025-06-13T10:19:39","date_gmt":"2025-06-13T07:19:39","guid":{"rendered":"https:\/\/nextsnkr.com\/product\/550-white-grey\/"},"modified":"2026-02-02T15:33:39","modified_gmt":"2026-02-02T12:33:39","slug":"550-white-grey","status":"publish","type":"product","link":"https:\/\/nextsnkr.com\/lv\/product\/550-white-grey\/","title":{"rendered":"\u010c\u012bbas 550 White \/ Grey \u0101das-stil\u012bga izv\u0113le katrai dienai"},"content":{"rendered":"<h2>\u010c\u012bbas 550 White \/ Grey \u0101das-stil\u012bga izv\u0113le katrai dienai<\/h2>\n<p>&nbsp;<\/p>\n<p>550 White \/ Grey stil\u012bg\u0101s kedas ir izgatavotas no kvalitat\u012bvas \u012bstas \u0101das, kas nodro\u0161ina iztur\u012bbu, komfortu un iztur\u012bbu. Daudzpus\u012bg\u0101 balt\u0101 un pel\u0113k\u0101 kombin\u0101cija atbilst jebkuram izskatam, padarot modeli ide\u0101li piem\u0113rotu ikdienas valk\u0101\u0161anai. Veikls sniegums un \u0113rta piem\u0113rot\u012bba garant\u0113 komfortu visas dienas garum\u0101. Izv\u0113lieties uzticamas \u0101das kedas, kas apvieno stilu un funkcionalit\u0101ti.<\/p>\n","protected":false},"excerpt":{"rendered":"<p>550 White \/ Grey stil\u012bg\u0101s kedas ir izgatavotas no kvalitat\u012bvas \u012bstas \u0101das, kas nodro\u0161ina iztur\u012bbu, komfortu un iztur\u012bbu. Daudzpus\u012bg\u0101 balt\u0101 un pel\u0113k\u0101 kombin\u0101cija atbilst jebkuram izskatam, padarot modeli ide\u0101li piem\u0113rotu ikdienas valk\u0101\u0161anai. Veikls sniegums un \u0113rta piem\u0113rot\u012bba garant\u0113 komfortu visas dienas garum\u0101. Izv\u0113lieties uzticamas \u0101das kedas, kas apvieno stilu un funkcionalit\u0101ti.<\/p>\n","protected":false},"featured_media":789946,"comment_status":"open","ping_status":"open","template":"","meta":[],"product_brand":[],"product_cat":[3251,3252],"product_tag":[],"class_list":{"0":"post-789945","1":"product","2":"type-product","3":"status-publish","4":"has-post-thumbnail","6":"product_cat-all-product","7":"product_cat-krosivky","8":"pa_rozmir-910","9":"pa_rozmir-912","10":"pa_rozmir-914","11":"pa_rozmir-915","12":"pa_rozmir-916","13":"pa_rozmir-917","14":"pa_rozmir-918","15":"pa_rozmir-919","16":"pa_rozmir-920","17":"pa_rozmir-921","18":"pa_rozmir-922","20":"first","21":"instock","22":"purchasable","23":"product-type-variable"},"_links":{"self":[{"href":"https:\/\/nextsnkr.com\/lv\/wp-json\/wp\/v2\/product\/789945","targetHints":{"allow":["GET"]}}],"collection":[{"href":"https:\/\/nextsnkr.com\/lv\/wp-json\/wp\/v2\/product"}],"about":[{"href":"https:\/\/nextsnkr.com\/lv\/wp-json\/wp\/v2\/types\/product"}],"replies":[{"embeddable":true,"href":"https:\/\/nextsnkr.com\/lv\/wp-json\/wp\/v2\/comments?post=789945"}],"version-history":[{"count":0,"href":"https:\/\/nextsnkr.com\/lv\/wp-json\/wp\/v2\/product\/789945\/revisions"}],"wp:featuredmedia":[{"embeddable":true,"href":"https:\/\/nextsnkr.com\/lv\/wp-json\/wp\/v2\/media\/789946"}],"wp:attachment":[{"href":"https:\/\/nextsnkr.com\/lv\/wp-json\/wp\/v2\/media?parent=789945"}],"wp:term":[{"taxonomy":"product_brand","embeddable":true,"href":"https:\/\/nextsnkr.com\/lv\/wp-json\/wp\/v2\/product_brand?post=789945"},{"taxonomy":"product_cat","embeddable":true,"href":"https:\/\/nextsnkr.com\/lv\/wp-json\/wp\/v2\/product_cat?post=789945"},{"taxonomy":"product_tag","embeddable":true,"href":"https:\/\/nextsnkr.com\/lv\/wp-json\/wp\/v2\/product_tag?post=789945"}],"curies":[{"name":"wp","href":"https:\/\/api.w.org\/{rel}","templated":true}]}}