{"id":789435,"date":"2025-06-13T10:20:39","date_gmt":"2025-06-13T07:20:39","guid":{"rendered":"https:\/\/nextsnkr.com\/product\/574-black\/"},"modified":"2026-02-02T15:33:17","modified_gmt":"2026-02-02T12:33:17","slug":"574-black","status":"publish","type":"product","link":"https:\/\/nextsnkr.com\/lv\/product\/574-black\/","title":{"rendered":"574 Black zam\u0161\u0101das un tekstila \u010d\u012bbas-stils un komforts katru dienu"},"content":{"rendered":"<h2>574 Black zam\u0161\u0101das un tekstila \u010d\u012bbas-stils un komforts katru dienu<\/h2>\n<p>&nbsp;<\/p>\n<p>574 Black \u010d\u012bbas apvieno iztur\u012bgus tekstilizstr\u0101d\u0101jumus un dab\u012bgu zam\u0161\u0101du, nodro\u0161inot \u0113rt\u012bbas un iztur\u012bbu ikdienas lieto\u0161an\u0101. Lakoniskais melnais dizains ir viegli saska\u0146ojams ar jebkuru stilu, un kvalitat\u012bva ra\u017eo\u0161ana \u0136\u012bna garant\u0113 optim\u0101lu izmaksu un uzticam\u012bbas l\u012bdzsvaru. Tas ir daudzpus\u012bgs Modelis pils\u0113tas tempam, pastaig\u0101m un akt\u012bvam dz\u012bvesveidam. Kods un SKU: 080-418687.<\/p>\n","protected":false},"excerpt":{"rendered":"<p>574 Black \u010d\u012bbas apvieno iztur\u012bgus tekstilizstr\u0101d\u0101jumus un dab\u012bgu zam\u0161\u0101du, nodro\u0161inot \u0113rt\u012bbas un iztur\u012bbu ikdienas lieto\u0161an\u0101. Lakoniskais melnais dizains ir viegli saska\u0146ojams ar jebkuru stilu, un kvalitat\u012bva ra\u017eo\u0161ana \u0136\u012bna garant\u0113 optim\u0101lu izmaksu un uzticam\u012bbas l\u012bdzsvaru. Tas ir daudzpus\u012bgs Modelis pils\u0113tas tempam, pastaig\u0101m un akt\u012bvam dz\u012bvesveidam. Kods un SKU: 080-418687.<\/p>\n","protected":false},"featured_media":789436,"comment_status":"open","ping_status":"open","template":"","meta":[],"product_brand":[],"product_cat":[3251,3252],"product_tag":[],"class_list":{"0":"post-789435","1":"product","2":"type-product","3":"status-publish","4":"has-post-thumbnail","6":"product_cat-all-product","7":"product_cat-krosivky","8":"pa_rozmir-910","9":"pa_rozmir-912","10":"pa_rozmir-914","11":"pa_rozmir-915","12":"pa_rozmir-916","13":"pa_rozmir-917","14":"pa_rozmir-918","15":"pa_rozmir-919","16":"pa_rozmir-920","17":"pa_rozmir-921","18":"pa_rozmir-922","20":"first","21":"instock","22":"purchasable","23":"product-type-variable"},"_links":{"self":[{"href":"https:\/\/nextsnkr.com\/lv\/wp-json\/wp\/v2\/product\/789435","targetHints":{"allow":["GET"]}}],"collection":[{"href":"https:\/\/nextsnkr.com\/lv\/wp-json\/wp\/v2\/product"}],"about":[{"href":"https:\/\/nextsnkr.com\/lv\/wp-json\/wp\/v2\/types\/product"}],"replies":[{"embeddable":true,"href":"https:\/\/nextsnkr.com\/lv\/wp-json\/wp\/v2\/comments?post=789435"}],"version-history":[{"count":0,"href":"https:\/\/nextsnkr.com\/lv\/wp-json\/wp\/v2\/product\/789435\/revisions"}],"wp:featuredmedia":[{"embeddable":true,"href":"https:\/\/nextsnkr.com\/lv\/wp-json\/wp\/v2\/media\/789436"}],"wp:attachment":[{"href":"https:\/\/nextsnkr.com\/lv\/wp-json\/wp\/v2\/media?parent=789435"}],"wp:term":[{"taxonomy":"product_brand","embeddable":true,"href":"https:\/\/nextsnkr.com\/lv\/wp-json\/wp\/v2\/product_brand?post=789435"},{"taxonomy":"product_cat","embeddable":true,"href":"https:\/\/nextsnkr.com\/lv\/wp-json\/wp\/v2\/product_cat?post=789435"},{"taxonomy":"product_tag","embeddable":true,"href":"https:\/\/nextsnkr.com\/lv\/wp-json\/wp\/v2\/product_tag?post=789435"}],"curies":[{"name":"wp","href":"https:\/\/api.w.org\/{rel}","templated":true}]}}