{"id":788415,"date":"2025-06-13T10:23:00","date_gmt":"2025-06-13T07:23:00","guid":{"rendered":"https:\/\/nextsnkr.com\/product\/1460-x-sex-pistols\/"},"modified":"2026-02-02T15:32:39","modified_gmt":"2026-02-02T12:32:39","slug":"1460-x-sex-pistols","status":"publish","type":"product","link":"https:\/\/nextsnkr.com\/lv\/product\/1460-x-sex-pistols\/","title":{"rendered":"Z\u0101baki 1460 x seksa pistoles &#8211; \u0101das stil\u012bgi z\u0101baki"},"content":{"rendered":"<h2>Z\u0101baki 1460 x seksa pistoles &#8211; \u0101das stil\u012bgi z\u0101baki<\/h2>\n<p>&nbsp;<\/p>\n<p>1460 x Sex Pistols z\u0101baki ir unik\u0101la sadarb\u012bba, kas apvieno ikonisko dizainu un le\u0123end\u0101r\u0101s grupas dump\u012bgo stilu. Izgatavoti no iztur\u012bgas \u012astas \u0101das, tie nodro\u0161ina komfortu, aizsardz\u012bbu un ilgsto\u0161u valk\u0101\u0161anu. Iztur\u012bg\u0101 zole un klasisk\u0101 augst\u0101 piegul\u0161ana padara \u0161o modeli ide\u0101li piem\u0113rotu ikdienas lieto\u0161anai un izteiksm\u012bgam izskatam. Ra\u017eot\u0101js \u0136\u012bna garant\u0113 kvalitat\u012bvu izpildi un k\u0101rt\u012bgas deta\u013cas.<\/p>\n","protected":false},"excerpt":{"rendered":"<p>1460 x Sex Pistols z\u0101baki ir unik\u0101la sadarb\u012bba, kas apvieno ikonisko dizainu un le\u0123end\u0101r\u0101s grupas dump\u012bgo stilu. Izgatavoti no iztur\u012bgas \u012astas \u0101das, tie nodro\u0161ina komfortu, aizsardz\u012bbu un ilgsto\u0161u valk\u0101\u0161anu. Iztur\u012bg\u0101 zole un klasisk\u0101 augst\u0101 piegul\u0161ana padara \u0161o modeli ide\u0101li piem\u0113rotu ikdienas lieto\u0161anai un izteiksm\u012bgam izskatam. Ra\u017eot\u0101js \u0136\u012bna garant\u0113 kvalitat\u012bvu izpildi un k\u0101rt\u012bgas deta\u013cas.<\/p>\n","protected":false},"featured_media":788416,"comment_status":"open","ping_status":"open","template":"","meta":[],"product_brand":[],"product_cat":[3251,3335],"product_tag":[],"class_list":{"0":"post-788415","1":"product","2":"type-product","3":"status-publish","4":"has-post-thumbnail","6":"product_cat-all-product","7":"product_cat-cherevyky","8":"pa_rozmir-910","9":"pa_rozmir-912","10":"pa_rozmir-914","11":"pa_rozmir-915","12":"pa_rozmir-916","13":"pa_rozmir-917","14":"pa_rozmir-918","15":"pa_rozmir-919","16":"pa_rozmir-920","17":"pa_rozmir-921","18":"pa_rozmir-922","20":"first","21":"instock","22":"purchasable","23":"product-type-variable"},"_links":{"self":[{"href":"https:\/\/nextsnkr.com\/lv\/wp-json\/wp\/v2\/product\/788415","targetHints":{"allow":["GET"]}}],"collection":[{"href":"https:\/\/nextsnkr.com\/lv\/wp-json\/wp\/v2\/product"}],"about":[{"href":"https:\/\/nextsnkr.com\/lv\/wp-json\/wp\/v2\/types\/product"}],"replies":[{"embeddable":true,"href":"https:\/\/nextsnkr.com\/lv\/wp-json\/wp\/v2\/comments?post=788415"}],"version-history":[{"count":0,"href":"https:\/\/nextsnkr.com\/lv\/wp-json\/wp\/v2\/product\/788415\/revisions"}],"wp:featuredmedia":[{"embeddable":true,"href":"https:\/\/nextsnkr.com\/lv\/wp-json\/wp\/v2\/media\/788416"}],"wp:attachment":[{"href":"https:\/\/nextsnkr.com\/lv\/wp-json\/wp\/v2\/media?parent=788415"}],"wp:term":[{"taxonomy":"product_brand","embeddable":true,"href":"https:\/\/nextsnkr.com\/lv\/wp-json\/wp\/v2\/product_brand?post=788415"},{"taxonomy":"product_cat","embeddable":true,"href":"https:\/\/nextsnkr.com\/lv\/wp-json\/wp\/v2\/product_cat?post=788415"},{"taxonomy":"product_tag","embeddable":true,"href":"https:\/\/nextsnkr.com\/lv\/wp-json\/wp\/v2\/product_tag?post=788415"}],"curies":[{"name":"wp","href":"https:\/\/api.w.org\/{rel}","templated":true}]}}