{"id":784877,"date":"2025-06-13T10:28:33","date_gmt":"2025-06-13T07:28:33","guid":{"rendered":"https:\/\/nextsnkr.com\/product\/suede-xl-black-white\/"},"modified":"2026-02-02T15:31:07","modified_gmt":"2026-02-02T12:31:07","slug":"suede-xl-black-white","status":"publish","type":"product","link":"https:\/\/nextsnkr.com\/lv\/product\/suede-xl-black-white\/","title":{"rendered":"Suede XL Black \/ White \u010d\u012bbas-zam\u0161\u0101das stil\u012bgas \u010d\u012bbas ikdienas valk\u0101\u0161anai"},"content":{"rendered":"<h2>Suede XL Black \/ White \u010d\u012bbas-zam\u0161\u0101das stil\u012bgas \u010d\u012bbas ikdienas valk\u0101\u0161anai<\/h2>\n<p>&nbsp;<\/p>\n<p>Suede XL Black \/ White \u010d\u012bbas ir izgatavotas no augstas kvalit\u0101tes zam\u0161\u0101das, kas nodro\u0161ina komfortu un iztur\u012bbu. Melnbalt\u0101 kombin\u0101cija pie\u0161\u0137ir daudzpus\u012bbu un viegli sapl\u016bst ar jebkuru izskatu. Suede XL z\u012bmola modelis izce\u013c m\u016bsdien\u012bgu stilu, \u0113rtu piem\u0113rot\u012bbu un uzticamu zoli ikdienas lieto\u0161anai. Ide\u0101la izv\u0113le tiem, kas nov\u0113rt\u0113 komfortu, stilu un kvalitat\u012bvus materi\u0101lus.<\/p>\n","protected":false},"excerpt":{"rendered":"<p>Suede XL Black \/ White \u010d\u012bbas ir izgatavotas no augstas kvalit\u0101tes zam\u0161\u0101das, kas nodro\u0161ina komfortu un iztur\u012bbu. Melnbalt\u0101 kombin\u0101cija pie\u0161\u0137ir daudzpus\u012bbu un viegli sapl\u016bst ar jebkuru izskatu. Suede XL z\u012bmola modelis izce\u013c m\u016bsdien\u012bgu stilu, \u0113rtu piem\u0113rot\u012bbu un uzticamu zoli ikdienas lieto\u0161anai. Ide\u0101la izv\u0113le tiem, kas nov\u0113rt\u0113 komfortu, stilu un kvalitat\u012bvus materi\u0101lus.<\/p>\n","protected":false},"featured_media":784878,"comment_status":"open","ping_status":"open","template":"","meta":[],"product_brand":[],"product_cat":[3251,3322],"product_tag":[],"class_list":{"0":"post-784877","1":"product","2":"type-product","3":"status-publish","4":"has-post-thumbnail","6":"product_cat-all-product","7":"product_cat-kedy","8":"pa_rozmir-910","9":"pa_rozmir-912","10":"pa_rozmir-914","11":"pa_rozmir-915","12":"pa_rozmir-916","13":"pa_rozmir-917","14":"pa_rozmir-918","15":"pa_rozmir-919","16":"pa_rozmir-920","17":"pa_rozmir-921","18":"pa_rozmir-922","20":"first","21":"instock","22":"purchasable","23":"product-type-variable"},"_links":{"self":[{"href":"https:\/\/nextsnkr.com\/lv\/wp-json\/wp\/v2\/product\/784877","targetHints":{"allow":["GET"]}}],"collection":[{"href":"https:\/\/nextsnkr.com\/lv\/wp-json\/wp\/v2\/product"}],"about":[{"href":"https:\/\/nextsnkr.com\/lv\/wp-json\/wp\/v2\/types\/product"}],"replies":[{"embeddable":true,"href":"https:\/\/nextsnkr.com\/lv\/wp-json\/wp\/v2\/comments?post=784877"}],"version-history":[{"count":0,"href":"https:\/\/nextsnkr.com\/lv\/wp-json\/wp\/v2\/product\/784877\/revisions"}],"wp:featuredmedia":[{"embeddable":true,"href":"https:\/\/nextsnkr.com\/lv\/wp-json\/wp\/v2\/media\/784878"}],"wp:attachment":[{"href":"https:\/\/nextsnkr.com\/lv\/wp-json\/wp\/v2\/media?parent=784877"}],"wp:term":[{"taxonomy":"product_brand","embeddable":true,"href":"https:\/\/nextsnkr.com\/lv\/wp-json\/wp\/v2\/product_brand?post=784877"},{"taxonomy":"product_cat","embeddable":true,"href":"https:\/\/nextsnkr.com\/lv\/wp-json\/wp\/v2\/product_cat?post=784877"},{"taxonomy":"product_tag","embeddable":true,"href":"https:\/\/nextsnkr.com\/lv\/wp-json\/wp\/v2\/product_tag?post=784877"}],"curies":[{"name":"wp","href":"https:\/\/api.w.org\/{rel}","templated":true}]}}