{"id":784432,"date":"2025-06-13T10:29:39","date_gmt":"2025-06-13T07:29:39","guid":{"rendered":"https:\/\/nextsnkr.com\/product\/suede-xl-brown-pink\/"},"modified":"2026-02-02T15:30:59","modified_gmt":"2026-02-02T12:30:59","slug":"suede-xl-brown-pink","status":"publish","type":"product","link":"https:\/\/nextsnkr.com\/lv\/product\/suede-xl-brown-pink\/","title":{"rendered":"Suede XL Brown \/ Pink zam\u0161\u0101das \u010d\u012bbas-stil\u012bgs kontrast\u0113jo\u0161s dizains"},"content":{"rendered":"<h2>Suede XL Brown \/ Pink zam\u0161\u0101das \u010d\u012bbas-stil\u012bgs kontrast\u0113jo\u0161s dizains<\/h2>\n<p>&nbsp;<\/p>\n<p>Suede XL Brown \/ Pink \u010d\u012bbas ir izgatavotas no kvalitat\u012bvas zam\u0161\u0101das, kas nodro\u0161ina pat\u012bkamu tekst\u016bru un iztur\u012bbu. Br\u016bn\u0101s un roz\u0101 kr\u0101sas kombin\u0101cija rada stil\u012bgu kontrastu, kas viegli papildina ikdienas izskatu. Ra\u017eoti Vjetnam\u0101, tie izce\u013cas ar gl\u012btu \u0161\u016b\u0161anu un komfortu valk\u0101\u0161anas laik\u0101. Ide\u0101la izv\u0113le tiem, kas mekl\u0113 modernas un praktiskas \u010d\u012bbas. Kods un SKU: P030-1119807.<\/p>\n","protected":false},"excerpt":{"rendered":"<p>Suede XL Brown \/ Pink \u010d\u012bbas ir izgatavotas no kvalitat\u012bvas zam\u0161\u0101das, kas nodro\u0161ina pat\u012bkamu tekst\u016bru un iztur\u012bbu. Br\u016bn\u0101s un roz\u0101 kr\u0101sas kombin\u0101cija rada stil\u012bgu kontrastu, kas viegli papildina ikdienas izskatu. Ra\u017eoti Vjetnam\u0101, tie izce\u013cas ar gl\u012btu \u0161\u016b\u0161anu un komfortu valk\u0101\u0161anas laik\u0101. Ide\u0101la izv\u0113le tiem, kas mekl\u0113 modernas un praktiskas \u010d\u012bbas. Kods un SKU: P030-1119807.<\/p>\n","protected":false},"featured_media":784434,"comment_status":"open","ping_status":"open","template":"","meta":[],"product_brand":[],"product_cat":[3251,3322],"product_tag":[],"class_list":{"0":"post-784432","1":"product","2":"type-product","3":"status-publish","4":"has-post-thumbnail","6":"product_cat-all-product","7":"product_cat-kedy","8":"pa_rozmir-910","9":"pa_rozmir-912","10":"pa_rozmir-914","11":"pa_rozmir-915","12":"pa_rozmir-916","13":"pa_rozmir-917","14":"pa_rozmir-918","15":"pa_rozmir-919","16":"pa_rozmir-920","17":"pa_rozmir-921","18":"pa_rozmir-922","20":"first","21":"onbackorder","22":"purchasable","23":"product-type-variable"},"_links":{"self":[{"href":"https:\/\/nextsnkr.com\/lv\/wp-json\/wp\/v2\/product\/784432","targetHints":{"allow":["GET"]}}],"collection":[{"href":"https:\/\/nextsnkr.com\/lv\/wp-json\/wp\/v2\/product"}],"about":[{"href":"https:\/\/nextsnkr.com\/lv\/wp-json\/wp\/v2\/types\/product"}],"replies":[{"embeddable":true,"href":"https:\/\/nextsnkr.com\/lv\/wp-json\/wp\/v2\/comments?post=784432"}],"version-history":[{"count":0,"href":"https:\/\/nextsnkr.com\/lv\/wp-json\/wp\/v2\/product\/784432\/revisions"}],"wp:featuredmedia":[{"embeddable":true,"href":"https:\/\/nextsnkr.com\/lv\/wp-json\/wp\/v2\/media\/784434"}],"wp:attachment":[{"href":"https:\/\/nextsnkr.com\/lv\/wp-json\/wp\/v2\/media?parent=784432"}],"wp:term":[{"taxonomy":"product_brand","embeddable":true,"href":"https:\/\/nextsnkr.com\/lv\/wp-json\/wp\/v2\/product_brand?post=784432"},{"taxonomy":"product_cat","embeddable":true,"href":"https:\/\/nextsnkr.com\/lv\/wp-json\/wp\/v2\/product_cat?post=784432"},{"taxonomy":"product_tag","embeddable":true,"href":"https:\/\/nextsnkr.com\/lv\/wp-json\/wp\/v2\/product_tag?post=784432"}],"curies":[{"name":"wp","href":"https:\/\/api.w.org\/{rel}","templated":true}]}}