{"id":783344,"date":"2025-06-13T10:31:27","date_gmt":"2025-06-13T07:31:27","guid":{"rendered":"https:\/\/nextsnkr.com\/product\/new-balance-990-beige-black\/"},"modified":"2026-02-02T15:30:22","modified_gmt":"2026-02-02T12:30:22","slug":"new-balance-990-beige-black","status":"publish","type":"product","link":"https:\/\/nextsnkr.com\/lv\/product\/new-balance-990-beige-black\/","title":{"rendered":"New Balance 990 Beige \/ Black \u0100das un tekstila \u010d\u012bbas-komforts un stils"},"content":{"rendered":"<h2>New Balance 990 Beige \/ Black \u0100das un tekstila \u010d\u012bbas-komforts un stils<\/h2>\n<p>&nbsp;<\/p>\n<p>New Balance 990 Beige\/Black stil\u012bg\u0101s kedas apvieno iztur\u012bgu \u0101du un elpojo\u0161us tekstilizstr\u0101d\u0101jumus, lai nodro\u0161in\u0101tu maksim\u0101lu komfortu katru dienu. Modelis nodro\u0161ina \u0113rtu piem\u0113rot\u012bbu, vieglu kust\u012bbu un iztur\u012bbu pat tad, ja to akt\u012bvi izmanto. B\u0113\u0161a un melna kr\u0101su kombin\u0101cija padara \u010d\u012bbas daudzpus\u012bgas jebkuram izskatam. Izv\u0113lieties New Balance 990-modernu dizainu, materi\u0101lu kvalit\u0101ti un uzticam\u012bbu katr\u0101 sol\u012b.<\/p>\n","protected":false},"excerpt":{"rendered":"<p>New Balance 990 Beige\/Black stil\u012bg\u0101s kedas apvieno iztur\u012bgu \u0101du un elpojo\u0161us tekstilizstr\u0101d\u0101jumus, lai nodro\u0161in\u0101tu maksim\u0101lu komfortu katru dienu. Modelis nodro\u0161ina \u0113rtu piem\u0113rot\u012bbu, vieglu kust\u012bbu un iztur\u012bbu pat tad, ja to akt\u012bvi izmanto. B\u0113\u0161a un melna kr\u0101su kombin\u0101cija padara \u010d\u012bbas daudzpus\u012bgas jebkuram izskatam. Izv\u0113lieties New Balance 990-modernu dizainu, materi\u0101lu kvalit\u0101ti un uzticam\u012bbu katr\u0101 sol\u012b.<\/p>\n","protected":false},"featured_media":783346,"comment_status":"open","ping_status":"open","template":"","meta":[],"product_brand":[],"product_cat":[3251,3252],"product_tag":[],"class_list":{"0":"post-783344","1":"product","2":"type-product","3":"status-publish","4":"has-post-thumbnail","6":"product_cat-all-product","7":"product_cat-krosivky","8":"pa_rozmir-910","9":"pa_rozmir-912","10":"pa_rozmir-914","11":"pa_rozmir-915","12":"pa_rozmir-916","13":"pa_rozmir-917","14":"pa_rozmir-918","15":"pa_rozmir-919","16":"pa_rozmir-920","17":"pa_rozmir-921","18":"pa_rozmir-922","20":"first","21":"instock","22":"purchasable","23":"product-type-variable"},"_links":{"self":[{"href":"https:\/\/nextsnkr.com\/lv\/wp-json\/wp\/v2\/product\/783344","targetHints":{"allow":["GET"]}}],"collection":[{"href":"https:\/\/nextsnkr.com\/lv\/wp-json\/wp\/v2\/product"}],"about":[{"href":"https:\/\/nextsnkr.com\/lv\/wp-json\/wp\/v2\/types\/product"}],"replies":[{"embeddable":true,"href":"https:\/\/nextsnkr.com\/lv\/wp-json\/wp\/v2\/comments?post=783344"}],"version-history":[{"count":0,"href":"https:\/\/nextsnkr.com\/lv\/wp-json\/wp\/v2\/product\/783344\/revisions"}],"wp:featuredmedia":[{"embeddable":true,"href":"https:\/\/nextsnkr.com\/lv\/wp-json\/wp\/v2\/media\/783346"}],"wp:attachment":[{"href":"https:\/\/nextsnkr.com\/lv\/wp-json\/wp\/v2\/media?parent=783344"}],"wp:term":[{"taxonomy":"product_brand","embeddable":true,"href":"https:\/\/nextsnkr.com\/lv\/wp-json\/wp\/v2\/product_brand?post=783344"},{"taxonomy":"product_cat","embeddable":true,"href":"https:\/\/nextsnkr.com\/lv\/wp-json\/wp\/v2\/product_cat?post=783344"},{"taxonomy":"product_tag","embeddable":true,"href":"https:\/\/nextsnkr.com\/lv\/wp-json\/wp\/v2\/product_tag?post=783344"}],"curies":[{"name":"wp","href":"https:\/\/api.w.org\/{rel}","templated":true}]}}