{"id":782740,"date":"2025-06-13T10:32:32","date_gmt":"2025-06-13T07:32:32","guid":{"rendered":"https:\/\/nextsnkr.com\/product\/1906r-black-metallic-silver\/"},"modified":"2026-02-02T15:29:57","modified_gmt":"2026-02-02T12:29:57","slug":"1906r-black-metallic-silver-2","status":"publish","type":"product","link":"https:\/\/nextsnkr.com\/lv\/product\/1906r-black-metallic-silver-2\/","title":{"rendered":"1906r meln\u0101 met\u0101la sudraba \u010d\u012bbas &#8211; v\u012brie\u0161u \u0101das un tekstila \u010d\u012bbas"},"content":{"rendered":"<h2>1906r meln\u0101 met\u0101la sudraba \u010d\u012bbas &#8211; v\u012brie\u0161u \u0101das un tekstila \u010d\u012bbas<\/h2>\n<p>&nbsp;<\/p>\n<p>1906r Black Metallic Silver \u010d\u012bbas apvieno modernu dizainu, uzticam\u012bbu un komfortu. Izgatavoti no \u0101das un tekstilizstr\u0101d\u0101jumu kombin\u0101cijas, tie nodro\u0161ina iztur\u012bbu, ventil\u0101ciju un \u0113rtu piem\u0113rot\u012bbu. Stil\u012bg\u0101 meln\u0101 un met\u0101lisk\u0101 sudraba kombin\u0101cija padara modeli daudzpus\u012bgu ikdienas valk\u0101\u0161anai, treni\u0146iem un \u0101ra aktivit\u0101t\u0113m. Ra\u017eot\u0101js Vjetnama garant\u0113 \u0161\u016b\u0161anas kvalit\u0101ti un iztur\u012bbu. 1906r Black Metallic Silver ir lieliska izv\u0113le tiem, kas nov\u0113rt\u0113 stilu, komfortu un uzticamus materi\u0101lus.<\/p>\n","protected":false},"excerpt":{"rendered":"<p>1906r Black Metallic Silver \u010d\u012bbas apvieno modernu dizainu, uzticam\u012bbu un komfortu. Izgatavoti no \u0101das un tekstilizstr\u0101d\u0101jumu kombin\u0101cijas, tie nodro\u0161ina iztur\u012bbu, ventil\u0101ciju un \u0113rtu piem\u0113rot\u012bbu. Stil\u012bg\u0101 meln\u0101 un met\u0101lisk\u0101 sudraba kombin\u0101cija padara modeli daudzpus\u012bgu ikdienas valk\u0101\u0161anai, treni\u0146iem un \u0101ra aktivit\u0101t\u0113m. Ra\u017eot\u0101js Vjetnama garant\u0113 \u0161\u016b\u0161anas kvalit\u0101ti un iztur\u012bbu. 1906r Black Metallic Silver ir lieliska izv\u0113le tiem, kas nov\u0113rt\u0113 stilu, komfortu un uzticamus materi\u0101lus.<\/p>\n","protected":false},"featured_media":782741,"comment_status":"open","ping_status":"open","template":"","meta":[],"product_brand":[],"product_cat":[3251,3252],"product_tag":[],"class_list":{"0":"post-782740","1":"product","2":"type-product","3":"status-publish","4":"has-post-thumbnail","6":"product_cat-all-product","7":"product_cat-krosivky","8":"pa_rozmir-910","9":"pa_rozmir-912","10":"pa_rozmir-914","11":"pa_rozmir-915","12":"pa_rozmir-916","13":"pa_rozmir-917","14":"pa_rozmir-918","15":"pa_rozmir-919","16":"pa_rozmir-920","17":"pa_rozmir-921","19":"first","20":"instock","21":"purchasable","22":"product-type-variable"},"_links":{"self":[{"href":"https:\/\/nextsnkr.com\/lv\/wp-json\/wp\/v2\/product\/782740","targetHints":{"allow":["GET"]}}],"collection":[{"href":"https:\/\/nextsnkr.com\/lv\/wp-json\/wp\/v2\/product"}],"about":[{"href":"https:\/\/nextsnkr.com\/lv\/wp-json\/wp\/v2\/types\/product"}],"replies":[{"embeddable":true,"href":"https:\/\/nextsnkr.com\/lv\/wp-json\/wp\/v2\/comments?post=782740"}],"version-history":[{"count":0,"href":"https:\/\/nextsnkr.com\/lv\/wp-json\/wp\/v2\/product\/782740\/revisions"}],"wp:featuredmedia":[{"embeddable":true,"href":"https:\/\/nextsnkr.com\/lv\/wp-json\/wp\/v2\/media\/782741"}],"wp:attachment":[{"href":"https:\/\/nextsnkr.com\/lv\/wp-json\/wp\/v2\/media?parent=782740"}],"wp:term":[{"taxonomy":"product_brand","embeddable":true,"href":"https:\/\/nextsnkr.com\/lv\/wp-json\/wp\/v2\/product_brand?post=782740"},{"taxonomy":"product_cat","embeddable":true,"href":"https:\/\/nextsnkr.com\/lv\/wp-json\/wp\/v2\/product_cat?post=782740"},{"taxonomy":"product_tag","embeddable":true,"href":"https:\/\/nextsnkr.com\/lv\/wp-json\/wp\/v2\/product_tag?post=782740"}],"curies":[{"name":"wp","href":"https:\/\/api.w.org\/{rel}","templated":true}]}}