{"id":782079,"date":"2025-06-13T10:33:33","date_gmt":"2025-06-13T07:33:33","guid":{"rendered":"https:\/\/nextsnkr.com\/product\/dr-martens-jadon-brown-the-creation-of-adam\/"},"modified":"2026-02-02T15:29:44","modified_gmt":"2026-02-02T12:29:44","slug":"dr-martens-jadon-brown-the-creation-of-adam","status":"publish","type":"product","link":"https:\/\/nextsnkr.com\/lv\/product\/dr-martens-jadon-brown-the-creation-of-adam\/","title":{"rendered":"Z\u0101baki Dr. Martens Jadon Brown \u0100dama rad\u012b\u0161ana \u0101da"},"content":{"rendered":"<h2>Z\u0101baki Dr. Martens Jadon Brown \u0100dama rad\u012b\u0161ana \u0101da<\/h2>\n<p>&nbsp;<\/p>\n<p>Z\u0101baki Dr. Martens Jadon Brown the creation of Adam ir izgatavots no iztur\u012bgas \u012astas \u0101das un izol\u0113ts ar ka\u017eok\u0101du, kas nodro\u0161ina siltumu un komfortu aukstaj\u0101 sezon\u0101. Ori\u0123in\u0101ls dizains ar tematisku apdruku pie\u0161\u0137ir mode\u013ciem unikalit\u0101ti un izteiksm\u012bgumu. Augst\u0101 zole garant\u0113 stabilit\u0101ti un iztur\u012bbu, un klasiskais Jadon dizains nodro\u0161ina \u0113rtu piegul\u0161anu. Ide\u0101la izv\u0113le tiem, kas v\u0113las apvienot stilu, praktiskumu un iedvesmotu m\u0101kslas dizainu. Ra\u017eot\u0101js: Vjetnama. SKU: 1606914270-38714<\/p>\n","protected":false},"excerpt":{"rendered":"<p>Z\u0101baki Dr. Martens Jadon Brown the creation of Adam ir izgatavots no iztur\u012bgas \u012astas \u0101das un izol\u0113ts ar ka\u017eok\u0101du, kas nodro\u0161ina siltumu un komfortu aukstaj\u0101 sezon\u0101. Ori\u0123in\u0101ls dizains ar tematisku apdruku pie\u0161\u0137ir mode\u013ciem unikalit\u0101ti un izteiksm\u012bgumu. Augst\u0101 zole garant\u0113 stabilit\u0101ti un iztur\u012bbu, un klasiskais Jadon dizains nodro\u0161ina \u0113rtu piegul\u0161anu. Ide\u0101la izv\u0113le tiem, kas v\u0113las apvienot stilu, praktiskumu un iedvesmotu m\u0101kslas dizainu. Ra\u017eot\u0101js: Vjetnama. SKU: 1606914270-38714<\/p>\n","protected":false},"featured_media":782081,"comment_status":"open","ping_status":"open","template":"","meta":[],"product_brand":[2398],"product_cat":[3620,3251,3335],"product_tag":[],"class_list":{"0":"post-782079","1":"product","2":"type-product","3":"status-publish","4":"has-post-thumbnail","6":"product_brand-dr-martens","7":"product_cat-dr-martens","8":"product_cat-all-product","9":"product_cat-cherevyky","10":"pa_rozmir-910","11":"pa_rozmir-912","12":"pa_rozmir-914","13":"pa_rozmir-915","14":"pa_rozmir-916","15":"pa_rozmir-917","16":"pa_rozmir-918","17":"pa_rozmir-919","18":"pa_rozmir-920","19":"pa_rozmir-921","20":"pa_rozmir-922","22":"first","23":"instock","24":"purchasable","25":"product-type-variable"},"_links":{"self":[{"href":"https:\/\/nextsnkr.com\/lv\/wp-json\/wp\/v2\/product\/782079","targetHints":{"allow":["GET"]}}],"collection":[{"href":"https:\/\/nextsnkr.com\/lv\/wp-json\/wp\/v2\/product"}],"about":[{"href":"https:\/\/nextsnkr.com\/lv\/wp-json\/wp\/v2\/types\/product"}],"replies":[{"embeddable":true,"href":"https:\/\/nextsnkr.com\/lv\/wp-json\/wp\/v2\/comments?post=782079"}],"version-history":[{"count":0,"href":"https:\/\/nextsnkr.com\/lv\/wp-json\/wp\/v2\/product\/782079\/revisions"}],"wp:featuredmedia":[{"embeddable":true,"href":"https:\/\/nextsnkr.com\/lv\/wp-json\/wp\/v2\/media\/782081"}],"wp:attachment":[{"href":"https:\/\/nextsnkr.com\/lv\/wp-json\/wp\/v2\/media?parent=782079"}],"wp:term":[{"taxonomy":"product_brand","embeddable":true,"href":"https:\/\/nextsnkr.com\/lv\/wp-json\/wp\/v2\/product_brand?post=782079"},{"taxonomy":"product_cat","embeddable":true,"href":"https:\/\/nextsnkr.com\/lv\/wp-json\/wp\/v2\/product_cat?post=782079"},{"taxonomy":"product_tag","embeddable":true,"href":"https:\/\/nextsnkr.com\/lv\/wp-json\/wp\/v2\/product_tag?post=782079"}],"curies":[{"name":"wp","href":"https:\/\/api.w.org\/{rel}","templated":true}]}}