{"id":781110,"date":"2025-06-13T10:35:25","date_gmt":"2025-06-13T07:35:25","guid":{"rendered":"https:\/\/nextsnkr.com\/product\/adidas-ozweego-blue\/"},"modified":"2026-02-02T15:29:18","modified_gmt":"2026-02-02T12:29:18","slug":"adidas-ozweego-blue-2","status":"publish","type":"product","link":"https:\/\/nextsnkr.com\/lv\/product\/adidas-ozweego-blue-2\/","title":{"rendered":"Adidas Ozweego Blue \u010d\u012bbas-\u0101das un tekstila stil\u012bgas krosas"},"content":{"rendered":"<h2>Adidas Ozweego Blue \u010d\u012bbas-\u0101das un tekstila stil\u012bgas krosas<\/h2>\n<p>&nbsp;<\/p>\n<p>Adidas Ozweego Blue \u010d\u012bbas ir izgatavotas no \u012bstas \u0101das un iztur\u012bgu tekstilizstr\u0101d\u0101jumu kombin\u0101cijas, kas nodro\u0161ina komfortu, iztur\u012bbu un stil\u012bgu izskatu. Modelis ir ide\u0101li piem\u0113rots ikdienas valk\u0101\u0161anai un akt\u012bvai pils\u0113tas dz\u012bvei, nodro\u0161inot stabilu p\u0113du atbalstu un amortiz\u0101ciju kust\u012bbas laik\u0101. \u0160\u012bs \u010d\u012bbas, kas ra\u017eotas Vjetnam\u0101, izce\u013cas ar augstu kvalit\u0101ti un spilgti zilu dizainu, kas izce\u013c person\u012bbu un m\u016bsdienu stilu.<\/p>\n","protected":false},"excerpt":{"rendered":"<p>Adidas Ozweego Blue \u010d\u012bbas ir izgatavotas no \u012bstas \u0101das un iztur\u012bgu tekstilizstr\u0101d\u0101jumu kombin\u0101cijas, kas nodro\u0161ina komfortu, iztur\u012bbu un stil\u012bgu izskatu. Modelis ir ide\u0101li piem\u0113rots ikdienas valk\u0101\u0161anai un akt\u012bvai pils\u0113tas dz\u012bvei, nodro\u0161inot stabilu p\u0113du atbalstu un amortiz\u0101ciju kust\u012bbas laik\u0101. \u0160\u012bs \u010d\u012bbas, kas ra\u017eotas Vjetnam\u0101, izce\u013cas ar augstu kvalit\u0101ti un spilgti zilu dizainu, kas izce\u013c person\u012bbu un m\u016bsdienu stilu.<\/p>\n","protected":false},"featured_media":781112,"comment_status":"open","ping_status":"open","template":"","meta":[],"product_brand":[],"product_cat":[3251,3252],"product_tag":[],"class_list":{"0":"post-781110","1":"product","2":"type-product","3":"status-publish","4":"has-post-thumbnail","6":"product_cat-all-product","7":"product_cat-krosivky","8":"pa_rozmir-910","9":"pa_rozmir-912","10":"pa_rozmir-914","11":"pa_rozmir-915","12":"pa_rozmir-916","13":"pa_rozmir-917","14":"pa_rozmir-918","15":"pa_rozmir-919","16":"pa_rozmir-920","17":"pa_rozmir-921","18":"pa_rozmir-922","20":"first","21":"instock","22":"purchasable","23":"product-type-variable"},"_links":{"self":[{"href":"https:\/\/nextsnkr.com\/lv\/wp-json\/wp\/v2\/product\/781110","targetHints":{"allow":["GET"]}}],"collection":[{"href":"https:\/\/nextsnkr.com\/lv\/wp-json\/wp\/v2\/product"}],"about":[{"href":"https:\/\/nextsnkr.com\/lv\/wp-json\/wp\/v2\/types\/product"}],"replies":[{"embeddable":true,"href":"https:\/\/nextsnkr.com\/lv\/wp-json\/wp\/v2\/comments?post=781110"}],"version-history":[{"count":0,"href":"https:\/\/nextsnkr.com\/lv\/wp-json\/wp\/v2\/product\/781110\/revisions"}],"wp:featuredmedia":[{"embeddable":true,"href":"https:\/\/nextsnkr.com\/lv\/wp-json\/wp\/v2\/media\/781112"}],"wp:attachment":[{"href":"https:\/\/nextsnkr.com\/lv\/wp-json\/wp\/v2\/media?parent=781110"}],"wp:term":[{"taxonomy":"product_brand","embeddable":true,"href":"https:\/\/nextsnkr.com\/lv\/wp-json\/wp\/v2\/product_brand?post=781110"},{"taxonomy":"product_cat","embeddable":true,"href":"https:\/\/nextsnkr.com\/lv\/wp-json\/wp\/v2\/product_cat?post=781110"},{"taxonomy":"product_tag","embeddable":true,"href":"https:\/\/nextsnkr.com\/lv\/wp-json\/wp\/v2\/product_tag?post=781110"}],"curies":[{"name":"wp","href":"https:\/\/api.w.org\/{rel}","templated":true}]}}