{"id":780301,"date":"2025-06-13T10:37:05","date_gmt":"2025-06-13T07:37:05","guid":{"rendered":"https:\/\/nextsnkr.com\/product\/adidas-samba-vegan\/"},"modified":"2026-02-02T15:28:57","modified_gmt":"2026-02-02T12:28:57","slug":"adidas-samba-vegan","status":"publish","type":"product","link":"https:\/\/nextsnkr.com\/lv\/product\/adidas-samba-vegan\/","title":{"rendered":"Adidas Samba Vegan \u010d\u012bbas-\u0101da un zam\u0161\u0101da, stil\u012bgas un videi draudz\u012bgas"},"content":{"rendered":"<h2>Adidas Samba Vegan \u010d\u012bbas-\u0101da un zam\u0161\u0101da, stil\u012bgas un videi draudz\u012bgas<\/h2>\n<p>&nbsp;<\/p>\n<p>Adidas Samba Vegan \u010d\u012bbas apvieno z\u012bmola ikonisko stilu un m\u016bsdien\u012bgu pieeju ekolo\u0123ijai. Modelis ir izgatavots no m\u0101ksl\u012bg\u0101s \u0101das un zam\u0161\u0101das, kas nodro\u0161ina nodilumiztur\u012bbu un komfortu ikdienas valk\u0101\u0161anas laik\u0101. Klasiskais Samba siluets ir viegli savienojams ar jebkuru veidu, un Vjetnamas ra\u017eo\u0161anas kvalit\u0101te garant\u0113 ilgu kalpo\u0161anas laiku. Izv\u0113lieties Adidas Samba Vegan, lai ieg\u016btu stil\u012bgu, \u0113rtu un atbild\u012bgu izv\u0113li.<\/p>\n","protected":false},"excerpt":{"rendered":"<p>Adidas Samba Vegan \u010d\u012bbas apvieno z\u012bmola ikonisko stilu un m\u016bsdien\u012bgu pieeju ekolo\u0123ijai. Modelis ir izgatavots no m\u0101ksl\u012bg\u0101s \u0101das un zam\u0161\u0101das, kas nodro\u0161ina nodilumiztur\u012bbu un komfortu ikdienas valk\u0101\u0161anas laik\u0101. Klasiskais Samba siluets ir viegli savienojams ar jebkuru veidu, un Vjetnamas ra\u017eo\u0161anas kvalit\u0101te garant\u0113 ilgu kalpo\u0161anas laiku. Izv\u0113lieties Adidas Samba Vegan, lai ieg\u016btu stil\u012bgu, \u0113rtu un atbild\u012bgu izv\u0113li.<\/p>\n","protected":false},"featured_media":780302,"comment_status":"open","ping_status":"open","template":"","meta":[],"product_brand":[],"product_cat":[3251,3322],"product_tag":[],"class_list":{"0":"post-780301","1":"product","2":"type-product","3":"status-publish","4":"has-post-thumbnail","6":"product_cat-all-product","7":"product_cat-kedy","8":"pa_rozmir-910","9":"pa_rozmir-912","10":"pa_rozmir-914","11":"pa_rozmir-915","12":"pa_rozmir-916","13":"pa_rozmir-917","14":"pa_rozmir-918","15":"pa_rozmir-919","16":"pa_rozmir-920","17":"pa_rozmir-921","18":"pa_rozmir-922","20":"first","21":"instock","22":"purchasable","23":"product-type-variable"},"_links":{"self":[{"href":"https:\/\/nextsnkr.com\/lv\/wp-json\/wp\/v2\/product\/780301","targetHints":{"allow":["GET"]}}],"collection":[{"href":"https:\/\/nextsnkr.com\/lv\/wp-json\/wp\/v2\/product"}],"about":[{"href":"https:\/\/nextsnkr.com\/lv\/wp-json\/wp\/v2\/types\/product"}],"replies":[{"embeddable":true,"href":"https:\/\/nextsnkr.com\/lv\/wp-json\/wp\/v2\/comments?post=780301"}],"version-history":[{"count":0,"href":"https:\/\/nextsnkr.com\/lv\/wp-json\/wp\/v2\/product\/780301\/revisions"}],"wp:featuredmedia":[{"embeddable":true,"href":"https:\/\/nextsnkr.com\/lv\/wp-json\/wp\/v2\/media\/780302"}],"wp:attachment":[{"href":"https:\/\/nextsnkr.com\/lv\/wp-json\/wp\/v2\/media?parent=780301"}],"wp:term":[{"taxonomy":"product_brand","embeddable":true,"href":"https:\/\/nextsnkr.com\/lv\/wp-json\/wp\/v2\/product_brand?post=780301"},{"taxonomy":"product_cat","embeddable":true,"href":"https:\/\/nextsnkr.com\/lv\/wp-json\/wp\/v2\/product_cat?post=780301"},{"taxonomy":"product_tag","embeddable":true,"href":"https:\/\/nextsnkr.com\/lv\/wp-json\/wp\/v2\/product_tag?post=780301"}],"curies":[{"name":"wp","href":"https:\/\/api.w.org\/{rel}","templated":true}]}}