{"id":780023,"date":"2025-06-13T10:37:31","date_gmt":"2025-06-13T07:37:31","guid":{"rendered":"https:\/\/nextsnkr.com\/product\/adidas-ozweego-light-grey\/"},"modified":"2026-02-02T15:28:52","modified_gmt":"2026-02-02T12:28:52","slug":"adidas-ozweego-light-grey-2","status":"publish","type":"product","link":"https:\/\/nextsnkr.com\/lv\/product\/adidas-ozweego-light-grey-2\/","title":{"rendered":"\u010c\u012bbas Adidas Ozweego Light Grey \u0101da zam\u0161\u0101da tekstils"},"content":{"rendered":"<h2>\u010c\u012bbas Adidas Ozweego Light Grey \u0101da zam\u0161\u0101da tekstils<\/h2>\n<p>&nbsp;<\/p>\n<p>Adidas ozweego Light Grey stil\u012bg\u0101s kedas ir izgatavotas no \u0101das, zam\u0161\u0101das un tekstila kombin\u0101cijas, kas nodro\u0161ina komfortu, iztur\u012bbu un m\u016bsdien\u012bgu izskatu. Viegl\u0101 triecienu absorb\u0113jo\u0161\u0101 zole nodro\u0161ina m\u012bkstu atbalstu pastaigas laik\u0101, padarot modeli ide\u0101li piem\u0113rotu ikdienas lieto\u0161anai. Pateicoties modernajai gai\u0161i pel\u0113kajai kr\u0101sai, \u010d\u012bbas ir viegli savienojamas ar jebkuru izskatu. Ra\u017eots Vjetnam\u0101 p\u0113c augstiem kvalit\u0101tes standartiem. Izv\u0113lieties Adidas uzticam\u012bbu un stilu.<\/p>\n","protected":false},"excerpt":{"rendered":"<p>Adidas ozweego Light Grey stil\u012bg\u0101s kedas ir izgatavotas no \u0101das, zam\u0161\u0101das un tekstila kombin\u0101cijas, kas nodro\u0161ina komfortu, iztur\u012bbu un m\u016bsdien\u012bgu izskatu. Viegl\u0101 triecienu absorb\u0113jo\u0161\u0101 zole nodro\u0161ina m\u012bkstu atbalstu pastaigas laik\u0101, padarot modeli ide\u0101li piem\u0113rotu ikdienas lieto\u0161anai. Pateicoties modernajai gai\u0161i pel\u0113kajai kr\u0101sai, \u010d\u012bbas ir viegli savienojamas ar jebkuru izskatu. Ra\u017eots Vjetnam\u0101 p\u0113c augstiem kvalit\u0101tes standartiem. Izv\u0113lieties Adidas uzticam\u012bbu un stilu.<\/p>\n","protected":false},"featured_media":780024,"comment_status":"open","ping_status":"open","template":"","meta":[],"product_brand":[],"product_cat":[3251,3252],"product_tag":[],"class_list":{"0":"post-780023","1":"product","2":"type-product","3":"status-publish","4":"has-post-thumbnail","6":"product_cat-all-product","7":"product_cat-krosivky","8":"pa_rozmir-910","9":"pa_rozmir-912","10":"pa_rozmir-914","11":"pa_rozmir-915","12":"pa_rozmir-916","13":"pa_rozmir-917","14":"pa_rozmir-918","15":"pa_rozmir-919","16":"pa_rozmir-920","17":"pa_rozmir-921","18":"pa_rozmir-922","20":"first","21":"instock","22":"purchasable","23":"product-type-variable"},"_links":{"self":[{"href":"https:\/\/nextsnkr.com\/lv\/wp-json\/wp\/v2\/product\/780023","targetHints":{"allow":["GET"]}}],"collection":[{"href":"https:\/\/nextsnkr.com\/lv\/wp-json\/wp\/v2\/product"}],"about":[{"href":"https:\/\/nextsnkr.com\/lv\/wp-json\/wp\/v2\/types\/product"}],"replies":[{"embeddable":true,"href":"https:\/\/nextsnkr.com\/lv\/wp-json\/wp\/v2\/comments?post=780023"}],"version-history":[{"count":0,"href":"https:\/\/nextsnkr.com\/lv\/wp-json\/wp\/v2\/product\/780023\/revisions"}],"wp:featuredmedia":[{"embeddable":true,"href":"https:\/\/nextsnkr.com\/lv\/wp-json\/wp\/v2\/media\/780024"}],"wp:attachment":[{"href":"https:\/\/nextsnkr.com\/lv\/wp-json\/wp\/v2\/media?parent=780023"}],"wp:term":[{"taxonomy":"product_brand","embeddable":true,"href":"https:\/\/nextsnkr.com\/lv\/wp-json\/wp\/v2\/product_brand?post=780023"},{"taxonomy":"product_cat","embeddable":true,"href":"https:\/\/nextsnkr.com\/lv\/wp-json\/wp\/v2\/product_cat?post=780023"},{"taxonomy":"product_tag","embeddable":true,"href":"https:\/\/nextsnkr.com\/lv\/wp-json\/wp\/v2\/product_tag?post=780023"}],"curies":[{"name":"wp","href":"https:\/\/api.w.org\/{rel}","templated":true}]}}