{"id":778894,"date":"2025-06-13T10:39:27","date_gmt":"2025-06-13T07:39:27","guid":{"rendered":"https:\/\/nextsnkr.com\/product\/adidas-samba-white-green\/"},"modified":"2026-02-02T15:28:21","modified_gmt":"2026-02-02T12:28:21","slug":"adidas-samba-white-green","status":"publish","type":"product","link":"https:\/\/nextsnkr.com\/lv\/product\/adidas-samba-white-green\/","title":{"rendered":"Adidas Samba White Green \u0101das un zam\u0161\u0101das \u010d\u012bbas-klasisks stils"},"content":{"rendered":"<h2>Adidas Samba White Green \u0101das un zam\u0161\u0101das \u010d\u012bbas-klasisks stils<\/h2>\n<p>&nbsp;<\/p>\n<p>Adidas Samba White Green \u010d\u012bbas ir izgatavotas no \u012bstas \u0101das un iztur\u012bgas zam\u0161\u0101das kombin\u0101cijas, kas nodro\u0161ina komfortu un ilgsto\u0161u nodilumiztur\u012bbu. Balt\u0101 un za\u013c\u0101 klasisk\u0101 skala padara modeli daudzpus\u012bgu ikdienas stilam. Ra\u017eoti Vjetnam\u0101, tie izce\u013cas ar kvalitat\u012bvu \u0161\u016b\u0161anu un \u0113rtu staig\u0101\u0161anu. Ide\u0101la izv\u0113le tiem, kas nov\u0113rt\u0113 le\u0123end\u0101ro dizainu un uzticamos Materi\u0101lus. Kods un SKU: 0630v-707668.<\/p>\n","protected":false},"excerpt":{"rendered":"<p>Adidas Samba White Green \u010d\u012bbas ir izgatavotas no \u012bstas \u0101das un iztur\u012bgas zam\u0161\u0101das kombin\u0101cijas, kas nodro\u0161ina komfortu un ilgsto\u0161u nodilumiztur\u012bbu. Balt\u0101 un za\u013c\u0101 klasisk\u0101 skala padara modeli daudzpus\u012bgu ikdienas stilam. Ra\u017eoti Vjetnam\u0101, tie izce\u013cas ar kvalitat\u012bvu \u0161\u016b\u0161anu un \u0113rtu staig\u0101\u0161anu. Ide\u0101la izv\u0113le tiem, kas nov\u0113rt\u0113 le\u0123end\u0101ro dizainu un uzticamos Materi\u0101lus. Kods un SKU: 0630v-707668.<\/p>\n","protected":false},"featured_media":778895,"comment_status":"open","ping_status":"open","template":"","meta":[],"product_brand":[],"product_cat":[3251,3322],"product_tag":[],"class_list":{"0":"post-778894","1":"product","2":"type-product","3":"status-publish","4":"has-post-thumbnail","6":"product_cat-all-product","7":"product_cat-kedy","8":"pa_rozmir-910","9":"pa_rozmir-3253","10":"pa_rozmir-912","11":"pa_rozmir-3254","12":"pa_rozmir-3255","13":"pa_rozmir-914","14":"pa_rozmir-3256","15":"pa_rozmir-915","16":"pa_rozmir-916","17":"pa_rozmir-3257","18":"pa_rozmir-917","19":"pa_rozmir-3258","20":"pa_rozmir-918","21":"pa_rozmir-3259","22":"pa_rozmir-919","23":"pa_rozmir-3260","24":"pa_rozmir-920","25":"pa_rozmir-3261","26":"pa_rozmir-921","27":"pa_rozmir-3262","28":"pa_rozmir-922","29":"pa_rozmir-3263","31":"first","32":"instock","33":"purchasable","34":"product-type-variable"},"_links":{"self":[{"href":"https:\/\/nextsnkr.com\/lv\/wp-json\/wp\/v2\/product\/778894","targetHints":{"allow":["GET"]}}],"collection":[{"href":"https:\/\/nextsnkr.com\/lv\/wp-json\/wp\/v2\/product"}],"about":[{"href":"https:\/\/nextsnkr.com\/lv\/wp-json\/wp\/v2\/types\/product"}],"replies":[{"embeddable":true,"href":"https:\/\/nextsnkr.com\/lv\/wp-json\/wp\/v2\/comments?post=778894"}],"version-history":[{"count":0,"href":"https:\/\/nextsnkr.com\/lv\/wp-json\/wp\/v2\/product\/778894\/revisions"}],"wp:featuredmedia":[{"embeddable":true,"href":"https:\/\/nextsnkr.com\/lv\/wp-json\/wp\/v2\/media\/778895"}],"wp:attachment":[{"href":"https:\/\/nextsnkr.com\/lv\/wp-json\/wp\/v2\/media?parent=778894"}],"wp:term":[{"taxonomy":"product_brand","embeddable":true,"href":"https:\/\/nextsnkr.com\/lv\/wp-json\/wp\/v2\/product_brand?post=778894"},{"taxonomy":"product_cat","embeddable":true,"href":"https:\/\/nextsnkr.com\/lv\/wp-json\/wp\/v2\/product_cat?post=778894"},{"taxonomy":"product_tag","embeddable":true,"href":"https:\/\/nextsnkr.com\/lv\/wp-json\/wp\/v2\/product_tag?post=778894"}],"curies":[{"name":"wp","href":"https:\/\/api.w.org\/{rel}","templated":true}]}}