{"id":778321,"date":"2025-06-13T10:40:16","date_gmt":"2025-06-13T07:40:16","guid":{"rendered":"https:\/\/nextsnkr.com\/product\/adidas-ozweego-dark-grey\/"},"modified":"2026-02-02T15:28:13","modified_gmt":"2026-02-02T12:28:13","slug":"adidas-ozweego-dark-grey","status":"publish","type":"product","link":"https:\/\/nextsnkr.com\/lv\/product\/adidas-ozweego-dark-grey\/","title":{"rendered":"Adidas Ozweego Dark Grey-\u0101das \/ tekstila \u010d\u012bbas Tum\u0161i pel\u0113k\u0101 kr\u0101s\u0101"},"content":{"rendered":"<h2>Adidas Ozweego Dark Grey-\u0101das \/ tekstila \u010d\u012bbas Tum\u0161i pel\u0113k\u0101 kr\u0101s\u0101<\/h2>\n<p>&nbsp;<\/p>\n<p>Adidas Ozweego Dark Grey \u010d\u012bbas ir stil\u012bga izv\u0113le tiem, kas nov\u0113rt\u0113 komfortu un moderno dizainu. Modelis ir izgatavots no \u0101das un tekstilizstr\u0101d\u0101jumu kombin\u0101cijas, kas nodro\u0161ina nodilumiztur\u012bbu, ventil\u0101ciju un vieglumu. Amortiz\u0101cijas zole nodro\u0161ina komfortu akt\u012bv\u0101s dienas laik\u0101, un daudzpus\u012bg\u0101 Tum\u0161i pel\u0113k\u0101 kr\u0101sa viegli sader ar jebkuru dr\u0113bju skapi. Ra\u017eots Vjetnam\u0101 p\u0113c augstiem kvalit\u0101tes standartiem. Ide\u0101ls variants pils\u0113tas stilam un ikdienas lieto\u0161anai.<\/p>\n","protected":false},"excerpt":{"rendered":"<p>Adidas Ozweego Dark Grey \u010d\u012bbas ir stil\u012bga izv\u0113le tiem, kas nov\u0113rt\u0113 komfortu un moderno dizainu. Modelis ir izgatavots no \u0101das un tekstilizstr\u0101d\u0101jumu kombin\u0101cijas, kas nodro\u0161ina nodilumiztur\u012bbu, ventil\u0101ciju un vieglumu. Amortiz\u0101cijas zole nodro\u0161ina komfortu akt\u012bv\u0101s dienas laik\u0101, un daudzpus\u012bg\u0101 Tum\u0161i pel\u0113k\u0101 kr\u0101sa viegli sader ar jebkuru dr\u0113bju skapi. Ra\u017eots Vjetnam\u0101 p\u0113c augstiem kvalit\u0101tes standartiem. Ide\u0101ls variants pils\u0113tas stilam un ikdienas lieto\u0161anai.<\/p>\n","protected":false},"featured_media":778322,"comment_status":"open","ping_status":"open","template":"","meta":[],"product_brand":[],"product_cat":[3251],"product_tag":[],"class_list":{"0":"post-778321","1":"product","2":"type-product","3":"status-publish","4":"has-post-thumbnail","6":"product_cat-all-product","7":"pa_rozmir-910","8":"pa_rozmir-912","9":"pa_rozmir-914","10":"pa_rozmir-915","11":"pa_rozmir-916","12":"pa_rozmir-917","13":"pa_rozmir-918","14":"pa_rozmir-919","15":"pa_rozmir-920","16":"pa_rozmir-921","17":"pa_rozmir-922","19":"first","20":"onbackorder","21":"purchasable","22":"product-type-variable"},"_links":{"self":[{"href":"https:\/\/nextsnkr.com\/lv\/wp-json\/wp\/v2\/product\/778321","targetHints":{"allow":["GET"]}}],"collection":[{"href":"https:\/\/nextsnkr.com\/lv\/wp-json\/wp\/v2\/product"}],"about":[{"href":"https:\/\/nextsnkr.com\/lv\/wp-json\/wp\/v2\/types\/product"}],"replies":[{"embeddable":true,"href":"https:\/\/nextsnkr.com\/lv\/wp-json\/wp\/v2\/comments?post=778321"}],"version-history":[{"count":0,"href":"https:\/\/nextsnkr.com\/lv\/wp-json\/wp\/v2\/product\/778321\/revisions"}],"wp:featuredmedia":[{"embeddable":true,"href":"https:\/\/nextsnkr.com\/lv\/wp-json\/wp\/v2\/media\/778322"}],"wp:attachment":[{"href":"https:\/\/nextsnkr.com\/lv\/wp-json\/wp\/v2\/media?parent=778321"}],"wp:term":[{"taxonomy":"product_brand","embeddable":true,"href":"https:\/\/nextsnkr.com\/lv\/wp-json\/wp\/v2\/product_brand?post=778321"},{"taxonomy":"product_cat","embeddable":true,"href":"https:\/\/nextsnkr.com\/lv\/wp-json\/wp\/v2\/product_cat?post=778321"},{"taxonomy":"product_tag","embeddable":true,"href":"https:\/\/nextsnkr.com\/lv\/wp-json\/wp\/v2\/product_tag?post=778321"}],"curies":[{"name":"wp","href":"https:\/\/api.w.org\/{rel}","templated":true}]}}