{"id":775980,"date":"2025-06-13T10:45:52","date_gmt":"2025-06-13T07:45:52","guid":{"rendered":"https:\/\/nextsnkr.com\/product\/nike-air-force-107-lv8-ultra-white-2\/"},"modified":"2026-02-02T15:27:01","modified_gmt":"2026-02-02T12:27:01","slug":"nike-air-force-107-lv8-ultra-white-2","status":"publish","type":"product","link":"https:\/\/nextsnkr.com\/lv\/product\/nike-air-force-107-lv8-ultra-white-2\/","title":{"rendered":"Nike Air Force 1&#8217;07 lv8 Ultra White \u010d\u012bbas &#8211; \u0101das stil\u012bgas krosas"},"content":{"rendered":"<h2>Nike Air Force 1&#8217;07 lv8 Ultra White \u010d\u012bbas &#8211; \u0101das stil\u012bgas krosas<\/h2>\n<p>&nbsp;<\/p>\n<p>Nike Air Force 1&#8217;07 lv8 Ultra White \u010d\u012bbas ir izgatavotas no \u012bstas \u0101das, kas nodro\u0161ina komfortu, iztur\u012bbu un iztur\u012bbu. Klasiskais baltais dizains izce\u013c stilu un daudzpus\u012bbu, piem\u0113rots ikdienas valk\u0101\u0161anai un akt\u012bvai pils\u0113tas dz\u012bvei. Vjetnamas modelis apvieno le\u0123end\u0101ro Air Force 1 siluetu ar modern\u0101m deta\u013c\u0101m, nodro\u0161inot dro\u0161u amortiz\u0101ciju un \u0113rtu piegul\u0161anu. Lieliska izv\u0113le tiem, kas nov\u0113rt\u0113 z\u012bmolu, kvalit\u0101ti un stilu.<\/p>\n","protected":false},"excerpt":{"rendered":"<p>Nike Air Force 1&#8217;07 lv8 Ultra White \u010d\u012bbas ir izgatavotas no \u012bstas \u0101das, kas nodro\u0161ina komfortu, iztur\u012bbu un iztur\u012bbu. Klasiskais baltais dizains izce\u013c stilu un daudzpus\u012bbu, piem\u0113rots ikdienas valk\u0101\u0161anai un akt\u012bvai pils\u0113tas dz\u012bvei. Vjetnamas modelis apvieno le\u0123end\u0101ro Air Force 1 siluetu ar modern\u0101m deta\u013c\u0101m, nodro\u0161inot dro\u0161u amortiz\u0101ciju un \u0113rtu piegul\u0161anu. Lieliska izv\u0113le tiem, kas nov\u0113rt\u0113 z\u012bmolu, kvalit\u0101ti un stilu.<\/p>\n","protected":false},"featured_media":775981,"comment_status":"open","ping_status":"open","template":"","meta":[],"product_brand":[],"product_cat":[3251,3322],"product_tag":[],"class_list":{"0":"post-775980","1":"product","2":"type-product","3":"status-publish","4":"has-post-thumbnail","6":"product_cat-all-product","7":"product_cat-kedy","8":"pa_rozmir-910","9":"pa_rozmir-912","10":"pa_rozmir-914","11":"pa_rozmir-915","12":"pa_rozmir-916","13":"pa_rozmir-917","14":"pa_rozmir-918","15":"pa_rozmir-919","16":"pa_rozmir-920","17":"pa_rozmir-921","18":"pa_rozmir-922","20":"first","21":"instock","22":"purchasable","23":"product-type-variable"},"_links":{"self":[{"href":"https:\/\/nextsnkr.com\/lv\/wp-json\/wp\/v2\/product\/775980","targetHints":{"allow":["GET"]}}],"collection":[{"href":"https:\/\/nextsnkr.com\/lv\/wp-json\/wp\/v2\/product"}],"about":[{"href":"https:\/\/nextsnkr.com\/lv\/wp-json\/wp\/v2\/types\/product"}],"replies":[{"embeddable":true,"href":"https:\/\/nextsnkr.com\/lv\/wp-json\/wp\/v2\/comments?post=775980"}],"version-history":[{"count":0,"href":"https:\/\/nextsnkr.com\/lv\/wp-json\/wp\/v2\/product\/775980\/revisions"}],"wp:featuredmedia":[{"embeddable":true,"href":"https:\/\/nextsnkr.com\/lv\/wp-json\/wp\/v2\/media\/775981"}],"wp:attachment":[{"href":"https:\/\/nextsnkr.com\/lv\/wp-json\/wp\/v2\/media?parent=775980"}],"wp:term":[{"taxonomy":"product_brand","embeddable":true,"href":"https:\/\/nextsnkr.com\/lv\/wp-json\/wp\/v2\/product_brand?post=775980"},{"taxonomy":"product_cat","embeddable":true,"href":"https:\/\/nextsnkr.com\/lv\/wp-json\/wp\/v2\/product_cat?post=775980"},{"taxonomy":"product_tag","embeddable":true,"href":"https:\/\/nextsnkr.com\/lv\/wp-json\/wp\/v2\/product_tag?post=775980"}],"curies":[{"name":"wp","href":"https:\/\/api.w.org\/{rel}","templated":true}]}}