{"id":772205,"date":"2025-06-13T10:55:51","date_gmt":"2025-06-13T07:55:51","guid":{"rendered":"https:\/\/nextsnkr.com\/product\/air-force-1-x-stussy-black\/"},"modified":"2026-02-02T15:25:16","modified_gmt":"2026-02-02T12:25:16","slug":"air-force-1-x-stussy-black","status":"publish","type":"product","link":"https:\/\/nextsnkr.com\/lv\/product\/air-force-1-x-stussy-black\/","title":{"rendered":"Air Force 1 x Stussy Black \u010d\u012bbas tekstila melnas"},"content":{"rendered":"<h2>Air Force 1 x Stussy Black \u010d\u012bbas tekstila melnas<\/h2>\n<p>&nbsp;<\/p>\n<p>Air Force 1 x Stussy Black \u010d\u012bbas ir veidotas sadarb\u012bb\u0101 ar Stussy z\u012bmolu, pie\u0161\u0137irot modelim unik\u0101lu ielas stilu. Tekstila virsma nodro\u0161ina vieglumu un ventil\u0101ciju, padarot p\u0101ri \u0113rtu ikdienas valk\u0101\u0161anai. Klasisko melno dizainu papildina Stussy paraksta elementi, kas pie\u0161\u0137ir raksturu un atpaz\u012bstam\u012bbu. Ide\u0101la izv\u0113le ierobe\u017eotu sadarb\u012bbu un m\u016bsdienu streetwear cien\u012bt\u0101jiem. Ra\u017eot\u0101js: Vjetnama. SKU: 0482v-236196<\/p>\n","protected":false},"excerpt":{"rendered":"<p>Air Force 1 x Stussy Black \u010d\u012bbas ir veidotas sadarb\u012bb\u0101 ar Stussy z\u012bmolu, pie\u0161\u0137irot modelim unik\u0101lu ielas stilu. Tekstila virsma nodro\u0161ina vieglumu un ventil\u0101ciju, padarot p\u0101ri \u0113rtu ikdienas valk\u0101\u0161anai. Klasisko melno dizainu papildina Stussy paraksta elementi, kas pie\u0161\u0137ir raksturu un atpaz\u012bstam\u012bbu. Ide\u0101la izv\u0113le ierobe\u017eotu sadarb\u012bbu un m\u016bsdienu streetwear cien\u012bt\u0101jiem. Ra\u017eot\u0101js: Vjetnama. SKU: 0482v-236196<\/p>\n","protected":false},"featured_media":772208,"comment_status":"open","ping_status":"open","template":"","meta":[],"product_brand":[],"product_cat":[3251,3322],"product_tag":[],"class_list":{"0":"post-772205","1":"product","2":"type-product","3":"status-publish","4":"has-post-thumbnail","6":"product_cat-all-product","7":"product_cat-kedy","8":"pa_rozmir-910","9":"pa_rozmir-912","10":"pa_rozmir-914","11":"pa_rozmir-915","12":"pa_rozmir-916","13":"pa_rozmir-917","14":"pa_rozmir-918","15":"pa_rozmir-919","16":"pa_rozmir-920","17":"pa_rozmir-921","18":"pa_rozmir-922","20":"first","21":"instock","22":"purchasable","23":"product-type-variable"},"_links":{"self":[{"href":"https:\/\/nextsnkr.com\/lv\/wp-json\/wp\/v2\/product\/772205","targetHints":{"allow":["GET"]}}],"collection":[{"href":"https:\/\/nextsnkr.com\/lv\/wp-json\/wp\/v2\/product"}],"about":[{"href":"https:\/\/nextsnkr.com\/lv\/wp-json\/wp\/v2\/types\/product"}],"replies":[{"embeddable":true,"href":"https:\/\/nextsnkr.com\/lv\/wp-json\/wp\/v2\/comments?post=772205"}],"version-history":[{"count":0,"href":"https:\/\/nextsnkr.com\/lv\/wp-json\/wp\/v2\/product\/772205\/revisions"}],"wp:featuredmedia":[{"embeddable":true,"href":"https:\/\/nextsnkr.com\/lv\/wp-json\/wp\/v2\/media\/772208"}],"wp:attachment":[{"href":"https:\/\/nextsnkr.com\/lv\/wp-json\/wp\/v2\/media?parent=772205"}],"wp:term":[{"taxonomy":"product_brand","embeddable":true,"href":"https:\/\/nextsnkr.com\/lv\/wp-json\/wp\/v2\/product_brand?post=772205"},{"taxonomy":"product_cat","embeddable":true,"href":"https:\/\/nextsnkr.com\/lv\/wp-json\/wp\/v2\/product_cat?post=772205"},{"taxonomy":"product_tag","embeddable":true,"href":"https:\/\/nextsnkr.com\/lv\/wp-json\/wp\/v2\/product_tag?post=772205"}],"curies":[{"name":"wp","href":"https:\/\/api.w.org\/{rel}","templated":true}]}}