{"id":770621,"date":"2025-06-13T11:06:34","date_gmt":"2025-06-13T08:06:34","guid":{"rendered":"https:\/\/nextsnkr.com\/product\/adidas-yeezy-boost-black\/"},"modified":"2026-02-02T15:24:18","modified_gmt":"2026-02-02T12:24:18","slug":"adidas-yeezy-boost-black","status":"publish","type":"product","link":"https:\/\/nextsnkr.com\/lv\/product\/adidas-yeezy-boost-black\/","title":{"rendered":"Adidas Yeezy Boost Black \u010d\u012bbas-stils un komforts katru dienu"},"content":{"rendered":"<h2>Adidas Yeezy Boost Black \u010d\u012bbas-stils un komforts katru dienu<\/h2>\n<p>&nbsp;<\/p>\n<p>Adidas Yeezy Boost Black \u010d\u012bbas ir moderna dizaina, viegluma un augsta komforta kombin\u0101cija. Modelis ir izgatavots no kvalitat\u012bviem tekstilizstr\u0101d\u0101jumiem, kas nodro\u0161ina ventil\u0101ciju un pat\u012bkamu saj\u016btu valk\u0101\u0161anas laik\u0101. Pateicoties boost amortiz\u0101cijas zolei, apavi ir piem\u0113roti ikdienas lieto\u0161anai, \u0101ra aktivit\u0101t\u0113m un pils\u0113tas pastaig\u0101m. Stil\u012bgs melns dizains ir viegli savienojams ar jebkuru izskatu. Izv\u0113lieties Yeezy Boost, lai ieg\u016btu maksim\u0101lu komfortu un p\u0101rliecin\u0101tu stilu.<\/p>\n","protected":false},"excerpt":{"rendered":"<p>Adidas Yeezy Boost Black \u010d\u012bbas ir moderna dizaina, viegluma un augsta komforta kombin\u0101cija. Modelis ir izgatavots no kvalitat\u012bviem tekstilizstr\u0101d\u0101jumiem, kas nodro\u0161ina ventil\u0101ciju un pat\u012bkamu saj\u016btu valk\u0101\u0161anas laik\u0101. Pateicoties boost amortiz\u0101cijas zolei, apavi ir piem\u0113roti ikdienas lieto\u0161anai, \u0101ra aktivit\u0101t\u0113m un pils\u0113tas pastaig\u0101m. Stil\u012bgs melns dizains ir viegli savienojams ar jebkuru izskatu. Izv\u0113lieties Yeezy Boost, lai ieg\u016btu maksim\u0101lu komfortu un p\u0101rliecin\u0101tu stilu.<\/p>\n","protected":false},"featured_media":770622,"comment_status":"open","ping_status":"open","template":"","meta":[],"product_brand":[],"product_cat":[3400,3251,3252],"product_tag":[],"class_list":{"0":"post-770621","1":"product","2":"type-product","3":"status-publish","4":"has-post-thumbnail","6":"product_cat-adidas-yeezy","7":"product_cat-all-product","8":"product_cat-krosivky","9":"pa_rozmir-910","10":"pa_rozmir-912","11":"pa_rozmir-914","12":"pa_rozmir-915","13":"pa_rozmir-916","14":"pa_rozmir-917","15":"pa_rozmir-918","16":"pa_rozmir-919","17":"pa_rozmir-920","18":"pa_rozmir-921","19":"pa_rozmir-922","21":"first","22":"onbackorder","23":"purchasable","24":"product-type-variable"},"_links":{"self":[{"href":"https:\/\/nextsnkr.com\/lv\/wp-json\/wp\/v2\/product\/770621","targetHints":{"allow":["GET"]}}],"collection":[{"href":"https:\/\/nextsnkr.com\/lv\/wp-json\/wp\/v2\/product"}],"about":[{"href":"https:\/\/nextsnkr.com\/lv\/wp-json\/wp\/v2\/types\/product"}],"replies":[{"embeddable":true,"href":"https:\/\/nextsnkr.com\/lv\/wp-json\/wp\/v2\/comments?post=770621"}],"version-history":[{"count":0,"href":"https:\/\/nextsnkr.com\/lv\/wp-json\/wp\/v2\/product\/770621\/revisions"}],"wp:featuredmedia":[{"embeddable":true,"href":"https:\/\/nextsnkr.com\/lv\/wp-json\/wp\/v2\/media\/770622"}],"wp:attachment":[{"href":"https:\/\/nextsnkr.com\/lv\/wp-json\/wp\/v2\/media?parent=770621"}],"wp:term":[{"taxonomy":"product_brand","embeddable":true,"href":"https:\/\/nextsnkr.com\/lv\/wp-json\/wp\/v2\/product_brand?post=770621"},{"taxonomy":"product_cat","embeddable":true,"href":"https:\/\/nextsnkr.com\/lv\/wp-json\/wp\/v2\/product_cat?post=770621"},{"taxonomy":"product_tag","embeddable":true,"href":"https:\/\/nextsnkr.com\/lv\/wp-json\/wp\/v2\/product_tag?post=770621"}],"curies":[{"name":"wp","href":"https:\/\/api.w.org\/{rel}","templated":true}]}}