{"id":770229,"date":"2025-06-13T11:07:13","date_gmt":"2025-06-13T08:07:13","guid":{"rendered":"https:\/\/nextsnkr.com\/product\/puma-cali-white\/"},"modified":"2026-02-02T15:23:50","modified_gmt":"2026-02-02T12:23:50","slug":"puma-cali-white","status":"publish","type":"product","link":"https:\/\/nextsnkr.com\/lv\/product\/puma-cali-white\/","title":{"rendered":"Puma Cali White \u010d\u012bbas-sievie\u0161u \u0101das \u010d\u012bbas ikdienas stilam"},"content":{"rendered":"<h2>Puma Cali White \u010d\u012bbas-sievie\u0161u \u0101das \u010d\u012bbas ikdienas stilam<\/h2>\n<p>&nbsp;<\/p>\n<p>Stil\u012bgas Puma Cali White \u010d\u012bbas ir klasiska dizaina un m\u016bsdien\u012bga komforta kombin\u0101cija. Izgatavoti no \u012bstas \u0101das, tie nodro\u0161ina iztur\u012bbu un komfortu ikdienas valk\u0101\u0161anas laik\u0101. Viegl\u0101 zole nodro\u0161ina m\u012bkstu amortiz\u0101ciju, un daudzpus\u012bg\u0101 balt\u0101 kr\u0101sa viegli atbilst jebkuram izskatam. Ide\u0101la izv\u0113le akt\u012bvam pils\u0113tas stilam un kvalitat\u012bvu apavu cien\u012bt\u0101jiem no Puma.<\/p>\n","protected":false},"excerpt":{"rendered":"<p>Stil\u012bgas Puma Cali White \u010d\u012bbas ir klasiska dizaina un m\u016bsdien\u012bga komforta kombin\u0101cija. Izgatavoti no \u012bstas \u0101das, tie nodro\u0161ina iztur\u012bbu un komfortu ikdienas valk\u0101\u0161anas laik\u0101. Viegl\u0101 zole nodro\u0161ina m\u012bkstu amortiz\u0101ciju, un daudzpus\u012bg\u0101 balt\u0101 kr\u0101sa viegli atbilst jebkuram izskatam. Ide\u0101la izv\u0113le akt\u012bvam pils\u0113tas stilam un kvalitat\u012bvu apavu cien\u012bt\u0101jiem no Puma.<\/p>\n","protected":false},"featured_media":770230,"comment_status":"open","ping_status":"open","template":"","meta":[],"product_brand":[],"product_cat":[3251,3322],"product_tag":[],"class_list":{"0":"post-770229","1":"product","2":"type-product","3":"status-publish","4":"has-post-thumbnail","6":"product_cat-all-product","7":"product_cat-kedy","8":"pa_rozmir-910","9":"pa_rozmir-912","10":"pa_rozmir-914","11":"pa_rozmir-915","12":"pa_rozmir-916","13":"pa_rozmir-917","14":"pa_rozmir-918","15":"pa_rozmir-919","16":"pa_rozmir-920","17":"pa_rozmir-921","18":"pa_rozmir-922","20":"first","21":"instock","22":"purchasable","23":"product-type-variable"},"_links":{"self":[{"href":"https:\/\/nextsnkr.com\/lv\/wp-json\/wp\/v2\/product\/770229","targetHints":{"allow":["GET"]}}],"collection":[{"href":"https:\/\/nextsnkr.com\/lv\/wp-json\/wp\/v2\/product"}],"about":[{"href":"https:\/\/nextsnkr.com\/lv\/wp-json\/wp\/v2\/types\/product"}],"replies":[{"embeddable":true,"href":"https:\/\/nextsnkr.com\/lv\/wp-json\/wp\/v2\/comments?post=770229"}],"version-history":[{"count":0,"href":"https:\/\/nextsnkr.com\/lv\/wp-json\/wp\/v2\/product\/770229\/revisions"}],"wp:featuredmedia":[{"embeddable":true,"href":"https:\/\/nextsnkr.com\/lv\/wp-json\/wp\/v2\/media\/770230"}],"wp:attachment":[{"href":"https:\/\/nextsnkr.com\/lv\/wp-json\/wp\/v2\/media?parent=770229"}],"wp:term":[{"taxonomy":"product_brand","embeddable":true,"href":"https:\/\/nextsnkr.com\/lv\/wp-json\/wp\/v2\/product_brand?post=770229"},{"taxonomy":"product_cat","embeddable":true,"href":"https:\/\/nextsnkr.com\/lv\/wp-json\/wp\/v2\/product_cat?post=770229"},{"taxonomy":"product_tag","embeddable":true,"href":"https:\/\/nextsnkr.com\/lv\/wp-json\/wp\/v2\/product_tag?post=770229"}],"curies":[{"name":"wp","href":"https:\/\/api.w.org\/{rel}","templated":true}]}}