{"id":770151,"date":"2025-06-17T22:49:35","date_gmt":"2025-06-17T19:49:35","guid":{"rendered":"https:\/\/nextsnkr.com\/product\/under-armour-black\/"},"modified":"2026-02-02T15:23:27","modified_gmt":"2026-02-02T12:23:27","slug":"under-armour-black","status":"publish","type":"product","link":"https:\/\/nextsnkr.com\/lv\/product\/under-armour-black\/","title":{"rendered":"UNDER ARMOUR Black akrila cepure v\u012brie\u0161iem un sieviet\u0113m"},"content":{"rendered":"<h2>UNDER ARMOUR Black akrila cepure v\u012brie\u0161iem un sieviet\u0113m<\/h2>\n<p>&nbsp;<\/p>\n<p>UNDER ARMOUR Black ir stil\u012bga univers\u0101la izm\u0113ra akrila cepure ikdienas lieto\u0161anai. M\u012bkstais materi\u0101ls nodro\u0161ina siltumu un komfortu aukst\u0101 laik\u0101, un lielgabar\u012bta iz\u0161uvumi pie\u0161\u0137ir izskatam spilgtu akcentu. Praktiska un iztur\u012bga, viegli mazg\u0101jama 30\u00b0C temperat\u016br\u0101. ide\u0101la izv\u0113le \u0101ra aktivit\u0101t\u0113m, sportam un ikdienas valk\u0101\u0161anai.<\/p>\n","protected":false},"excerpt":{"rendered":"<p>UNDER ARMOUR Black ir stil\u012bga univers\u0101la izm\u0113ra akrila cepure ikdienas lieto\u0161anai. M\u012bkstais materi\u0101ls nodro\u0161ina siltumu un komfortu aukst\u0101 laik\u0101, un lielgabar\u012bta iz\u0161uvumi pie\u0161\u0137ir izskatam spilgtu akcentu. Praktiska un iztur\u012bga, viegli mazg\u0101jama 30\u00b0C temperat\u016br\u0101. ide\u0101la izv\u0113le \u0101ra aktivit\u0101t\u0113m, sportam un ikdienas valk\u0101\u0161anai.<\/p>\n","protected":false},"featured_media":770153,"comment_status":"open","ping_status":"open","template":"","meta":[],"product_brand":[],"product_cat":[3251,4452],"product_tag":[],"class_list":{"0":"post-770151","1":"product","2":"type-product","3":"status-publish","4":"has-post-thumbnail","6":"product_cat-all-product","7":"product_cat-shapky","8":"pa_rozmir-one-size","10":"first","11":"instock","12":"purchasable","13":"product-type-simple"},"_links":{"self":[{"href":"https:\/\/nextsnkr.com\/lv\/wp-json\/wp\/v2\/product\/770151","targetHints":{"allow":["GET"]}}],"collection":[{"href":"https:\/\/nextsnkr.com\/lv\/wp-json\/wp\/v2\/product"}],"about":[{"href":"https:\/\/nextsnkr.com\/lv\/wp-json\/wp\/v2\/types\/product"}],"replies":[{"embeddable":true,"href":"https:\/\/nextsnkr.com\/lv\/wp-json\/wp\/v2\/comments?post=770151"}],"version-history":[{"count":0,"href":"https:\/\/nextsnkr.com\/lv\/wp-json\/wp\/v2\/product\/770151\/revisions"}],"wp:featuredmedia":[{"embeddable":true,"href":"https:\/\/nextsnkr.com\/lv\/wp-json\/wp\/v2\/media\/770153"}],"wp:attachment":[{"href":"https:\/\/nextsnkr.com\/lv\/wp-json\/wp\/v2\/media?parent=770151"}],"wp:term":[{"taxonomy":"product_brand","embeddable":true,"href":"https:\/\/nextsnkr.com\/lv\/wp-json\/wp\/v2\/product_brand?post=770151"},{"taxonomy":"product_cat","embeddable":true,"href":"https:\/\/nextsnkr.com\/lv\/wp-json\/wp\/v2\/product_cat?post=770151"},{"taxonomy":"product_tag","embeddable":true,"href":"https:\/\/nextsnkr.com\/lv\/wp-json\/wp\/v2\/product_tag?post=770151"}],"curies":[{"name":"wp","href":"https:\/\/api.w.org\/{rel}","templated":true}]}}