{"id":769426,"date":"2025-06-17T22:49:54","date_gmt":"2025-06-17T19:49:54","guid":{"rendered":"https:\/\/nextsnkr.com\/product\/anti-social-club-grey\/"},"modified":"2026-02-02T15:22:44","modified_gmt":"2026-02-02T12:22:44","slug":"anti-social-club-grey","status":"publish","type":"product","link":"https:\/\/nextsnkr.com\/lv\/product\/anti-social-club-grey\/","title":{"rendered":"Anti SOCIAL CLUB Grey cepure-akrila univers\u0101la ar tilpuma iz\u0161uvumiem"},"content":{"rendered":"<h2>Anti SOCIAL CLUB Grey cepure-akrila univers\u0101la ar tilpuma iz\u0161uvumiem<\/h2>\n<p>&nbsp;<\/p>\n<p>Anti SOCIAL CLUB Grey cepure ir izgatavota no m\u012bksta un silta akrila, kas saglab\u0101 siltumu pat aukst\u0101 laik\u0101. Daudzpus\u012bgs izm\u0113rs ir piem\u0113rots jebkurai galvai, un stil\u012bgs apjom\u012bgs Iz\u0161uvums izce\u013c modernu izskatu un person\u012bbu. Viegli kopjams, \u013cauj mazg\u0101t 30\u00b0C temperat\u016br\u0101, \u0161\u012b cepure ir ide\u0101li piem\u0113rota ikdienas valk\u0101\u0161anai, \u0101ra pastaig\u0101m un \u0101ra aktivit\u0101t\u0113m. Anti SOCIAL CLUB z\u012bmola stil\u012bgais aksesu\u0101rs apvieno komfortu, praktiskumu un m\u016bsdien\u012bgu dizainu.<\/p>\n","protected":false},"excerpt":{"rendered":"<p>Anti SOCIAL CLUB Grey cepure ir izgatavota no m\u012bksta un silta akrila, kas saglab\u0101 siltumu pat aukst\u0101 laik\u0101. Daudzpus\u012bgs izm\u0113rs ir piem\u0113rots jebkurai galvai, un stil\u012bgs apjom\u012bgs Iz\u0161uvums izce\u013c modernu izskatu un person\u012bbu. Viegli kopjams, \u013cauj mazg\u0101t 30\u00b0C temperat\u016br\u0101, \u0161\u012b cepure ir ide\u0101li piem\u0113rota ikdienas valk\u0101\u0161anai, \u0101ra pastaig\u0101m un \u0101ra aktivit\u0101t\u0113m. Anti SOCIAL CLUB z\u012bmola stil\u012bgais aksesu\u0101rs apvieno komfortu, praktiskumu un m\u016bsdien\u012bgu dizainu.<\/p>\n","protected":false},"featured_media":769434,"comment_status":"open","ping_status":"open","template":"","meta":[],"product_brand":[],"product_cat":[3251,4452],"product_tag":[],"class_list":{"0":"post-769426","1":"product","2":"type-product","3":"status-publish","4":"has-post-thumbnail","6":"product_cat-all-product","7":"product_cat-shapky","8":"pa_rozmir-one-size","10":"first","11":"instock","12":"purchasable","13":"product-type-simple"},"_links":{"self":[{"href":"https:\/\/nextsnkr.com\/lv\/wp-json\/wp\/v2\/product\/769426","targetHints":{"allow":["GET"]}}],"collection":[{"href":"https:\/\/nextsnkr.com\/lv\/wp-json\/wp\/v2\/product"}],"about":[{"href":"https:\/\/nextsnkr.com\/lv\/wp-json\/wp\/v2\/types\/product"}],"replies":[{"embeddable":true,"href":"https:\/\/nextsnkr.com\/lv\/wp-json\/wp\/v2\/comments?post=769426"}],"version-history":[{"count":0,"href":"https:\/\/nextsnkr.com\/lv\/wp-json\/wp\/v2\/product\/769426\/revisions"}],"wp:featuredmedia":[{"embeddable":true,"href":"https:\/\/nextsnkr.com\/lv\/wp-json\/wp\/v2\/media\/769434"}],"wp:attachment":[{"href":"https:\/\/nextsnkr.com\/lv\/wp-json\/wp\/v2\/media?parent=769426"}],"wp:term":[{"taxonomy":"product_brand","embeddable":true,"href":"https:\/\/nextsnkr.com\/lv\/wp-json\/wp\/v2\/product_brand?post=769426"},{"taxonomy":"product_cat","embeddable":true,"href":"https:\/\/nextsnkr.com\/lv\/wp-json\/wp\/v2\/product_cat?post=769426"},{"taxonomy":"product_tag","embeddable":true,"href":"https:\/\/nextsnkr.com\/lv\/wp-json\/wp\/v2\/product_tag?post=769426"}],"curies":[{"name":"wp","href":"https:\/\/api.w.org\/{rel}","templated":true}]}}