{"id":765921,"date":"2025-06-18T18:51:21","date_gmt":"2025-06-18T15:51:21","guid":{"rendered":"https:\/\/nextsnkr.com\/product\/muzhskoe-bele-burberry-white\/"},"modified":"2026-02-02T15:19:59","modified_gmt":"2026-02-02T12:19:59","slug":"muzhskoe-bele-burberry-white","status":"publish","type":"product","link":"https:\/\/nextsnkr.com\/lv\/product\/muzhskoe-bele-burberry-white\/","title":{"rendered":"Cholovicha bilizna BURBERRY White Kokvilnas \/ spandex z komforts"},"content":{"rendered":"<h2>Cholovicha bilizna BURBERRY White Kokvilnas \/ spandex z komforts<\/h2>\n<p>&nbsp;<\/p>\n<p>BURBERRY White v\u012brie\u0161u apak\u0161ve\u013ca ir izgatavota no augstas kvalit\u0101tes 95% kokvilnas un 5% spandeksa kombin\u0101cijas, kas garant\u0113 maksim\u0101lu komfortu, elast\u012bbu un iztur\u012bbu. M\u012bksts un elpojo\u0161s materi\u0101ls ir piem\u0113rots ikdienas valk\u0101\u0161anai un akt\u012bvam dz\u012bvesveidam. Pieejamie S-XXL izm\u0113ri nodro\u0161ina optim\u0101lu piem\u0113rot\u012bbu, un augst\u0101k\u0101s klases BURBERRY z\u012bmols pie\u0161\u0137ir stil\u012bgu akcentu. Ide\u0101la izv\u0113le tiem, kas nov\u0113rt\u0113 kvalit\u0101ti, \u0113rt\u012bbas un modernu dizainu.<\/p>\n","protected":false},"excerpt":{"rendered":"<p>BURBERRY White v\u012brie\u0161u apak\u0161ve\u013ca ir izgatavota no augstas kvalit\u0101tes 95% kokvilnas un 5% spandeksa kombin\u0101cijas, kas garant\u0113 maksim\u0101lu komfortu, elast\u012bbu un iztur\u012bbu. M\u012bksts un elpojo\u0161s materi\u0101ls ir piem\u0113rots ikdienas valk\u0101\u0161anai un akt\u012bvam dz\u012bvesveidam. Pieejamie S-XXL izm\u0113ri nodro\u0161ina optim\u0101lu piem\u0113rot\u012bbu, un augst\u0101k\u0101s klases BURBERRY z\u012bmols pie\u0161\u0137ir stil\u012bgu akcentu. Ide\u0101la izv\u0113le tiem, kas nov\u0113rt\u0113 kvalit\u0101ti, \u0113rt\u012bbas un modernu dizainu.<\/p>\n","protected":false},"featured_media":765925,"comment_status":"open","ping_status":"open","template":"","meta":[],"product_brand":[],"product_cat":[3251,3551],"product_tag":[],"class_list":{"0":"post-765921","1":"product","2":"type-product","3":"status-publish","4":"has-post-thumbnail","6":"product_cat-all-product","7":"product_cat-cholovicha-bilyzna","8":"pa_rozmir-s","9":"pa_rozmir-m","10":"pa_rozmir-l","11":"pa_rozmir-xl","12":"pa_rozmir-xxl","14":"first","15":"onbackorder","16":"purchasable","17":"product-type-variable"},"_links":{"self":[{"href":"https:\/\/nextsnkr.com\/lv\/wp-json\/wp\/v2\/product\/765921","targetHints":{"allow":["GET"]}}],"collection":[{"href":"https:\/\/nextsnkr.com\/lv\/wp-json\/wp\/v2\/product"}],"about":[{"href":"https:\/\/nextsnkr.com\/lv\/wp-json\/wp\/v2\/types\/product"}],"replies":[{"embeddable":true,"href":"https:\/\/nextsnkr.com\/lv\/wp-json\/wp\/v2\/comments?post=765921"}],"version-history":[{"count":0,"href":"https:\/\/nextsnkr.com\/lv\/wp-json\/wp\/v2\/product\/765921\/revisions"}],"wp:featuredmedia":[{"embeddable":true,"href":"https:\/\/nextsnkr.com\/lv\/wp-json\/wp\/v2\/media\/765925"}],"wp:attachment":[{"href":"https:\/\/nextsnkr.com\/lv\/wp-json\/wp\/v2\/media?parent=765921"}],"wp:term":[{"taxonomy":"product_brand","embeddable":true,"href":"https:\/\/nextsnkr.com\/lv\/wp-json\/wp\/v2\/product_brand?post=765921"},{"taxonomy":"product_cat","embeddable":true,"href":"https:\/\/nextsnkr.com\/lv\/wp-json\/wp\/v2\/product_cat?post=765921"},{"taxonomy":"product_tag","embeddable":true,"href":"https:\/\/nextsnkr.com\/lv\/wp-json\/wp\/v2\/product_tag?post=765921"}],"curies":[{"name":"wp","href":"https:\/\/api.w.org\/{rel}","templated":true}]}}