{"id":764347,"date":"2025-06-18T18:53:47","date_gmt":"2025-06-18T15:53:47","guid":{"rendered":"https:\/\/nextsnkr.com\/product\/adidas-zelenyj-rozovyj-fyolet-holuboj-bezhevyj-synyj\/"},"modified":"2026-02-02T15:18:34","modified_gmt":"2026-02-02T12:18:34","slug":"adidas-zelenyj-rozovyj-fyolet-holuboj-bezhevyj-synyj","status":"publish","type":"product","link":"https:\/\/nextsnkr.com\/lv\/product\/adidas-zelenyj-rozovyj-fyolet-holuboj-bezhevyj-synyj\/","title":{"rendered":"ADIDAS ze\u0137es komplekts 3 p\u0101ri-stils un komforts katru dienu"},"content":{"rendered":"<h2>ADIDAS ze\u0137es komplekts 3 p\u0101ri-stils un komforts katru dienu<\/h2>\n<p>&nbsp;<\/p>\n<p>ADIDAS ze\u0137u Komplekt\u0101 ietilpst 3 p\u0101ri spilgt\u0101s un daudzpus\u012bg\u0101s kr\u0101s\u0101s: za\u013ca, roz\u0101, Violeta, Zila, b\u0113\u0161a un zila. Izgatavoti no kvalitat\u012bva materi\u0101la, tie nodro\u0161ina komfortu, iztur\u012bbu un labu ventil\u0101ciju ikdienas valk\u0101\u0161anai. Ide\u0101li piem\u0113rots sportam, pastaig\u0101m un akt\u012bvam dz\u012bvesveidam, \u0161\u012bs ze\u0137es apvieno ADIDAS z\u012bmolu, stil\u012bgu dizainu un praktiskumu, garant\u0113jot iztur\u012bbu un \u0113rt\u012bbas.<\/p>\n","protected":false},"excerpt":{"rendered":"<p>ADIDAS ze\u0137u Komplekt\u0101 ietilpst 3 p\u0101ri spilgt\u0101s un daudzpus\u012bg\u0101s kr\u0101s\u0101s: za\u013ca, roz\u0101, Violeta, Zila, b\u0113\u0161a un zila. Izgatavoti no kvalitat\u012bva materi\u0101la, tie nodro\u0161ina komfortu, iztur\u012bbu un labu ventil\u0101ciju ikdienas valk\u0101\u0161anai. Ide\u0101li piem\u0113rots sportam, pastaig\u0101m un akt\u012bvam dz\u012bvesveidam, \u0161\u012bs ze\u0137es apvieno ADIDAS z\u012bmolu, stil\u012bgu dizainu un praktiskumu, garant\u0113jot iztur\u012bbu un \u0113rt\u012bbas.<\/p>\n","protected":false},"featured_media":764352,"comment_status":"open","ping_status":"open","template":"","meta":[],"product_brand":[],"product_cat":[3251],"product_tag":[],"class_list":{"0":"post-764347","1":"product","2":"type-product","3":"status-publish","4":"has-post-thumbnail","6":"product_cat-all-product","8":"first","9":"onbackorder","10":"purchasable","11":"product-type-variable"},"_links":{"self":[{"href":"https:\/\/nextsnkr.com\/lv\/wp-json\/wp\/v2\/product\/764347","targetHints":{"allow":["GET"]}}],"collection":[{"href":"https:\/\/nextsnkr.com\/lv\/wp-json\/wp\/v2\/product"}],"about":[{"href":"https:\/\/nextsnkr.com\/lv\/wp-json\/wp\/v2\/types\/product"}],"replies":[{"embeddable":true,"href":"https:\/\/nextsnkr.com\/lv\/wp-json\/wp\/v2\/comments?post=764347"}],"version-history":[{"count":0,"href":"https:\/\/nextsnkr.com\/lv\/wp-json\/wp\/v2\/product\/764347\/revisions"}],"wp:featuredmedia":[{"embeddable":true,"href":"https:\/\/nextsnkr.com\/lv\/wp-json\/wp\/v2\/media\/764352"}],"wp:attachment":[{"href":"https:\/\/nextsnkr.com\/lv\/wp-json\/wp\/v2\/media?parent=764347"}],"wp:term":[{"taxonomy":"product_brand","embeddable":true,"href":"https:\/\/nextsnkr.com\/lv\/wp-json\/wp\/v2\/product_brand?post=764347"},{"taxonomy":"product_cat","embeddable":true,"href":"https:\/\/nextsnkr.com\/lv\/wp-json\/wp\/v2\/product_cat?post=764347"},{"taxonomy":"product_tag","embeddable":true,"href":"https:\/\/nextsnkr.com\/lv\/wp-json\/wp\/v2\/product_tag?post=764347"}],"curies":[{"name":"wp","href":"https:\/\/api.w.org\/{rel}","templated":true}]}}