{"id":763808,"date":"2025-06-18T18:55:04","date_gmt":"2025-06-18T15:55:04","guid":{"rendered":"https:\/\/nextsnkr.com\/product\/christian-dior-dway-slide-navy-blue\/"},"modified":"2026-02-02T15:18:06","modified_gmt":"2026-02-02T12:18:06","slug":"christian-dior-dway-slide-navy-blue","status":"publish","type":"product","link":"https:\/\/nextsnkr.com\/lv\/product\/christian-dior-dway-slide-navy-blue\/","title":{"rendered":"\u010c\u012bbas CHRISTIAN DIOR Dway Slide Navy Blue \u0101da \/ tekstils"},"content":{"rendered":"<h2>\u010c\u012bbas CHRISTIAN DIOR Dway Slide Navy Blue \u0101da \/ tekstils<\/h2>\n<p>&nbsp;<\/p>\n<p>CHRISTIAN DIOR Dway Slide Navy Blue \u010d\u012bbas apvieno izcilu stilu un komfortu. Aug\u0161da\u013ca ir izgatavota no augstas kvalit\u0101tes \u0101das un tekstilizstr\u0101d\u0101jumiem, kas nodro\u0161ina komfortu un iztur\u012bbu. Ide\u0101li piem\u0113rots ikdienas valk\u0101\u0161anai un atp\u016btai m\u0101j\u0101s. Christian Dior elegantais z\u012bmola dizains pie\u0161\u0137ir j\u016bsu izskatam izsmalcin\u0101t\u012bbu. Ra\u017eo\u0161ana-Turcija, kas garant\u0113 produkta augsto kvalit\u0101ti un uzticam\u012bbu.<\/p>\n","protected":false},"excerpt":{"rendered":"<p>CHRISTIAN DIOR Dway Slide Navy Blue \u010d\u012bbas apvieno izcilu stilu un komfortu. Aug\u0161da\u013ca ir izgatavota no augstas kvalit\u0101tes \u0101das un tekstilizstr\u0101d\u0101jumiem, kas nodro\u0161ina komfortu un iztur\u012bbu. Ide\u0101li piem\u0113rots ikdienas valk\u0101\u0161anai un atp\u016btai m\u0101j\u0101s. Christian Dior elegantais z\u012bmola dizains pie\u0161\u0137ir j\u016bsu izskatam izsmalcin\u0101t\u012bbu. Ra\u017eo\u0161ana-Turcija, kas garant\u0113 produkta augsto kvalit\u0101ti un uzticam\u012bbu.<\/p>\n","protected":false},"featured_media":763810,"comment_status":"open","ping_status":"open","template":"","meta":[],"product_brand":[],"product_cat":[3251,3424],"product_tag":[],"class_list":{"0":"post-763808","1":"product","2":"type-product","3":"status-publish","4":"has-post-thumbnail","6":"product_cat-all-product","7":"product_cat-shlopantsi","8":"pa_rozmir-910","9":"pa_rozmir-912","10":"pa_rozmir-914","11":"pa_rozmir-915","12":"pa_rozmir-916","13":"pa_rozmir-917","14":"pa_rozmir-918","15":"pa_rozmir-919","16":"pa_rozmir-920","17":"pa_rozmir-921","18":"pa_rozmir-922","20":"first","21":"instock","22":"purchasable","23":"product-type-variable"},"_links":{"self":[{"href":"https:\/\/nextsnkr.com\/lv\/wp-json\/wp\/v2\/product\/763808","targetHints":{"allow":["GET"]}}],"collection":[{"href":"https:\/\/nextsnkr.com\/lv\/wp-json\/wp\/v2\/product"}],"about":[{"href":"https:\/\/nextsnkr.com\/lv\/wp-json\/wp\/v2\/types\/product"}],"replies":[{"embeddable":true,"href":"https:\/\/nextsnkr.com\/lv\/wp-json\/wp\/v2\/comments?post=763808"}],"version-history":[{"count":0,"href":"https:\/\/nextsnkr.com\/lv\/wp-json\/wp\/v2\/product\/763808\/revisions"}],"wp:featuredmedia":[{"embeddable":true,"href":"https:\/\/nextsnkr.com\/lv\/wp-json\/wp\/v2\/media\/763810"}],"wp:attachment":[{"href":"https:\/\/nextsnkr.com\/lv\/wp-json\/wp\/v2\/media?parent=763808"}],"wp:term":[{"taxonomy":"product_brand","embeddable":true,"href":"https:\/\/nextsnkr.com\/lv\/wp-json\/wp\/v2\/product_brand?post=763808"},{"taxonomy":"product_cat","embeddable":true,"href":"https:\/\/nextsnkr.com\/lv\/wp-json\/wp\/v2\/product_cat?post=763808"},{"taxonomy":"product_tag","embeddable":true,"href":"https:\/\/nextsnkr.com\/lv\/wp-json\/wp\/v2\/product_tag?post=763808"}],"curies":[{"name":"wp","href":"https:\/\/api.w.org\/{rel}","templated":true}]}}