{"id":762830,"date":"2025-06-13T11:26:35","date_gmt":"2025-06-13T08:26:35","guid":{"rendered":"https:\/\/nextsnkr.com\/product\/timberland-black-termo\/"},"modified":"2026-02-02T15:17:34","modified_gmt":"2026-02-02T12:17:34","slug":"timberland-black-termo","status":"publish","type":"product","link":"https:\/\/nextsnkr.com\/lv\/product\/timberland-black-termo\/","title":{"rendered":"Timberland Black Z\u0101baki Termo v\u012brie\u0161u ziemas z\u0101baki nubuk"},"content":{"rendered":"<h2>Timberland Black Z\u0101baki Termo v\u012brie\u0161u ziemas z\u0101baki nubuk<\/h2>\n<p>&nbsp;<\/p>\n<p>Timberland Black \u2014 Thermo z\u0101baki) ir uzticami ziemas apavi, kas paredz\u0113ti komfortam un aizsardz\u012bbai saln\u0101 laik\u0101. Iztur\u012bgs nubuks apvienojum\u0101 ar termisko materi\u0101lu nodro\u0161ina siltumu, iztur\u012bbu pret mitrumu un iztur\u012bbu. Z\u0101bakiem ir rakstur\u012bga Timberland z\u012bmola kvalit\u0101te, tiem ir \u0113rta anatomiska piegul\u0161ana un uzticama zole ar labu sa\u0137eri. Ide\u0101li piem\u0113rots ikdienas lieto\u0161anai ziem\u0101, ce\u013cojumiem un \u0101ra aktivit\u0101t\u0113m.<\/p>\n","protected":false},"excerpt":{"rendered":"<p>Timberland Black \u2014 Thermo z\u0101baki) ir uzticami ziemas apavi, kas paredz\u0113ti komfortam un aizsardz\u012bbai saln\u0101 laik\u0101. Iztur\u012bgs nubuks apvienojum\u0101 ar termisko materi\u0101lu nodro\u0161ina siltumu, iztur\u012bbu pret mitrumu un iztur\u012bbu. Z\u0101bakiem ir rakstur\u012bga Timberland z\u012bmola kvalit\u0101te, tiem ir \u0113rta anatomiska piegul\u0161ana un uzticama zole ar labu sa\u0137eri. Ide\u0101li piem\u0113rots ikdienas lieto\u0161anai ziem\u0101, ce\u013cojumiem un \u0101ra aktivit\u0101t\u0113m.<\/p>\n","protected":false},"featured_media":762832,"comment_status":"open","ping_status":"open","template":"","meta":[],"product_brand":[],"product_cat":[3251,3335],"product_tag":[],"class_list":{"0":"post-762830","1":"product","2":"type-product","3":"status-publish","4":"has-post-thumbnail","6":"product_cat-all-product","7":"product_cat-cherevyky","8":"pa_rozmir-910","9":"pa_rozmir-912","10":"pa_rozmir-914","11":"pa_rozmir-915","12":"pa_rozmir-916","13":"pa_rozmir-917","14":"pa_rozmir-918","15":"pa_rozmir-919","16":"pa_rozmir-920","17":"pa_rozmir-921","18":"pa_rozmir-922","20":"first","21":"instock","22":"purchasable","23":"product-type-variable"},"_links":{"self":[{"href":"https:\/\/nextsnkr.com\/lv\/wp-json\/wp\/v2\/product\/762830","targetHints":{"allow":["GET"]}}],"collection":[{"href":"https:\/\/nextsnkr.com\/lv\/wp-json\/wp\/v2\/product"}],"about":[{"href":"https:\/\/nextsnkr.com\/lv\/wp-json\/wp\/v2\/types\/product"}],"replies":[{"embeddable":true,"href":"https:\/\/nextsnkr.com\/lv\/wp-json\/wp\/v2\/comments?post=762830"}],"version-history":[{"count":0,"href":"https:\/\/nextsnkr.com\/lv\/wp-json\/wp\/v2\/product\/762830\/revisions"}],"wp:featuredmedia":[{"embeddable":true,"href":"https:\/\/nextsnkr.com\/lv\/wp-json\/wp\/v2\/media\/762832"}],"wp:attachment":[{"href":"https:\/\/nextsnkr.com\/lv\/wp-json\/wp\/v2\/media?parent=762830"}],"wp:term":[{"taxonomy":"product_brand","embeddable":true,"href":"https:\/\/nextsnkr.com\/lv\/wp-json\/wp\/v2\/product_brand?post=762830"},{"taxonomy":"product_cat","embeddable":true,"href":"https:\/\/nextsnkr.com\/lv\/wp-json\/wp\/v2\/product_cat?post=762830"},{"taxonomy":"product_tag","embeddable":true,"href":"https:\/\/nextsnkr.com\/lv\/wp-json\/wp\/v2\/product_tag?post=762830"}],"curies":[{"name":"wp","href":"https:\/\/api.w.org\/{rel}","templated":true}]}}