{"id":761472,"date":"2025-06-13T12:23:09","date_gmt":"2025-06-13T09:23:09","guid":{"rendered":"https:\/\/nextsnkr.com\/product\/1-retro-high-white-blue\/"},"modified":"2026-02-02T15:16:46","modified_gmt":"2026-02-02T12:16:46","slug":"1-retro-high-white-blue","status":"publish","type":"product","link":"https:\/\/nextsnkr.com\/lv\/product\/1-retro-high-white-blue\/","title":{"rendered":"\u010c\u012bbas 1 Retro high White &#038; Blue &#8211; stil\u012bgas augstas \u0101das \u010d\u012bbas"},"content":{"rendered":"<h2>\u010c\u012bbas 1 Retro high White &#038; Blue &#8211; stil\u012bgas augstas \u0101das \u010d\u012bbas<\/h2>\n<p>&nbsp;<\/p>\n<p>1 Retro high White &#038; Blue stil\u012bg\u0101s \u010d\u012bbas ir izgatavotas no kvalitat\u012bvas \u012bstas \u0101das, kas nodro\u0161ina uzticam\u012bbu, iztur\u012bbu un komfortu ikdienas valk\u0101\u0161anas laik\u0101. Augsts siluets nodro\u0161ina lab\u0101ku fiks\u0101ciju un atbalstu, un balt\u0101 un zil\u0101 kombin\u0101cija padara modeli daudzpus\u012bgu jebkuram izskatam. Ra\u017eoti Vjetnam\u0101, \u010d\u012bbas apvieno modernu dizainu un p\u0101rdom\u0101tu ergonomiku. Ide\u0101la izv\u0113le stil\u012bgu un \u0113rtu apavu cien\u012bt\u0101jiem.<\/p>\n","protected":false},"excerpt":{"rendered":"<p>1 Retro high White &#038; Blue stil\u012bg\u0101s \u010d\u012bbas ir izgatavotas no kvalitat\u012bvas \u012bstas \u0101das, kas nodro\u0161ina uzticam\u012bbu, iztur\u012bbu un komfortu ikdienas valk\u0101\u0161anas laik\u0101. Augsts siluets nodro\u0161ina lab\u0101ku fiks\u0101ciju un atbalstu, un balt\u0101 un zil\u0101 kombin\u0101cija padara modeli daudzpus\u012bgu jebkuram izskatam. Ra\u017eoti Vjetnam\u0101, \u010d\u012bbas apvieno modernu dizainu un p\u0101rdom\u0101tu ergonomiku. Ide\u0101la izv\u0113le stil\u012bgu un \u0113rtu apavu cien\u012bt\u0101jiem.<\/p>\n","protected":false},"featured_media":761474,"comment_status":"open","ping_status":"open","template":"","meta":[],"product_brand":[],"product_cat":[3251,3322],"product_tag":[],"class_list":{"0":"post-761472","1":"product","2":"type-product","3":"status-publish","4":"has-post-thumbnail","6":"product_cat-all-product","7":"product_cat-kedy","8":"pa_rozmir-910","9":"pa_rozmir-912","10":"pa_rozmir-914","11":"pa_rozmir-915","12":"pa_rozmir-916","13":"pa_rozmir-917","14":"pa_rozmir-918","15":"pa_rozmir-919","16":"pa_rozmir-920","17":"pa_rozmir-921","18":"pa_rozmir-922","20":"first","21":"onbackorder","22":"purchasable","23":"product-type-variable"},"_links":{"self":[{"href":"https:\/\/nextsnkr.com\/lv\/wp-json\/wp\/v2\/product\/761472","targetHints":{"allow":["GET"]}}],"collection":[{"href":"https:\/\/nextsnkr.com\/lv\/wp-json\/wp\/v2\/product"}],"about":[{"href":"https:\/\/nextsnkr.com\/lv\/wp-json\/wp\/v2\/types\/product"}],"replies":[{"embeddable":true,"href":"https:\/\/nextsnkr.com\/lv\/wp-json\/wp\/v2\/comments?post=761472"}],"version-history":[{"count":0,"href":"https:\/\/nextsnkr.com\/lv\/wp-json\/wp\/v2\/product\/761472\/revisions"}],"wp:featuredmedia":[{"embeddable":true,"href":"https:\/\/nextsnkr.com\/lv\/wp-json\/wp\/v2\/media\/761474"}],"wp:attachment":[{"href":"https:\/\/nextsnkr.com\/lv\/wp-json\/wp\/v2\/media?parent=761472"}],"wp:term":[{"taxonomy":"product_brand","embeddable":true,"href":"https:\/\/nextsnkr.com\/lv\/wp-json\/wp\/v2\/product_brand?post=761472"},{"taxonomy":"product_cat","embeddable":true,"href":"https:\/\/nextsnkr.com\/lv\/wp-json\/wp\/v2\/product_cat?post=761472"},{"taxonomy":"product_tag","embeddable":true,"href":"https:\/\/nextsnkr.com\/lv\/wp-json\/wp\/v2\/product_tag?post=761472"}],"curies":[{"name":"wp","href":"https:\/\/api.w.org\/{rel}","templated":true}]}}