{"id":760389,"date":"2025-06-18T19:06:16","date_gmt":"2025-06-18T16:06:16","guid":{"rendered":"https:\/\/nextsnkr.com\/product\/miu-miu-matelasse-nappa-cream-slides\/"},"modified":"2026-02-02T15:15:57","modified_gmt":"2026-02-02T12:15:57","slug":"miu-miu-matelasse-nappa-cream-slides","status":"publish","type":"product","link":"https:\/\/nextsnkr.com\/lv\/product\/miu-miu-matelasse-nappa-cream-slides\/","title":{"rendered":"\u010c\u012bbas MIU MIU Matelass\u00e9 Nappa kr\u0113ms &#8211; \u0101das stil\u012bgi slaidi"},"content":{"rendered":"<h2>\u010c\u012bbas MIU MIU Matelass\u00e9 Nappa kr\u0113ms &#8211; \u0101das stil\u012bgi slaidi<\/h2>\n<p>&nbsp;<\/p>\n<p>Stil\u012bg\u0101s MIU MIU matelass\u00e9 Nappa Cream \u010d\u012bbas ir izgatavotas no augstas kvalit\u0101tes \u0101das, kas nodro\u0161ina komfortu un iztur\u012bbu. Eleganta kr\u0113mkr\u0101sas nokr\u0101sa un mat\u0113ta apdare pie\u0161\u0137ir j\u016bsu izskatam izsmalcin\u0101t\u012bbu. Ide\u0101li piem\u0113rots ikdienas valk\u0101\u0161anai un atp\u016btai m\u0101j\u0101s vai \u0101r\u0101. Ra\u017eot\u0101js-Turcija, kas garant\u0113 materi\u0101lu kvalit\u0101ti un izpildi. Katru dienu izv\u0113lieties Miu Miu Cream slaidus komfortam un stilam.<\/p>\n","protected":false},"excerpt":{"rendered":"<p>Stil\u012bg\u0101s MIU MIU matelass\u00e9 Nappa Cream \u010d\u012bbas ir izgatavotas no augstas kvalit\u0101tes \u0101das, kas nodro\u0161ina komfortu un iztur\u012bbu. Eleganta kr\u0113mkr\u0101sas nokr\u0101sa un mat\u0113ta apdare pie\u0161\u0137ir j\u016bsu izskatam izsmalcin\u0101t\u012bbu. Ide\u0101li piem\u0113rots ikdienas valk\u0101\u0161anai un atp\u016btai m\u0101j\u0101s vai \u0101r\u0101. Ra\u017eot\u0101js-Turcija, kas garant\u0113 materi\u0101lu kvalit\u0101ti un izpildi. Katru dienu izv\u0113lieties Miu Miu Cream slaidus komfortam un stilam.<\/p>\n","protected":false},"featured_media":760391,"comment_status":"open","ping_status":"open","template":"","meta":[],"product_brand":[],"product_cat":[3251,3424],"product_tag":[],"class_list":{"0":"post-760389","1":"product","2":"type-product","3":"status-publish","4":"has-post-thumbnail","6":"product_cat-all-product","7":"product_cat-shlopantsi","8":"pa_rozmir-910","9":"pa_rozmir-912","10":"pa_rozmir-914","11":"pa_rozmir-915","12":"pa_rozmir-916","13":"pa_rozmir-917","14":"pa_rozmir-918","15":"pa_rozmir-919","16":"pa_rozmir-920","17":"pa_rozmir-921","18":"pa_rozmir-922","20":"first","21":"instock","22":"purchasable","23":"product-type-variable"},"_links":{"self":[{"href":"https:\/\/nextsnkr.com\/lv\/wp-json\/wp\/v2\/product\/760389","targetHints":{"allow":["GET"]}}],"collection":[{"href":"https:\/\/nextsnkr.com\/lv\/wp-json\/wp\/v2\/product"}],"about":[{"href":"https:\/\/nextsnkr.com\/lv\/wp-json\/wp\/v2\/types\/product"}],"replies":[{"embeddable":true,"href":"https:\/\/nextsnkr.com\/lv\/wp-json\/wp\/v2\/comments?post=760389"}],"version-history":[{"count":0,"href":"https:\/\/nextsnkr.com\/lv\/wp-json\/wp\/v2\/product\/760389\/revisions"}],"wp:featuredmedia":[{"embeddable":true,"href":"https:\/\/nextsnkr.com\/lv\/wp-json\/wp\/v2\/media\/760391"}],"wp:attachment":[{"href":"https:\/\/nextsnkr.com\/lv\/wp-json\/wp\/v2\/media?parent=760389"}],"wp:term":[{"taxonomy":"product_brand","embeddable":true,"href":"https:\/\/nextsnkr.com\/lv\/wp-json\/wp\/v2\/product_brand?post=760389"},{"taxonomy":"product_cat","embeddable":true,"href":"https:\/\/nextsnkr.com\/lv\/wp-json\/wp\/v2\/product_cat?post=760389"},{"taxonomy":"product_tag","embeddable":true,"href":"https:\/\/nextsnkr.com\/lv\/wp-json\/wp\/v2\/product_tag?post=760389"}],"curies":[{"name":"wp","href":"https:\/\/api.w.org\/{rel}","templated":true}]}}