{"id":759794,"date":"2025-06-13T12:25:21","date_gmt":"2025-06-13T09:25:21","guid":{"rendered":"https:\/\/nextsnkr.com\/product\/350-v2-black-full-reflective\/"},"modified":"2026-02-02T15:15:44","modified_gmt":"2026-02-02T12:15:44","slug":"350-v2-black-full-reflective","status":"publish","type":"product","link":"https:\/\/nextsnkr.com\/lv\/product\/350-v2-black-full-reflective\/","title":{"rendered":"\u010c\u012bbas 350 V2 Black Full reflective tekstilizstr\u0101d\u0101jumi-stils un komforts"},"content":{"rendered":"<h2>\u010c\u012bbas 350 V2 Black Full reflective tekstilizstr\u0101d\u0101jumi-stils un komforts<\/h2>\n<p>&nbsp;<\/p>\n<p>350 V2 Black Full Reflective \u010d\u012bbas ir moderns tekstilizstr\u0101d\u0101jumu modelis ar vieglumu, elast\u012bbu un lielisku ventil\u0101ciju. Atstarojo\u0161ie elementi nodro\u0161ina iespaid\u012bgu izskatu un lab\u0101ku redzam\u012bbu tums\u0101. \u0112rta zole garant\u0113 m\u012bkstu amortiz\u0101ciju ikdienas lieto\u0161anas laik\u0101. \u0160\u012bs \u010d\u012bbas, kas ra\u017eotas Vjetnam\u0101, b\u016bs lieliska izv\u0113le pils\u0113tas stilam un akt\u012bvam dz\u012bvesveidam.<\/p>\n","protected":false},"excerpt":{"rendered":"<p>350 V2 Black Full Reflective \u010d\u012bbas ir moderns tekstilizstr\u0101d\u0101jumu modelis ar vieglumu, elast\u012bbu un lielisku ventil\u0101ciju. Atstarojo\u0161ie elementi nodro\u0161ina iespaid\u012bgu izskatu un lab\u0101ku redzam\u012bbu tums\u0101. \u0112rta zole garant\u0113 m\u012bkstu amortiz\u0101ciju ikdienas lieto\u0161anas laik\u0101. \u0160\u012bs \u010d\u012bbas, kas ra\u017eotas Vjetnam\u0101, b\u016bs lieliska izv\u0113le pils\u0113tas stilam un akt\u012bvam dz\u012bvesveidam.<\/p>\n","protected":false},"featured_media":759798,"comment_status":"open","ping_status":"open","template":"","meta":[],"product_brand":[],"product_cat":[3251,3252],"product_tag":[],"class_list":{"0":"post-759794","1":"product","2":"type-product","3":"status-publish","4":"has-post-thumbnail","6":"product_cat-all-product","7":"product_cat-krosivky","8":"pa_rozmir-910","9":"pa_rozmir-912","10":"pa_rozmir-914","11":"pa_rozmir-915","12":"pa_rozmir-916","13":"pa_rozmir-917","14":"pa_rozmir-918","15":"pa_rozmir-919","16":"pa_rozmir-920","17":"pa_rozmir-921","18":"pa_rozmir-922","20":"first","21":"instock","22":"purchasable","23":"product-type-variable"},"_links":{"self":[{"href":"https:\/\/nextsnkr.com\/lv\/wp-json\/wp\/v2\/product\/759794","targetHints":{"allow":["GET"]}}],"collection":[{"href":"https:\/\/nextsnkr.com\/lv\/wp-json\/wp\/v2\/product"}],"about":[{"href":"https:\/\/nextsnkr.com\/lv\/wp-json\/wp\/v2\/types\/product"}],"replies":[{"embeddable":true,"href":"https:\/\/nextsnkr.com\/lv\/wp-json\/wp\/v2\/comments?post=759794"}],"version-history":[{"count":0,"href":"https:\/\/nextsnkr.com\/lv\/wp-json\/wp\/v2\/product\/759794\/revisions"}],"wp:featuredmedia":[{"embeddable":true,"href":"https:\/\/nextsnkr.com\/lv\/wp-json\/wp\/v2\/media\/759798"}],"wp:attachment":[{"href":"https:\/\/nextsnkr.com\/lv\/wp-json\/wp\/v2\/media?parent=759794"}],"wp:term":[{"taxonomy":"product_brand","embeddable":true,"href":"https:\/\/nextsnkr.com\/lv\/wp-json\/wp\/v2\/product_brand?post=759794"},{"taxonomy":"product_cat","embeddable":true,"href":"https:\/\/nextsnkr.com\/lv\/wp-json\/wp\/v2\/product_cat?post=759794"},{"taxonomy":"product_tag","embeddable":true,"href":"https:\/\/nextsnkr.com\/lv\/wp-json\/wp\/v2\/product_tag?post=759794"}],"curies":[{"name":"wp","href":"https:\/\/api.w.org\/{rel}","templated":true}]}}