{"id":759697,"date":"2025-06-18T19:08:25","date_gmt":"2025-06-18T16:08:25","guid":{"rendered":"https:\/\/nextsnkr.com\/product\/christian-dior-dway-slide-beige\/"},"modified":"2026-02-02T15:15:39","modified_gmt":"2026-02-02T12:15:39","slug":"christian-dior-dway-slide-beige","status":"publish","type":"product","link":"https:\/\/nextsnkr.com\/lv\/product\/christian-dior-dway-slide-beige\/","title":{"rendered":"Christian Dior Dway Slide Beige \u010d\u012bbas-stil\u012bgas un \u0113rtas"},"content":{"rendered":"<h2>Christian Dior Dway Slide Beige \u010d\u012bbas-stil\u012bgas un \u0113rtas<\/h2>\n<p>&nbsp;<\/p>\n<p>Elegant\u0101s Christian Dior Dway Slide Beige \u010d\u012bbas ir izgatavotas no augstas kvalit\u0101tes \u0101das un tekstilizstr\u0101d\u0101jumiem, kas garant\u0113 komfortu un iztur\u012bbu. Modelis ir ide\u0101li piem\u0113rots ikdienas lieto\u0161anai m\u0101j\u0101s vai atva\u013cin\u0101jum\u0101. Christian Dior stil\u012bgais smil\u0161kr\u0101sas dizains akcent\u0113s j\u016bsu gaumi un pie\u0161\u0137irs greznu akcentu ikdienas izskatam. Viegla, \u0113rta zole nodro\u0161ina optim\u0101lu p\u0113das atbalstu.<\/p>\n","protected":false},"excerpt":{"rendered":"<p>Elegant\u0101s Christian Dior Dway Slide Beige \u010d\u012bbas ir izgatavotas no augstas kvalit\u0101tes \u0101das un tekstilizstr\u0101d\u0101jumiem, kas garant\u0113 komfortu un iztur\u012bbu. Modelis ir ide\u0101li piem\u0113rots ikdienas lieto\u0161anai m\u0101j\u0101s vai atva\u013cin\u0101jum\u0101. Christian Dior stil\u012bgais smil\u0161kr\u0101sas dizains akcent\u0113s j\u016bsu gaumi un pie\u0161\u0137irs greznu akcentu ikdienas izskatam. Viegla, \u0113rta zole nodro\u0161ina optim\u0101lu p\u0113das atbalstu.<\/p>\n","protected":false},"featured_media":759702,"comment_status":"open","ping_status":"open","template":"","meta":[],"product_brand":[],"product_cat":[3251,3424],"product_tag":[],"class_list":{"0":"post-759697","1":"product","2":"type-product","3":"status-publish","4":"has-post-thumbnail","6":"product_cat-all-product","7":"product_cat-shlopantsi","8":"pa_rozmir-910","9":"pa_rozmir-912","10":"pa_rozmir-914","11":"pa_rozmir-915","12":"pa_rozmir-916","13":"pa_rozmir-917","14":"pa_rozmir-918","15":"pa_rozmir-919","16":"pa_rozmir-920","17":"pa_rozmir-921","18":"pa_rozmir-922","20":"first","21":"instock","22":"purchasable","23":"product-type-variable"},"_links":{"self":[{"href":"https:\/\/nextsnkr.com\/lv\/wp-json\/wp\/v2\/product\/759697","targetHints":{"allow":["GET"]}}],"collection":[{"href":"https:\/\/nextsnkr.com\/lv\/wp-json\/wp\/v2\/product"}],"about":[{"href":"https:\/\/nextsnkr.com\/lv\/wp-json\/wp\/v2\/types\/product"}],"replies":[{"embeddable":true,"href":"https:\/\/nextsnkr.com\/lv\/wp-json\/wp\/v2\/comments?post=759697"}],"version-history":[{"count":0,"href":"https:\/\/nextsnkr.com\/lv\/wp-json\/wp\/v2\/product\/759697\/revisions"}],"wp:featuredmedia":[{"embeddable":true,"href":"https:\/\/nextsnkr.com\/lv\/wp-json\/wp\/v2\/media\/759702"}],"wp:attachment":[{"href":"https:\/\/nextsnkr.com\/lv\/wp-json\/wp\/v2\/media?parent=759697"}],"wp:term":[{"taxonomy":"product_brand","embeddable":true,"href":"https:\/\/nextsnkr.com\/lv\/wp-json\/wp\/v2\/product_brand?post=759697"},{"taxonomy":"product_cat","embeddable":true,"href":"https:\/\/nextsnkr.com\/lv\/wp-json\/wp\/v2\/product_cat?post=759697"},{"taxonomy":"product_tag","embeddable":true,"href":"https:\/\/nextsnkr.com\/lv\/wp-json\/wp\/v2\/product_tag?post=759697"}],"curies":[{"name":"wp","href":"https:\/\/api.w.org\/{rel}","templated":true}]}}