{"id":759439,"date":"2025-06-13T12:25:44","date_gmt":"2025-06-13T09:25:44","guid":{"rendered":"https:\/\/nextsnkr.com\/product\/500-black\/"},"modified":"2026-02-02T15:15:26","modified_gmt":"2026-02-02T12:15:26","slug":"500-black","status":"publish","type":"product","link":"https:\/\/nextsnkr.com\/lv\/product\/500-black\/","title":{"rendered":"\u010c\u012bbas 500 melnas &#8211; v\u012brie\u0161u zam\u0161\u0101das melnas \u010d\u012bbas"},"content":{"rendered":"<h2>\u010c\u012bbas 500 melnas &#8211; v\u012brie\u0161u zam\u0161\u0101das melnas \u010d\u012bbas<\/h2>\n<p>&nbsp;<\/p>\n<p>500 Black \u010d\u012bbas ir stil\u012bgs un daudzpus\u012bgs modelis, kas izgatavots no iztur\u012bgas zam\u0161\u0101das, nodro\u0161inot komfortu un iztur\u012bbu. Pateicoties klasiskajam melnajam dizainam, \u0161\u012bs kedas ir viegli savienojamas p\u0101r\u012b ar ikdienas un sporta ap\u0123\u0113rbu. Kvalitat\u012bva \u0136\u012bnas ra\u017eo\u0161ana garant\u0113 izpildes precizit\u0101ti un dro\u0161u piem\u0113rot\u012bbu. Ide\u0101la izv\u0113le ikdienas lieto\u0161anai, \u0101ra aktivit\u0101t\u0113m un pils\u0113tas stilam. Komfortam un kodol\u012bgam izskatam izv\u0113lieties 500 Black \u010d\u012bbas.<\/p>\n","protected":false},"excerpt":{"rendered":"<p>500 Black \u010d\u012bbas ir stil\u012bgs un daudzpus\u012bgs modelis, kas izgatavots no iztur\u012bgas zam\u0161\u0101das, nodro\u0161inot komfortu un iztur\u012bbu. Pateicoties klasiskajam melnajam dizainam, \u0161\u012bs kedas ir viegli savienojamas p\u0101r\u012b ar ikdienas un sporta ap\u0123\u0113rbu. Kvalitat\u012bva \u0136\u012bnas ra\u017eo\u0161ana garant\u0113 izpildes precizit\u0101ti un dro\u0161u piem\u0113rot\u012bbu. Ide\u0101la izv\u0113le ikdienas lieto\u0161anai, \u0101ra aktivit\u0101t\u0113m un pils\u0113tas stilam. Komfortam un kodol\u012bgam izskatam izv\u0113lieties 500 Black \u010d\u012bbas.<\/p>\n","protected":false},"featured_media":759443,"comment_status":"open","ping_status":"open","template":"","meta":[],"product_brand":[],"product_cat":[3251,3252],"product_tag":[],"class_list":{"0":"post-759439","1":"product","2":"type-product","3":"status-publish","4":"has-post-thumbnail","6":"product_cat-all-product","7":"product_cat-krosivky","8":"pa_rozmir-910","9":"pa_rozmir-912","10":"pa_rozmir-914","11":"pa_rozmir-915","12":"pa_rozmir-916","13":"pa_rozmir-917","14":"pa_rozmir-918","15":"pa_rozmir-919","16":"pa_rozmir-920","17":"pa_rozmir-921","18":"pa_rozmir-922","20":"first","21":"instock","22":"purchasable","23":"product-type-variable"},"_links":{"self":[{"href":"https:\/\/nextsnkr.com\/lv\/wp-json\/wp\/v2\/product\/759439","targetHints":{"allow":["GET"]}}],"collection":[{"href":"https:\/\/nextsnkr.com\/lv\/wp-json\/wp\/v2\/product"}],"about":[{"href":"https:\/\/nextsnkr.com\/lv\/wp-json\/wp\/v2\/types\/product"}],"replies":[{"embeddable":true,"href":"https:\/\/nextsnkr.com\/lv\/wp-json\/wp\/v2\/comments?post=759439"}],"version-history":[{"count":0,"href":"https:\/\/nextsnkr.com\/lv\/wp-json\/wp\/v2\/product\/759439\/revisions"}],"wp:featuredmedia":[{"embeddable":true,"href":"https:\/\/nextsnkr.com\/lv\/wp-json\/wp\/v2\/media\/759443"}],"wp:attachment":[{"href":"https:\/\/nextsnkr.com\/lv\/wp-json\/wp\/v2\/media?parent=759439"}],"wp:term":[{"taxonomy":"product_brand","embeddable":true,"href":"https:\/\/nextsnkr.com\/lv\/wp-json\/wp\/v2\/product_brand?post=759439"},{"taxonomy":"product_cat","embeddable":true,"href":"https:\/\/nextsnkr.com\/lv\/wp-json\/wp\/v2\/product_cat?post=759439"},{"taxonomy":"product_tag","embeddable":true,"href":"https:\/\/nextsnkr.com\/lv\/wp-json\/wp\/v2\/product_tag?post=759439"}],"curies":[{"name":"wp","href":"https:\/\/api.w.org\/{rel}","templated":true}]}}