{"id":759131,"date":"2025-06-13T12:26:06","date_gmt":"2025-06-13T09:26:06","guid":{"rendered":"https:\/\/nextsnkr.com\/product\/500-lemon\/"},"modified":"2026-02-02T15:15:17","modified_gmt":"2026-02-02T12:15:17","slug":"500-lemon","status":"publish","type":"product","link":"https:\/\/nextsnkr.com\/lv\/product\/500-lemon\/","title":{"rendered":"500 citronu \u010d\u012bbas-stil\u012bgas zam\u0161\u0101das dzeltenas krosas"},"content":{"rendered":"<h2>500 citronu \u010d\u012bbas-stil\u012bgas zam\u0161\u0101das dzeltenas krosas<\/h2>\n<p>&nbsp;<\/p>\n<p>500 citronu \u010d\u012bbas ir spilgts un moderns modelis, kas pie\u0161\u0137ir izskatam svaigumu un person\u012bbu. Izgatavoti no m\u012bkstas zam\u0161\u0101das, tie nodro\u0161ina komfortu un pat\u012bkamu piegul\u0161anu ikdienas valk\u0101\u0161anas laik\u0101. Iztur\u012bg\u0101 zole garant\u0113 stabilit\u0101ti un nodilumiztur\u012bbu, un vieglais dizains padara \u010d\u012bbas \u0113rtas akt\u012bvam dz\u012bves tempam. \u0160\u012bs dzelten\u0101s \u010d\u012bbas, kas ra\u017eotas \u0136\u012bn\u0101, k\u013c\u016bs par stil\u012bgu akcentu j\u016bsu dr\u0113bju skap\u012b. Izv\u0113lieties 500 citronu-komfortu un spilgtumu katr\u0101 sol\u012b.<\/p>\n","protected":false},"excerpt":{"rendered":"<p>500 citronu \u010d\u012bbas ir spilgts un moderns modelis, kas pie\u0161\u0137ir izskatam svaigumu un person\u012bbu. Izgatavoti no m\u012bkstas zam\u0161\u0101das, tie nodro\u0161ina komfortu un pat\u012bkamu piegul\u0161anu ikdienas valk\u0101\u0161anas laik\u0101. Iztur\u012bg\u0101 zole garant\u0113 stabilit\u0101ti un nodilumiztur\u012bbu, un vieglais dizains padara \u010d\u012bbas \u0113rtas akt\u012bvam dz\u012bves tempam. \u0160\u012bs dzelten\u0101s \u010d\u012bbas, kas ra\u017eotas \u0136\u012bn\u0101, k\u013c\u016bs par stil\u012bgu akcentu j\u016bsu dr\u0113bju skap\u012b. Izv\u0113lieties 500 citronu-komfortu un spilgtumu katr\u0101 sol\u012b.<\/p>\n","protected":false},"featured_media":759135,"comment_status":"open","ping_status":"open","template":"","meta":[],"product_brand":[],"product_cat":[3251,3252],"product_tag":[],"class_list":{"0":"post-759131","1":"product","2":"type-product","3":"status-publish","4":"has-post-thumbnail","6":"product_cat-all-product","7":"product_cat-krosivky","8":"pa_rozmir-910","9":"pa_rozmir-912","10":"pa_rozmir-914","11":"pa_rozmir-915","12":"pa_rozmir-916","13":"pa_rozmir-917","14":"pa_rozmir-918","15":"pa_rozmir-919","16":"pa_rozmir-920","17":"pa_rozmir-921","18":"pa_rozmir-922","20":"first","21":"instock","22":"purchasable","23":"product-type-variable"},"_links":{"self":[{"href":"https:\/\/nextsnkr.com\/lv\/wp-json\/wp\/v2\/product\/759131","targetHints":{"allow":["GET"]}}],"collection":[{"href":"https:\/\/nextsnkr.com\/lv\/wp-json\/wp\/v2\/product"}],"about":[{"href":"https:\/\/nextsnkr.com\/lv\/wp-json\/wp\/v2\/types\/product"}],"replies":[{"embeddable":true,"href":"https:\/\/nextsnkr.com\/lv\/wp-json\/wp\/v2\/comments?post=759131"}],"version-history":[{"count":0,"href":"https:\/\/nextsnkr.com\/lv\/wp-json\/wp\/v2\/product\/759131\/revisions"}],"wp:featuredmedia":[{"embeddable":true,"href":"https:\/\/nextsnkr.com\/lv\/wp-json\/wp\/v2\/media\/759135"}],"wp:attachment":[{"href":"https:\/\/nextsnkr.com\/lv\/wp-json\/wp\/v2\/media?parent=759131"}],"wp:term":[{"taxonomy":"product_brand","embeddable":true,"href":"https:\/\/nextsnkr.com\/lv\/wp-json\/wp\/v2\/product_brand?post=759131"},{"taxonomy":"product_cat","embeddable":true,"href":"https:\/\/nextsnkr.com\/lv\/wp-json\/wp\/v2\/product_cat?post=759131"},{"taxonomy":"product_tag","embeddable":true,"href":"https:\/\/nextsnkr.com\/lv\/wp-json\/wp\/v2\/product_tag?post=759131"}],"curies":[{"name":"wp","href":"https:\/\/api.w.org\/{rel}","templated":true}]}}