{"id":758671,"date":"2025-06-18T19:11:40","date_gmt":"2025-06-18T16:11:40","guid":{"rendered":"https:\/\/nextsnkr.com\/product\/miu-miu-light-cream-slides\/"},"modified":"2026-02-02T15:14:54","modified_gmt":"2026-02-02T12:14:54","slug":"miu-miu-light-cream-slides","status":"publish","type":"product","link":"https:\/\/nextsnkr.com\/lv\/product\/miu-miu-light-cream-slides\/","title":{"rendered":"\u010c\u012bbas MIU MIU Light Cream slaidi &#8211; \u0101das sievie\u0161u flip flops"},"content":{"rendered":"<h2>\u010c\u012bbas MIU MIU Light Cream slaidi &#8211; \u0101das sievie\u0161u flip flops<\/h2>\n<p>&nbsp;<\/p>\n<p>MIU MIU Light Cream Slides ir izgatavotas no augstas kvalit\u0101tes \u0101das, kas nodro\u0161ina komfortu un iztur\u012bbu. Stil\u012bgs, gai\u0161s kr\u0113mkr\u0101sas toni, padara tos ide\u0101li vasaras sezon\u0101 un ikdienas lieto\u0161anai. Vieglas un \u0113rtas ie\u0161\u013c\u016bcenes no z\u012bmola MIU MIU izcels j\u016bsu stils ir elegants un b\u016bs praktisks papildin\u0101jums jebkuram t\u0113lam. Ra\u017eo\u0161ana-Turcija.<\/p>\n","protected":false},"excerpt":{"rendered":"<p>MIU MIU Light Cream Slides ir izgatavotas no augstas kvalit\u0101tes \u0101das, kas nodro\u0161ina komfortu un iztur\u012bbu. Stil\u012bgs, gai\u0161s kr\u0113mkr\u0101sas toni, padara tos ide\u0101li vasaras sezon\u0101 un ikdienas lieto\u0161anai. Vieglas un \u0113rtas ie\u0161\u013c\u016bcenes no z\u012bmola MIU MIU izcels j\u016bsu stils ir elegants un b\u016bs praktisks papildin\u0101jums jebkuram t\u0113lam. Ra\u017eo\u0161ana-Turcija.<\/p>\n","protected":false},"featured_media":758675,"comment_status":"open","ping_status":"open","template":"","meta":[],"product_brand":[],"product_cat":[3251,3424],"product_tag":[],"class_list":{"0":"post-758671","1":"product","2":"type-product","3":"status-publish","4":"has-post-thumbnail","6":"product_cat-all-product","7":"product_cat-shlopantsi","8":"pa_rozmir-910","9":"pa_rozmir-912","10":"pa_rozmir-914","11":"pa_rozmir-915","12":"pa_rozmir-916","13":"pa_rozmir-917","14":"pa_rozmir-918","15":"pa_rozmir-919","16":"pa_rozmir-920","17":"pa_rozmir-921","18":"pa_rozmir-922","20":"first","21":"instock","22":"purchasable","23":"product-type-variable"},"_links":{"self":[{"href":"https:\/\/nextsnkr.com\/lv\/wp-json\/wp\/v2\/product\/758671","targetHints":{"allow":["GET"]}}],"collection":[{"href":"https:\/\/nextsnkr.com\/lv\/wp-json\/wp\/v2\/product"}],"about":[{"href":"https:\/\/nextsnkr.com\/lv\/wp-json\/wp\/v2\/types\/product"}],"replies":[{"embeddable":true,"href":"https:\/\/nextsnkr.com\/lv\/wp-json\/wp\/v2\/comments?post=758671"}],"version-history":[{"count":0,"href":"https:\/\/nextsnkr.com\/lv\/wp-json\/wp\/v2\/product\/758671\/revisions"}],"wp:featuredmedia":[{"embeddable":true,"href":"https:\/\/nextsnkr.com\/lv\/wp-json\/wp\/v2\/media\/758675"}],"wp:attachment":[{"href":"https:\/\/nextsnkr.com\/lv\/wp-json\/wp\/v2\/media?parent=758671"}],"wp:term":[{"taxonomy":"product_brand","embeddable":true,"href":"https:\/\/nextsnkr.com\/lv\/wp-json\/wp\/v2\/product_brand?post=758671"},{"taxonomy":"product_cat","embeddable":true,"href":"https:\/\/nextsnkr.com\/lv\/wp-json\/wp\/v2\/product_cat?post=758671"},{"taxonomy":"product_tag","embeddable":true,"href":"https:\/\/nextsnkr.com\/lv\/wp-json\/wp\/v2\/product_tag?post=758671"}],"curies":[{"name":"wp","href":"https:\/\/api.w.org\/{rel}","templated":true}]}}