{"id":758467,"date":"2025-06-13T12:26:52","date_gmt":"2025-06-13T09:26:52","guid":{"rendered":"https:\/\/nextsnkr.com\/product\/350-v2-mono-clay\/"},"modified":"2026-02-02T15:14:50","modified_gmt":"2026-02-02T12:14:50","slug":"350-v2-mono-clay","status":"publish","type":"product","link":"https:\/\/nextsnkr.com\/lv\/product\/350-v2-mono-clay\/","title":{"rendered":"350 V2 Mono m\u0101la \u010d\u012bbas-viegls tekstila stil\u012bgs v\u012brietis"},"content":{"rendered":"<h2>350 V2 Mono m\u0101la \u010d\u012bbas-viegls tekstila stil\u012bgs v\u012brietis<\/h2>\n<p>&nbsp;<\/p>\n<p>350 V2 mono m\u0101la \u010d\u012bbas ir m\u016bsdien\u012bgs dizains, komforts un praktiskums ikdienas lieto\u0161an\u0101. Modelis ir izgatavots no elpojo\u0161iem tekstilizstr\u0101d\u0101jumiem, kas nodro\u0161ina vieglumu un ventil\u0101ciju akt\u012bvu pastaigu vai treni\u0146u laik\u0101. \u0112rta amortiz\u0101cijas zole rada dabisku p\u0113das atbalstu, samazinot nogurumu. Stil\u012bgais mono m\u0101la tonis pie\u0161\u0137ir izskatam ori\u0123inalit\u0101ti. Izv\u0113lieties 350 V2 Mono m\u0101la-komfortu un stilu katr\u0101 sol\u012b.<\/p>\n","protected":false},"excerpt":{"rendered":"<p>350 V2 mono m\u0101la \u010d\u012bbas ir m\u016bsdien\u012bgs dizains, komforts un praktiskums ikdienas lieto\u0161an\u0101. Modelis ir izgatavots no elpojo\u0161iem tekstilizstr\u0101d\u0101jumiem, kas nodro\u0161ina vieglumu un ventil\u0101ciju akt\u012bvu pastaigu vai treni\u0146u laik\u0101. \u0112rta amortiz\u0101cijas zole rada dabisku p\u0113das atbalstu, samazinot nogurumu. Stil\u012bgais mono m\u0101la tonis pie\u0161\u0137ir izskatam ori\u0123inalit\u0101ti. Izv\u0113lieties 350 V2 Mono m\u0101la-komfortu un stilu katr\u0101 sol\u012b.<\/p>\n","protected":false},"featured_media":758468,"comment_status":"open","ping_status":"open","template":"","meta":[],"product_brand":[],"product_cat":[3251,3252],"product_tag":[],"class_list":{"0":"post-758467","1":"product","2":"type-product","3":"status-publish","4":"has-post-thumbnail","6":"product_cat-all-product","7":"product_cat-krosivky","8":"pa_rozmir-910","9":"pa_rozmir-912","10":"pa_rozmir-914","11":"pa_rozmir-915","12":"pa_rozmir-916","13":"pa_rozmir-917","14":"pa_rozmir-918","15":"pa_rozmir-919","16":"pa_rozmir-920","17":"pa_rozmir-921","18":"pa_rozmir-922","20":"first","21":"instock","22":"purchasable","23":"product-type-variable"},"_links":{"self":[{"href":"https:\/\/nextsnkr.com\/lv\/wp-json\/wp\/v2\/product\/758467","targetHints":{"allow":["GET"]}}],"collection":[{"href":"https:\/\/nextsnkr.com\/lv\/wp-json\/wp\/v2\/product"}],"about":[{"href":"https:\/\/nextsnkr.com\/lv\/wp-json\/wp\/v2\/types\/product"}],"replies":[{"embeddable":true,"href":"https:\/\/nextsnkr.com\/lv\/wp-json\/wp\/v2\/comments?post=758467"}],"version-history":[{"count":0,"href":"https:\/\/nextsnkr.com\/lv\/wp-json\/wp\/v2\/product\/758467\/revisions"}],"wp:featuredmedia":[{"embeddable":true,"href":"https:\/\/nextsnkr.com\/lv\/wp-json\/wp\/v2\/media\/758468"}],"wp:attachment":[{"href":"https:\/\/nextsnkr.com\/lv\/wp-json\/wp\/v2\/media?parent=758467"}],"wp:term":[{"taxonomy":"product_brand","embeddable":true,"href":"https:\/\/nextsnkr.com\/lv\/wp-json\/wp\/v2\/product_brand?post=758467"},{"taxonomy":"product_cat","embeddable":true,"href":"https:\/\/nextsnkr.com\/lv\/wp-json\/wp\/v2\/product_cat?post=758467"},{"taxonomy":"product_tag","embeddable":true,"href":"https:\/\/nextsnkr.com\/lv\/wp-json\/wp\/v2\/product_tag?post=758467"}],"curies":[{"name":"wp","href":"https:\/\/api.w.org\/{rel}","templated":true}]}}