{"id":757789,"date":"2025-06-18T19:14:44","date_gmt":"2025-06-18T16:14:44","guid":{"rendered":"https:\/\/nextsnkr.com\/product\/adidas-adilette-peach-slides\/"},"modified":"2026-02-02T15:14:24","modified_gmt":"2026-02-02T12:14:24","slug":"adidas-adilette-peach-slides","status":"publish","type":"product","link":"https:\/\/nextsnkr.com\/lv\/product\/adidas-adilette-peach-slides\/","title":{"rendered":"ADIDAS Adilette Peach Slides \u010d\u012bbas komfortam un atp\u016btai"},"content":{"rendered":"<h2>ADIDAS Adilette Peach Slides \u010d\u012bbas komfortam un atp\u016btai<\/h2>\n<p>&nbsp;<\/p>\n<p>Stil\u012bg\u0101s ADIDAS Adilette Peach Slides \u010d\u012bbas ir izgatavotas no viegla un iztur\u012bga EVA materi\u0101la, kas nodro\u0161ina \u0113rt\u012bbas un komfortu ikdienas valk\u0101\u0161anas laik\u0101. Lieliski piem\u0113roti m\u0101j\u0101m, pludmalei vai pastaig\u0101m, \u0161ie sl\u0101nek\u013ci apvieno Adidas z\u012bmola kvalit\u0101ti un m\u016bsdien\u012bgu dizainu. Praktiska, viegla un nodilumiztur\u012bga ir ide\u0101la izv\u0113le akt\u012bvam dz\u012bvesveidam.<\/p>\n","protected":false},"excerpt":{"rendered":"<p>Stil\u012bg\u0101s ADIDAS Adilette Peach Slides \u010d\u012bbas ir izgatavotas no viegla un iztur\u012bga EVA materi\u0101la, kas nodro\u0161ina \u0113rt\u012bbas un komfortu ikdienas valk\u0101\u0161anas laik\u0101. Lieliski piem\u0113roti m\u0101j\u0101m, pludmalei vai pastaig\u0101m, \u0161ie sl\u0101nek\u013ci apvieno Adidas z\u012bmola kvalit\u0101ti un m\u016bsdien\u012bgu dizainu. Praktiska, viegla un nodilumiztur\u012bga ir ide\u0101la izv\u0113le akt\u012bvam dz\u012bvesveidam.<\/p>\n","protected":false},"featured_media":757790,"comment_status":"open","ping_status":"open","template":"","meta":[],"product_brand":[],"product_cat":[3251,3424],"product_tag":[],"class_list":{"0":"post-757789","1":"product","2":"type-product","3":"status-publish","4":"has-post-thumbnail","6":"product_cat-all-product","7":"product_cat-shlopantsi","8":"pa_rozmir-910","9":"pa_rozmir-912","10":"pa_rozmir-914","11":"pa_rozmir-915","12":"pa_rozmir-916","13":"pa_rozmir-917","14":"pa_rozmir-918","15":"pa_rozmir-919","16":"pa_rozmir-920","17":"pa_rozmir-921","18":"pa_rozmir-922","20":"first","21":"instock","22":"purchasable","23":"product-type-variable"},"_links":{"self":[{"href":"https:\/\/nextsnkr.com\/lv\/wp-json\/wp\/v2\/product\/757789","targetHints":{"allow":["GET"]}}],"collection":[{"href":"https:\/\/nextsnkr.com\/lv\/wp-json\/wp\/v2\/product"}],"about":[{"href":"https:\/\/nextsnkr.com\/lv\/wp-json\/wp\/v2\/types\/product"}],"replies":[{"embeddable":true,"href":"https:\/\/nextsnkr.com\/lv\/wp-json\/wp\/v2\/comments?post=757789"}],"version-history":[{"count":0,"href":"https:\/\/nextsnkr.com\/lv\/wp-json\/wp\/v2\/product\/757789\/revisions"}],"wp:featuredmedia":[{"embeddable":true,"href":"https:\/\/nextsnkr.com\/lv\/wp-json\/wp\/v2\/media\/757790"}],"wp:attachment":[{"href":"https:\/\/nextsnkr.com\/lv\/wp-json\/wp\/v2\/media?parent=757789"}],"wp:term":[{"taxonomy":"product_brand","embeddable":true,"href":"https:\/\/nextsnkr.com\/lv\/wp-json\/wp\/v2\/product_brand?post=757789"},{"taxonomy":"product_cat","embeddable":true,"href":"https:\/\/nextsnkr.com\/lv\/wp-json\/wp\/v2\/product_cat?post=757789"},{"taxonomy":"product_tag","embeddable":true,"href":"https:\/\/nextsnkr.com\/lv\/wp-json\/wp\/v2\/product_tag?post=757789"}],"curies":[{"name":"wp","href":"https:\/\/api.w.org\/{rel}","templated":true}]}}