{"id":757450,"date":"2025-06-18T19:16:37","date_gmt":"2025-06-18T16:16:37","guid":{"rendered":"https:\/\/nextsnkr.com\/product\/balenciaga-3xl-sandals-black\/"},"modified":"2026-02-02T15:14:16","modified_gmt":"2026-02-02T12:14:16","slug":"balenciaga-3xl-sandals-black","status":"publish","type":"product","link":"https:\/\/nextsnkr.com\/lv\/product\/balenciaga-3xl-sandals-black\/","title":{"rendered":"BALENCIAGA 3XL Black sandales-\u0100das un tekstila stil\u012bgas sandales"},"content":{"rendered":"<h2>BALENCIAGA 3XL Black sandales-\u0100das un tekstila stil\u012bgas sandales<\/h2>\n<p>&nbsp;<\/p>\n<p>BALENCIAGA 3XL SANDALS BLACK ir augst\u0101k\u0101s kvalit\u0101tes Balenciaga z\u012bmola sandales, kas izgatavotas no augstas kvalit\u0101tes \u0101das un tekstilizstr\u0101d\u0101jumiem. Modelis apvieno modernu dizainu, komfortu un iztur\u012bbu, piem\u0113rots ikdienas valk\u0101\u0161anai un vasaras pastaig\u0101m. Ra\u017eo\u0161ana \u0136\u012bn\u0101 garant\u0113 izpildes precizit\u0101ti un materi\u0101lu kvalit\u0101ti. Ide\u0101la izv\u0113le tiem, kas nov\u0113rt\u0113 stilu, \u0113rt\u012bbas un z\u012bmola apavus.<\/p>\n","protected":false},"excerpt":{"rendered":"<p>BALENCIAGA 3XL SANDALS BLACK ir augst\u0101k\u0101s kvalit\u0101tes Balenciaga z\u012bmola sandales, kas izgatavotas no augstas kvalit\u0101tes \u0101das un tekstilizstr\u0101d\u0101jumiem. Modelis apvieno modernu dizainu, komfortu un iztur\u012bbu, piem\u0113rots ikdienas valk\u0101\u0161anai un vasaras pastaig\u0101m. Ra\u017eo\u0161ana \u0136\u012bn\u0101 garant\u0113 izpildes precizit\u0101ti un materi\u0101lu kvalit\u0101ti. Ide\u0101la izv\u0113le tiem, kas nov\u0113rt\u0113 stilu, \u0113rt\u012bbas un z\u012bmola apavus.<\/p>\n","protected":false},"featured_media":757451,"comment_status":"open","ping_status":"open","template":"","meta":[],"product_brand":[],"product_cat":[3251,3451],"product_tag":[],"class_list":{"0":"post-757450","1":"product","2":"type-product","3":"status-publish","4":"has-post-thumbnail","6":"product_cat-all-product","7":"product_cat-sandali","8":"pa_rozmir-910","9":"pa_rozmir-912","10":"pa_rozmir-914","11":"pa_rozmir-915","12":"pa_rozmir-916","13":"pa_rozmir-917","14":"pa_rozmir-918","15":"pa_rozmir-919","16":"pa_rozmir-920","17":"pa_rozmir-921","18":"pa_rozmir-922","20":"first","21":"instock","22":"purchasable","23":"product-type-variable"},"_links":{"self":[{"href":"https:\/\/nextsnkr.com\/lv\/wp-json\/wp\/v2\/product\/757450","targetHints":{"allow":["GET"]}}],"collection":[{"href":"https:\/\/nextsnkr.com\/lv\/wp-json\/wp\/v2\/product"}],"about":[{"href":"https:\/\/nextsnkr.com\/lv\/wp-json\/wp\/v2\/types\/product"}],"replies":[{"embeddable":true,"href":"https:\/\/nextsnkr.com\/lv\/wp-json\/wp\/v2\/comments?post=757450"}],"version-history":[{"count":0,"href":"https:\/\/nextsnkr.com\/lv\/wp-json\/wp\/v2\/product\/757450\/revisions"}],"wp:featuredmedia":[{"embeddable":true,"href":"https:\/\/nextsnkr.com\/lv\/wp-json\/wp\/v2\/media\/757451"}],"wp:attachment":[{"href":"https:\/\/nextsnkr.com\/lv\/wp-json\/wp\/v2\/media?parent=757450"}],"wp:term":[{"taxonomy":"product_brand","embeddable":true,"href":"https:\/\/nextsnkr.com\/lv\/wp-json\/wp\/v2\/product_brand?post=757450"},{"taxonomy":"product_cat","embeddable":true,"href":"https:\/\/nextsnkr.com\/lv\/wp-json\/wp\/v2\/product_cat?post=757450"},{"taxonomy":"product_tag","embeddable":true,"href":"https:\/\/nextsnkr.com\/lv\/wp-json\/wp\/v2\/product_tag?post=757450"}],"curies":[{"name":"wp","href":"https:\/\/api.w.org\/{rel}","templated":true}]}}