{"id":755582,"date":"2025-06-14T20:48:56","date_gmt":"2025-06-14T17:48:56","guid":{"rendered":"https:\/\/nextsnkr.com\/product\/nike-air-jordan-1-retro-high-dark-mocha\/"},"modified":"2026-02-02T15:13:09","modified_gmt":"2026-02-02T12:13:09","slug":"nike-air-jordan-1-retro-high-dark-mocha","status":"publish","type":"product","link":"https:\/\/nextsnkr.com\/lv\/product\/nike-air-jordan-1-retro-high-dark-mocha\/","title":{"rendered":"Nike Air Jordan 1 Retro High Dark Mocha \u010d\u012bbas-v\u012brie\u0161u \u0101das \u010d\u012bbas"},"content":{"rendered":"<h2>Nike Air Jordan 1 Retro High Dark Mocha \u010d\u012bbas-v\u012brie\u0161u \u0101das \u010d\u012bbas<\/h2>\n<p>&nbsp;<\/p>\n<p>Nike Air Jordan 1 Retro High Dark Mocha \u010d\u012bbas ir izgatavotas no augstas kvalit\u0101tes \u0101das, kas nodro\u0161ina iztur\u012bbu, komfortu un iztur\u012bbu. Klasisk\u0101 tum\u0161\u0101 moka kr\u0101sa pie\u0161\u0137ir stil\u012bgu akcentu un viegli sapl\u016bst ar pils\u0113tas un sporta dr\u0113bju skapi. Augsts griezums un p\u0101rdom\u0101ta zole garant\u0113 dro\u0161u fiks\u0101ciju un amortiz\u0101ciju pastaigas laik\u0101. Izv\u0113lieties Nike Air Jordan 1 Retro High Dark Mocha, lai apvienotu augst\u0101k\u0101s kvalit\u0101tes dizainu, komfortu un m\u016bsdien\u012bgu stilu.<\/p>\n","protected":false},"excerpt":{"rendered":"<p>Nike Air Jordan 1 Retro High Dark Mocha \u010d\u012bbas ir izgatavotas no augstas kvalit\u0101tes \u0101das, kas nodro\u0161ina iztur\u012bbu, komfortu un iztur\u012bbu. Klasisk\u0101 tum\u0161\u0101 moka kr\u0101sa pie\u0161\u0137ir stil\u012bgu akcentu un viegli sapl\u016bst ar pils\u0113tas un sporta dr\u0113bju skapi. Augsts griezums un p\u0101rdom\u0101ta zole garant\u0113 dro\u0161u fiks\u0101ciju un amortiz\u0101ciju pastaigas laik\u0101. Izv\u0113lieties Nike Air Jordan 1 Retro High Dark Mocha, lai apvienotu augst\u0101k\u0101s kvalit\u0101tes dizainu, komfortu un m\u016bsdien\u012bgu stilu.<\/p>\n","protected":false},"featured_media":755583,"comment_status":"open","ping_status":"open","template":"","meta":[],"product_brand":[],"product_cat":[3387,3251,3322],"product_tag":[],"class_list":{"0":"post-755582","1":"product","2":"type-product","3":"status-publish","4":"has-post-thumbnail","6":"product_cat-nike-jordan","7":"product_cat-all-product","8":"product_cat-kedy","9":"pa_rozmir-910","10":"pa_rozmir-912","11":"pa_rozmir-914","12":"pa_rozmir-915","13":"pa_rozmir-916","14":"pa_rozmir-917","15":"pa_rozmir-918","16":"pa_rozmir-919","17":"pa_rozmir-920","18":"pa_rozmir-921","19":"pa_rozmir-922","21":"first","22":"onbackorder","23":"purchasable","24":"product-type-variable"},"_links":{"self":[{"href":"https:\/\/nextsnkr.com\/lv\/wp-json\/wp\/v2\/product\/755582","targetHints":{"allow":["GET"]}}],"collection":[{"href":"https:\/\/nextsnkr.com\/lv\/wp-json\/wp\/v2\/product"}],"about":[{"href":"https:\/\/nextsnkr.com\/lv\/wp-json\/wp\/v2\/types\/product"}],"replies":[{"embeddable":true,"href":"https:\/\/nextsnkr.com\/lv\/wp-json\/wp\/v2\/comments?post=755582"}],"version-history":[{"count":0,"href":"https:\/\/nextsnkr.com\/lv\/wp-json\/wp\/v2\/product\/755582\/revisions"}],"wp:featuredmedia":[{"embeddable":true,"href":"https:\/\/nextsnkr.com\/lv\/wp-json\/wp\/v2\/media\/755583"}],"wp:attachment":[{"href":"https:\/\/nextsnkr.com\/lv\/wp-json\/wp\/v2\/media?parent=755582"}],"wp:term":[{"taxonomy":"product_brand","embeddable":true,"href":"https:\/\/nextsnkr.com\/lv\/wp-json\/wp\/v2\/product_brand?post=755582"},{"taxonomy":"product_cat","embeddable":true,"href":"https:\/\/nextsnkr.com\/lv\/wp-json\/wp\/v2\/product_cat?post=755582"},{"taxonomy":"product_tag","embeddable":true,"href":"https:\/\/nextsnkr.com\/lv\/wp-json\/wp\/v2\/product_tag?post=755582"}],"curies":[{"name":"wp","href":"https:\/\/api.w.org\/{rel}","templated":true}]}}