{"id":755072,"date":"2025-06-14T20:51:36","date_gmt":"2025-06-14T17:51:36","guid":{"rendered":"https:\/\/nextsnkr.com\/product\/jordan-1-retro-grey-pink\/"},"modified":"2026-02-02T15:12:45","modified_gmt":"2026-02-02T12:12:45","slug":"jordan-1-retro-grey-pink","status":"publish","type":"product","link":"https:\/\/nextsnkr.com\/lv\/product\/jordan-1-retro-grey-pink\/","title":{"rendered":"Jordan 1 Retro Grey Pink \u010d\u012bbas-sievie\u0161u \u0101das stil\u012bgas \u010d\u012bbas"},"content":{"rendered":"<h2>Jordan 1 Retro Grey Pink \u010d\u012bbas-sievie\u0161u \u0101das stil\u012bgas \u010d\u012bbas<\/h2>\n<p>&nbsp;<\/p>\n<p>Jordan 1 Retro Grey Pink \u010d\u012bbas ir m\u016bsdien\u012bgs \u012astas \u0101das modelis, kas apvieno komfortu un iztur\u012bbu. Pel\u0113k\u0101 un roz\u0101 kr\u0101sa rada modernu un daudzpus\u012bgu izskatu, kas viegli atbilst ikdienas un sportiskajam stilam. \u0112rta zole nodro\u0161ina triecienu absorbciju un stabilit\u0101ti, ejot, un iztur\u012bgi materi\u0101li garant\u0113 ilgsto\u0161u valk\u0101\u0161anu. \u0160\u012bs \u010d\u012bbas, kas izgatavotas Vjetnam\u0101, ir lieliski piem\u0113rotas akt\u012bvai dz\u012bvei un stil\u012bgam izskatam katru dienu. Izv\u0113lieties Jordan 1 Retro, lai ieg\u016btu p\u0101rliecino\u0161u un modernu stilu.<\/p>\n","protected":false},"excerpt":{"rendered":"<p>Jordan 1 Retro Grey Pink \u010d\u012bbas ir m\u016bsdien\u012bgs \u012astas \u0101das modelis, kas apvieno komfortu un iztur\u012bbu. Pel\u0113k\u0101 un roz\u0101 kr\u0101sa rada modernu un daudzpus\u012bgu izskatu, kas viegli atbilst ikdienas un sportiskajam stilam. \u0112rta zole nodro\u0161ina triecienu absorbciju un stabilit\u0101ti, ejot, un iztur\u012bgi materi\u0101li garant\u0113 ilgsto\u0161u valk\u0101\u0161anu. \u0160\u012bs \u010d\u012bbas, kas izgatavotas Vjetnam\u0101, ir lieliski piem\u0113rotas akt\u012bvai dz\u012bvei un stil\u012bgam izskatam katru dienu. Izv\u0113lieties Jordan 1 Retro, lai ieg\u016btu p\u0101rliecino\u0161u un modernu stilu.<\/p>\n","protected":false},"featured_media":755073,"comment_status":"open","ping_status":"open","template":"","meta":[],"product_brand":[],"product_cat":[3387,3251,3322],"product_tag":[],"class_list":{"0":"post-755072","1":"product","2":"type-product","3":"status-publish","4":"has-post-thumbnail","6":"product_cat-nike-jordan","7":"product_cat-all-product","8":"product_cat-kedy","9":"pa_rozmir-910","10":"pa_rozmir-912","11":"pa_rozmir-914","12":"pa_rozmir-915","13":"pa_rozmir-916","14":"pa_rozmir-917","15":"pa_rozmir-918","16":"pa_rozmir-919","17":"pa_rozmir-920","18":"pa_rozmir-921","19":"pa_rozmir-922","21":"first","22":"instock","23":"purchasable","24":"product-type-variable"},"_links":{"self":[{"href":"https:\/\/nextsnkr.com\/lv\/wp-json\/wp\/v2\/product\/755072","targetHints":{"allow":["GET"]}}],"collection":[{"href":"https:\/\/nextsnkr.com\/lv\/wp-json\/wp\/v2\/product"}],"about":[{"href":"https:\/\/nextsnkr.com\/lv\/wp-json\/wp\/v2\/types\/product"}],"replies":[{"embeddable":true,"href":"https:\/\/nextsnkr.com\/lv\/wp-json\/wp\/v2\/comments?post=755072"}],"version-history":[{"count":0,"href":"https:\/\/nextsnkr.com\/lv\/wp-json\/wp\/v2\/product\/755072\/revisions"}],"wp:featuredmedia":[{"embeddable":true,"href":"https:\/\/nextsnkr.com\/lv\/wp-json\/wp\/v2\/media\/755073"}],"wp:attachment":[{"href":"https:\/\/nextsnkr.com\/lv\/wp-json\/wp\/v2\/media?parent=755072"}],"wp:term":[{"taxonomy":"product_brand","embeddable":true,"href":"https:\/\/nextsnkr.com\/lv\/wp-json\/wp\/v2\/product_brand?post=755072"},{"taxonomy":"product_cat","embeddable":true,"href":"https:\/\/nextsnkr.com\/lv\/wp-json\/wp\/v2\/product_cat?post=755072"},{"taxonomy":"product_tag","embeddable":true,"href":"https:\/\/nextsnkr.com\/lv\/wp-json\/wp\/v2\/product_tag?post=755072"}],"curies":[{"name":"wp","href":"https:\/\/api.w.org\/{rel}","templated":true}]}}