{"id":753883,"date":"2025-06-13T12:32:03","date_gmt":"2025-06-13T09:32:03","guid":{"rendered":"https:\/\/nextsnkr.com\/product\/chanel-dad-sandals-beige-premium\/"},"modified":"2026-02-02T15:12:03","modified_gmt":"2026-02-02T12:12:03","slug":"chanel-dad-sandals-beige-premium","status":"publish","type":"product","link":"https:\/\/nextsnkr.com\/lv\/product\/chanel-dad-sandals-beige-premium\/","title":{"rendered":"Chanel &#8221; Dad &#8221; Sandals Beige Premium sandales-stil\u012bgas sievie\u0161u sandales"},"content":{"rendered":"<h2>Chanel &#8221; Dad &#8221; Sandals Beige Premium sandales-stil\u012bgas sievie\u0161u sandales<\/h2>\n<p>&nbsp;<\/p>\n<p>Chanel &#8221; Dad &#8221; Sandals Beige Premium sievie\u0161u sandales ir moderna dizaina un ikdienas komforta kombin\u0101cija. Izgatavoti no iztur\u012bgas gumijas, tie ir viegli, nodilumiztur\u012bgi un \u0113rti staig\u0101jami. B\u0113\u0161a kr\u0101sa pie\u0161\u0137ir izsmalcin\u0101t\u012bbu un viegli sapl\u016bst ar jebkuru vasaras izskatu. Stil\u012bgas un praktiskas Chanel sandales b\u016bs ide\u0101la izv\u0113le pils\u0113tai, atp\u016btai un ce\u013cojumiem.<\/p>\n","protected":false},"excerpt":{"rendered":"<p>Chanel &#8221; Dad &#8221; Sandals Beige Premium sievie\u0161u sandales ir moderna dizaina un ikdienas komforta kombin\u0101cija. Izgatavoti no iztur\u012bgas gumijas, tie ir viegli, nodilumiztur\u012bgi un \u0113rti staig\u0101jami. B\u0113\u0161a kr\u0101sa pie\u0161\u0137ir izsmalcin\u0101t\u012bbu un viegli sapl\u016bst ar jebkuru vasaras izskatu. Stil\u012bgas un praktiskas Chanel sandales b\u016bs ide\u0101la izv\u0113le pils\u0113tai, atp\u016btai un ce\u013cojumiem.<\/p>\n","protected":false},"featured_media":753884,"comment_status":"open","ping_status":"open","template":"","meta":[],"product_brand":[],"product_cat":[3251,3451],"product_tag":[],"class_list":{"0":"post-753883","1":"product","2":"type-product","3":"status-publish","4":"has-post-thumbnail","6":"product_cat-all-product","7":"product_cat-sandali","8":"pa_rozmir-910","9":"pa_rozmir-912","10":"pa_rozmir-914","11":"pa_rozmir-915","12":"pa_rozmir-916","13":"pa_rozmir-917","14":"pa_rozmir-918","15":"pa_rozmir-919","16":"pa_rozmir-920","17":"pa_rozmir-921","18":"pa_rozmir-922","20":"first","21":"instock","22":"purchasable","23":"product-type-variable"},"_links":{"self":[{"href":"https:\/\/nextsnkr.com\/lv\/wp-json\/wp\/v2\/product\/753883","targetHints":{"allow":["GET"]}}],"collection":[{"href":"https:\/\/nextsnkr.com\/lv\/wp-json\/wp\/v2\/product"}],"about":[{"href":"https:\/\/nextsnkr.com\/lv\/wp-json\/wp\/v2\/types\/product"}],"replies":[{"embeddable":true,"href":"https:\/\/nextsnkr.com\/lv\/wp-json\/wp\/v2\/comments?post=753883"}],"version-history":[{"count":0,"href":"https:\/\/nextsnkr.com\/lv\/wp-json\/wp\/v2\/product\/753883\/revisions"}],"wp:featuredmedia":[{"embeddable":true,"href":"https:\/\/nextsnkr.com\/lv\/wp-json\/wp\/v2\/media\/753884"}],"wp:attachment":[{"href":"https:\/\/nextsnkr.com\/lv\/wp-json\/wp\/v2\/media?parent=753883"}],"wp:term":[{"taxonomy":"product_brand","embeddable":true,"href":"https:\/\/nextsnkr.com\/lv\/wp-json\/wp\/v2\/product_brand?post=753883"},{"taxonomy":"product_cat","embeddable":true,"href":"https:\/\/nextsnkr.com\/lv\/wp-json\/wp\/v2\/product_cat?post=753883"},{"taxonomy":"product_tag","embeddable":true,"href":"https:\/\/nextsnkr.com\/lv\/wp-json\/wp\/v2\/product_tag?post=753883"}],"curies":[{"name":"wp","href":"https:\/\/api.w.org\/{rel}","templated":true}]}}