{"id":753707,"date":"2025-06-13T12:32:26","date_gmt":"2025-06-13T09:32:26","guid":{"rendered":"https:\/\/nextsnkr.com\/product\/chanel-total-black-crystal\/"},"modified":"2026-02-02T15:11:59","modified_gmt":"2026-02-02T12:11:59","slug":"chanel-total-black-crystal","status":"publish","type":"product","link":"https:\/\/nextsnkr.com\/lv\/product\/chanel-total-black-crystal\/","title":{"rendered":"Chanel Total Black Crystal kedas-stil\u012bgas sievie\u0161u kedas"},"content":{"rendered":"<h2>Chanel Total Black Crystal kedas-stil\u012bgas sievie\u0161u kedas<\/h2>\n<p>&nbsp;<\/p>\n<p>Chanel Total Black Crystal \u010d\u012bbas ir elegants melns zam\u0161\u0101das un tekstila modelis, kas apvieno augst\u0101k\u0101s kvalit\u0101tes dizainu un komfortu. Viegli un \u0113rti, tie nodro\u0161ina pat\u012bkamu piegul\u0161anu un ir piem\u0113roti ikdienas valk\u0101\u0161anai. Stil\u012bgi krist\u0101la akcenti pie\u0161\u0137ir grezn\u012bbu, padarot apavus par spilgtu izskata da\u013cu. Ide\u0101la izv\u0113le Chanel z\u012bmola un m\u016bsdienu pils\u0113tas stila cien\u012bt\u0101jiem.<\/p>\n","protected":false},"excerpt":{"rendered":"<p>Chanel Total Black Crystal \u010d\u012bbas ir elegants melns zam\u0161\u0101das un tekstila modelis, kas apvieno augst\u0101k\u0101s kvalit\u0101tes dizainu un komfortu. Viegli un \u0113rti, tie nodro\u0161ina pat\u012bkamu piegul\u0161anu un ir piem\u0113roti ikdienas valk\u0101\u0161anai. Stil\u012bgi krist\u0101la akcenti pie\u0161\u0137ir grezn\u012bbu, padarot apavus par spilgtu izskata da\u013cu. Ide\u0101la izv\u0113le Chanel z\u012bmola un m\u016bsdienu pils\u0113tas stila cien\u012bt\u0101jiem.<\/p>\n","protected":false},"featured_media":753708,"comment_status":"open","ping_status":"open","template":"","meta":[],"product_brand":[],"product_cat":[3251,3252],"product_tag":[],"class_list":{"0":"post-753707","1":"product","2":"type-product","3":"status-publish","4":"has-post-thumbnail","6":"product_cat-all-product","7":"product_cat-krosivky","8":"pa_rozmir-910","9":"pa_rozmir-912","10":"pa_rozmir-914","11":"pa_rozmir-915","12":"pa_rozmir-916","13":"pa_rozmir-917","14":"pa_rozmir-918","15":"pa_rozmir-919","16":"pa_rozmir-920","17":"pa_rozmir-921","18":"pa_rozmir-922","20":"first","21":"instock","22":"purchasable","23":"product-type-variable"},"_links":{"self":[{"href":"https:\/\/nextsnkr.com\/lv\/wp-json\/wp\/v2\/product\/753707","targetHints":{"allow":["GET"]}}],"collection":[{"href":"https:\/\/nextsnkr.com\/lv\/wp-json\/wp\/v2\/product"}],"about":[{"href":"https:\/\/nextsnkr.com\/lv\/wp-json\/wp\/v2\/types\/product"}],"replies":[{"embeddable":true,"href":"https:\/\/nextsnkr.com\/lv\/wp-json\/wp\/v2\/comments?post=753707"}],"version-history":[{"count":0,"href":"https:\/\/nextsnkr.com\/lv\/wp-json\/wp\/v2\/product\/753707\/revisions"}],"wp:featuredmedia":[{"embeddable":true,"href":"https:\/\/nextsnkr.com\/lv\/wp-json\/wp\/v2\/media\/753708"}],"wp:attachment":[{"href":"https:\/\/nextsnkr.com\/lv\/wp-json\/wp\/v2\/media?parent=753707"}],"wp:term":[{"taxonomy":"product_brand","embeddable":true,"href":"https:\/\/nextsnkr.com\/lv\/wp-json\/wp\/v2\/product_brand?post=753707"},{"taxonomy":"product_cat","embeddable":true,"href":"https:\/\/nextsnkr.com\/lv\/wp-json\/wp\/v2\/product_cat?post=753707"},{"taxonomy":"product_tag","embeddable":true,"href":"https:\/\/nextsnkr.com\/lv\/wp-json\/wp\/v2\/product_tag?post=753707"}],"curies":[{"name":"wp","href":"https:\/\/api.w.org\/{rel}","templated":true}]}}